{"id":38742,"date":"2026-02-27T00:45:32","date_gmt":"2026-02-27T00:45:32","guid":{"rendered":"https:\/\/nordicmart.andreevmaster.com\/product\/songmics-sulkapalloverkko-keltainen\/"},"modified":"2026-02-27T10:00:42","modified_gmt":"2026-02-27T10:00:42","slug":"songmics-sulkapalloverkko-keltainen","status":"publish","type":"product","link":"https:\/\/nordicmart.andreevmaster.com\/fi\/tuote\/songmics-sulkapalloverkko-keltainen\/","title":{"rendered":"SONGMICS sulkapalloverkko, keltainen"},"content":{"rendered":"<p>Ulkona on aurinkoista ja vihre\u00e4\u00e4, mutta perheesi roikkuu television tai \u00e4lypuhelimen \u00e4\u00e4ress\u00e4? T\u00e4n\u00e4 kev\u00e4\u00e4n\u00e4 ja kes\u00e4n\u00e4 voit vihdoin houkutella heid\u00e4t takaisin puutarhaan: pelatkaa yhdess\u00e4 sulkapalloa! Ilman s\u00e4hk\u00f6laitteita tai muita h\u00e4iri\u00f6tekij\u00f6it\u00e4 lapsesi voivat pit\u00e4\u00e4 hauskaa luonnossa ja pelata sulkapalloa tuntikausia. T\u00e4m\u00e4n SONGMICS-sulkapalloverkon avulla sinusta tulee perheen t\u00e4hti ja ykk\u00f6spelikumppani!<\/p>\n<p>T\u00e4ss\u00e4 ovat SONGMICS-sulkapalloverkon kohokohdat:<\/p>\n<p>&#8211; 107, 120 ja 155 cm korkeudeltaan s\u00e4\u00e4dett\u00e4v\u00e4 verkko merkinn\u00f6ill\u00e4.<br \/>\n&#8211; Sopii moniin verkkopeleihin: sulkapalloon, tennikseen, lentopalloon jne.<br \/>\n&#8211; Asennettavissa ja purettavissa muutamassa minuutissa.<br \/>\n&#8211; Mukana 4 maakiilaa vakautta lis\u00e4\u00e4m\u00e4\u00e4n.<br \/>\n&#8211; Verkon jalustojen nelj\u00e4\u00e4n suuntaan avautuvat nailonliitokset on valmistettu samasta materiaalista, jota k\u00e4ytet\u00e4\u00e4n iskunvaimentimien valmistuksessa. Siksi ne ovat erityisen kest\u00e4vi\u00e4 ja lujia.<br \/>\n&#8211; Mukana toimitetaan my\u00f6s kuljetuskassi.<\/p>\n<p>T\u00e4m\u00e4 sarja sis\u00e4lt\u00e4\u00e4 tihe\u00e4silm\u00e4isen verkon ja tukevat rautatangot. Sen avulla voit luoda pelikent\u00e4n sekunneissa puutarhaan, takapihalle, puistoon, rannalle tai kuntosalille. Juokse sitten sulkapallon per\u00e4ss\u00e4 ja pelaa villi sulkapallopeli yst\u00e4vien tai perheen kanssa. Tuotetiedot:<\/p>\n<p>&#8211; V\u00e4ri: musta-keltainen<br \/>\n&#8211; Materiaali: rautatangot, PE-verkko (polyeteeni), Oxford-kangas<br \/>\n&#8211; Koko: 300 x 103 x 155 cm (P x L x K)<br \/>\n&#8211; Rautatangon halkaisija: 19 mm<br \/>\n&#8211; Paino: 3,8 kg<br \/>\nToimitus sis\u00e4lt\u00e4\u00e4:<\/p>\n<p>&#8211; 1 x sulkapalloverkko<br \/>\n&#8211; 1 x kuljetuslaukku<br \/>\n&#8211; 4 x maakiila<br \/>\n&#8211; 1 x k\u00e4ytt\u00f6ohje (DE, EN, FR, ES, IT)<\/p>\n","protected":false},"excerpt":{"rendered":"<p>SONGMICS 3 m sulkapalloverkko, tennisverkko, korkeuss\u00e4\u00e4dett\u00e4v\u00e4, sarja koostuu verkosta, tukevasta rautakehyksest\u00e4 ja kuljetuslaukusta, keltainen SYQ300Y<\/p>\n","protected":false},"featured_media":46491,"comment_status":"open","ping_status":"closed","template":"","meta":[],"product_brand":[],"product_cat":[32],"product_tag":[],"class_list":{"0":"post-38742","1":"product","2":"type-product","3":"status-publish","4":"has-post-thumbnail","6":"product_cat-uncategorized-fi","8":"first","9":"instock","10":"shipping-taxable","11":"purchasable","12":"product-type-simple"},"_links":{"self":[{"href":"https:\/\/nordicmart.andreevmaster.com\/fi\/wp-json\/wp\/v2\/product\/38742","targetHints":{"allow":["GET"]}}],"collection":[{"href":"https:\/\/nordicmart.andreevmaster.com\/fi\/wp-json\/wp\/v2\/product"}],"about":[{"href":"https:\/\/nordicmart.andreevmaster.com\/fi\/wp-json\/wp\/v2\/types\/product"}],"replies":[{"embeddable":true,"href":"https:\/\/nordicmart.andreevmaster.com\/fi\/wp-json\/wp\/v2\/comments?post=38742"}],"wp:featuredmedia":[{"embeddable":true,"href":"https:\/\/nordicmart.andreevmaster.com\/fi\/wp-json\/wp\/v2\/media\/46491"}],"wp:attachment":[{"href":"https:\/\/nordicmart.andreevmaster.com\/fi\/wp-json\/wp\/v2\/media?parent=38742"}],"wp:term":[{"taxonomy":"product_brand","embeddable":true,"href":"https:\/\/nordicmart.andreevmaster.com\/fi\/wp-json\/wp\/v2\/product_brand?post=38742"},{"taxonomy":"product_cat","embeddable":true,"href":"https:\/\/nordicmart.andreevmaster.com\/fi\/wp-json\/wp\/v2\/product_cat?post=38742"},{"taxonomy":"product_tag","embeddable":true,"href":"https:\/\/nordicmart.andreevmaster.com\/fi\/wp-json\/wp\/v2\/product_tag?post=38742"}],"curies":[{"name":"wp","href":"https:\/\/api.w.org\/{rel}","templated":true}]}}