{"id":38741,"date":"2026-02-27T00:45:32","date_gmt":"2026-02-27T00:45:32","guid":{"rendered":"https:\/\/nordicmart.andreevmaster.com\/product\/songmics-sulkapalloverkko-sininen\/"},"modified":"2026-02-27T10:00:42","modified_gmt":"2026-02-27T10:00:42","slug":"songmics-sulkapalloverkko-sininen","status":"publish","type":"product","link":"https:\/\/nordicmart.andreevmaster.com\/fi\/tuote\/songmics-sulkapalloverkko-sininen\/","title":{"rendered":"SONGMICS sulkapalloverkko, sininen"},"content":{"rendered":"<p>Tuotetiedot: Materiaali: Rautaputket + PE-verkko + Oxford-kangas Rautaputkien halkaisija: 19 mm Tuotteen mitat: 300 x 155 x 103 cm (L x K x S) V\u00e4ri: Musta (runko), musta (verkko) Pakkauksen sis\u00e4lt\u00f6: 1 x sulkapalloverkko, 1 x kantolaukku, 4 x maakiilaa, 1 x k\u00e4ytt\u00f6ohjeet (DE, EN, FR, IT, ES).<\/p>\n","protected":false},"excerpt":{"rendered":"<p>SONGMICS 3 m sulkapalloverkko, tennisverkko, korkeuss\u00e4\u00e4dett\u00e4v\u00e4, sarja koostuu verkosta, tukevasta rautakehyksest\u00e4 ja kuljetuslaukusta, keltainen SYQ300Y<\/p>\n","protected":false},"featured_media":46490,"comment_status":"open","ping_status":"closed","template":"","meta":[],"product_brand":[],"product_cat":[32],"product_tag":[],"class_list":{"0":"post-38741","1":"product","2":"type-product","3":"status-publish","4":"has-post-thumbnail","6":"product_cat-uncategorized-fi","8":"first","9":"instock","10":"shipping-taxable","11":"purchasable","12":"product-type-simple"},"_links":{"self":[{"href":"https:\/\/nordicmart.andreevmaster.com\/fi\/wp-json\/wp\/v2\/product\/38741","targetHints":{"allow":["GET"]}}],"collection":[{"href":"https:\/\/nordicmart.andreevmaster.com\/fi\/wp-json\/wp\/v2\/product"}],"about":[{"href":"https:\/\/nordicmart.andreevmaster.com\/fi\/wp-json\/wp\/v2\/types\/product"}],"replies":[{"embeddable":true,"href":"https:\/\/nordicmart.andreevmaster.com\/fi\/wp-json\/wp\/v2\/comments?post=38741"}],"wp:featuredmedia":[{"embeddable":true,"href":"https:\/\/nordicmart.andreevmaster.com\/fi\/wp-json\/wp\/v2\/media\/46490"}],"wp:attachment":[{"href":"https:\/\/nordicmart.andreevmaster.com\/fi\/wp-json\/wp\/v2\/media?parent=38741"}],"wp:term":[{"taxonomy":"product_brand","embeddable":true,"href":"https:\/\/nordicmart.andreevmaster.com\/fi\/wp-json\/wp\/v2\/product_brand?post=38741"},{"taxonomy":"product_cat","embeddable":true,"href":"https:\/\/nordicmart.andreevmaster.com\/fi\/wp-json\/wp\/v2\/product_cat?post=38741"},{"taxonomy":"product_tag","embeddable":true,"href":"https:\/\/nordicmart.andreevmaster.com\/fi\/wp-json\/wp\/v2\/product_tag?post=38741"}],"curies":[{"name":"wp","href":"https:\/\/api.w.org\/{rel}","templated":true}]}}