{"id":38739,"date":"2026-02-27T00:45:32","date_gmt":"2026-02-27T00:45:32","guid":{"rendered":"https:\/\/nordicmart.andreevmaster.com\/product\/korkeussaadettava-sulkapalloverkko-jalustalla\/"},"modified":"2026-02-27T10:00:42","modified_gmt":"2026-02-27T10:00:42","slug":"korkeussaadettava-sulkapalloverkko-jalustalla","status":"publish","type":"product","link":"https:\/\/nordicmart.andreevmaster.com\/fi\/tuote\/korkeussaadettava-sulkapalloverkko-jalustalla\/","title":{"rendered":"Korkeuss\u00e4\u00e4dett\u00e4v\u00e4 sulkapalloverkko jalustalla"},"content":{"rendered":"<p>Tuotekuvaus: Asenna sulkapalloverkko mihin tahansa ja milloin tahansa, jotta sin\u00e4 ja perheesi voitte nauttia pelist\u00e4. Tuotetiedot: &#8211; Materiaali: rautaputki + PE-verkko + Oxford-kangas &#8211; Rautaputkien halkaisija: 19 mm &#8211; Tuotteen mitat: 300 x 155 x 103 cm (L x K x S) &#8211; V\u00e4ri: musta (runko); musta (verkko)Toimitus sis\u00e4lt\u00e4\u00e4:- 1x sulkapalloverkko- 1x kantolaukku- 4x maakiila- 1x k\u00e4ytt\u00f6ohje (DE, EN, FR, IT, ES)<\/p>\n","protected":false},"excerpt":{"rendered":"<p>Tuotekuvaus: Asenna sulkapalloverkko mihin tahansa ja milloin tahansa, jotta sin\u00e4 ja perheesi voitte nauttia pelist\u00e4. Tuotetiedot: &#8211; Materiaali: rautaputki + PE-verkko + Oxford-kangas &#8211; Rautaputkien halkaisija: 19 mm &#8211; Tuotteen mitat: 300 x 155 x 103 cm (L x K x S) &#8211; V\u00e4ri: musta (runko); musta (verkko)Toimitus sis\u00e4lt\u00e4\u00e4:- 1x sulkapalloverkko- 1x kantolaukku- 4x maakiila- [&hellip;]<\/p>\n","protected":false},"featured_media":0,"comment_status":"open","ping_status":"closed","template":"","meta":[],"product_brand":[],"product_cat":[32],"product_tag":[],"class_list":{"0":"post-38739","1":"product","2":"type-product","3":"status-publish","5":"product_cat-uncategorized-fi","7":"first","8":"instock","9":"shipping-taxable","10":"product-type-simple"},"_links":{"self":[{"href":"https:\/\/nordicmart.andreevmaster.com\/fi\/wp-json\/wp\/v2\/product\/38739","targetHints":{"allow":["GET"]}}],"collection":[{"href":"https:\/\/nordicmart.andreevmaster.com\/fi\/wp-json\/wp\/v2\/product"}],"about":[{"href":"https:\/\/nordicmart.andreevmaster.com\/fi\/wp-json\/wp\/v2\/types\/product"}],"replies":[{"embeddable":true,"href":"https:\/\/nordicmart.andreevmaster.com\/fi\/wp-json\/wp\/v2\/comments?post=38739"}],"wp:attachment":[{"href":"https:\/\/nordicmart.andreevmaster.com\/fi\/wp-json\/wp\/v2\/media?parent=38739"}],"wp:term":[{"taxonomy":"product_brand","embeddable":true,"href":"https:\/\/nordicmart.andreevmaster.com\/fi\/wp-json\/wp\/v2\/product_brand?post=38739"},{"taxonomy":"product_cat","embeddable":true,"href":"https:\/\/nordicmart.andreevmaster.com\/fi\/wp-json\/wp\/v2\/product_cat?post=38739"},{"taxonomy":"product_tag","embeddable":true,"href":"https:\/\/nordicmart.andreevmaster.com\/fi\/wp-json\/wp\/v2\/product_tag?post=38739"}],"curies":[{"name":"wp","href":"https:\/\/api.w.org\/{rel}","templated":true}]}}