{"id":38738,"date":"2026-02-27T00:45:31","date_gmt":"2026-02-27T00:45:31","guid":{"rendered":"https:\/\/nordicmart.andreevmaster.com\/product\/badmintonnet-bla-2\/"},"modified":"2026-02-27T10:00:41","modified_gmt":"2026-02-27T10:00:41","slug":"badmintonnet-bla-2","status":"publish","type":"product","link":"https:\/\/nordicmart.andreevmaster.com\/fi\/tuote\/badmintonnet-bla-2\/","title":{"rendered":"Badmintonnet bl\u00e5"},"content":{"rendered":"<p>Tuotetiedot: Materiaali: Rautaputki + PE-verkko + Oxford-kangas Rautaputken halkaisija: 19 mm Tuotteen mitat: 300 x 155 x 103 cm (L x K x S) V\u00e4ri: Musta (runko), musta (verkko) Pakkauksen sis\u00e4lt\u00f6: 1x sulkapalloverkko, 1x kantolaukku, 4x maakiila, 1x k\u00e4ytt\u00f6ohje (DE, EN, FR, IT, ES).<\/p>\n","protected":false},"excerpt":{"rendered":"<p>Tuotetiedot: Materiaali: Rautaputki + PE-verkko + Oxford-kangas Rautaputken halkaisija: 19 mm Tuotteen mitat: 300 x 155 x 103 cm (L x K x S) V\u00e4ri: Musta (runko), musta (verkko) Pakkauksen sis\u00e4lt\u00f6: 1x sulkapalloverkko, 1x kantolaukku, 4x maakiila, 1x k\u00e4ytt\u00f6ohje (DE, EN, FR, IT, ES).<\/p>\n","protected":false},"featured_media":0,"comment_status":"open","ping_status":"closed","template":"","meta":[],"product_brand":[],"product_cat":[32],"product_tag":[],"class_list":{"0":"post-38738","1":"product","2":"type-product","3":"status-publish","5":"product_cat-uncategorized-fi","7":"first","8":"instock","9":"shipping-taxable","10":"product-type-simple"},"_links":{"self":[{"href":"https:\/\/nordicmart.andreevmaster.com\/fi\/wp-json\/wp\/v2\/product\/38738","targetHints":{"allow":["GET"]}}],"collection":[{"href":"https:\/\/nordicmart.andreevmaster.com\/fi\/wp-json\/wp\/v2\/product"}],"about":[{"href":"https:\/\/nordicmart.andreevmaster.com\/fi\/wp-json\/wp\/v2\/types\/product"}],"replies":[{"embeddable":true,"href":"https:\/\/nordicmart.andreevmaster.com\/fi\/wp-json\/wp\/v2\/comments?post=38738"}],"wp:attachment":[{"href":"https:\/\/nordicmart.andreevmaster.com\/fi\/wp-json\/wp\/v2\/media?parent=38738"}],"wp:term":[{"taxonomy":"product_brand","embeddable":true,"href":"https:\/\/nordicmart.andreevmaster.com\/fi\/wp-json\/wp\/v2\/product_brand?post=38738"},{"taxonomy":"product_cat","embeddable":true,"href":"https:\/\/nordicmart.andreevmaster.com\/fi\/wp-json\/wp\/v2\/product_cat?post=38738"},{"taxonomy":"product_tag","embeddable":true,"href":"https:\/\/nordicmart.andreevmaster.com\/fi\/wp-json\/wp\/v2\/product_tag?post=38738"}],"curies":[{"name":"wp","href":"https:\/\/api.w.org\/{rel}","templated":true}]}}