{"id":38720,"date":"2026-02-27T00:45:26","date_gmt":"2026-02-27T00:45:26","guid":{"rendered":"https:\/\/nordicmart.andreevmaster.com\/product\/songmics-kasipainosetti-3-paria-2-x-1-kg\/"},"modified":"2026-02-27T10:00:37","modified_gmt":"2026-02-27T10:00:37","slug":"songmics-kasipainosetti-3-paria-2-x-1-kg","status":"publish","type":"product","link":"https:\/\/nordicmart.andreevmaster.com\/fi\/tuote\/songmics-kasipainosetti-3-paria-2-x-1-kg\/","title":{"rendered":"SONGMICS k\u00e4sipainosetti, 3 paria, 2 x 1 kg"},"content":{"rendered":"<p>Aloita harjoittelu k\u00e4sipainoilla !Aloita nyt lihasten vahvistaminen !Naiset, jotka haluavat aloittaa voimaharjoittelun tai harrastavat sit\u00e4 satunnaisesti, eiv\u00e4t saa j\u00e4tt\u00e4\u00e4 t\u00e4t\u00e4 k\u00e4sipainosarjaa v\u00e4liin. Hanki n\u00e4m\u00e4 k\u00e4sipainot ja sis\u00e4llyt\u00e4 s\u00e4\u00e4nn\u00f6llinen k\u00e4sipainoharjoittelu treenirutiiniisi! K\u00e4tev\u00e4 yhdistelm\u00e4 kevyelle treenille! Jotkut k\u00e4sipainot ovat liian painavia ja eiv\u00e4t sovi aloittelijoille. Silloin on t\u00e4m\u00e4n kevyen k\u00e4sipainosetin aika! T\u00e4m\u00e4 sarja, joka koostuu 1 kg:n, 2 kg:n ja 3 kg:n k\u00e4sipainoista, on hitti aloittelijoille ja ihmisille, jotka haluavat laihtua, vahvistaa k\u00e4sivarsien ja hartioiden voimaa tai vahvistaa reisien ja pakaroiden lihaksia.Toimitus sis\u00e4lt\u00e4\u00e4 6 x k\u00e4sipaino 1 x k\u00e4sipainoteline PP-muovista Tuotetiedot V\u00e4ri: limen vihre\u00e4, akvamariini ja harmaa Materiaali: valurauta, neopreenipinnoite Paino: 2 x 1 kg, 2 x 2 kg, 2 x 3 kg 1 kg: 13,5 x 6,5 x 6 cm (P x L x K); 9 cm (kahvan pituus) 2 kg: 16 x 8 x 7,5 cm (P x L x K); 10 cm (kahvan pituus) 3 kg: 20 x 9 x 8,5 cm (P x L x K); 11,5 cm (kahvan pituus)<\/p>\n","protected":false},"excerpt":{"rendered":"<p>Hantel-setti, 3 paria, 2 x 1 kg, 2 x 2 kg, 2 x 3 kg, s\u00e4ilytys, kuntosali, voimaharjoittelu, luistamaton neopreenipinnoite, vaaleanpunainen, akvamariini, sininen<\/p>\n","protected":false},"featured_media":46471,"comment_status":"open","ping_status":"closed","template":"","meta":[],"product_brand":[],"product_cat":[32],"product_tag":[],"class_list":{"0":"post-38720","1":"product","2":"type-product","3":"status-publish","4":"has-post-thumbnail","6":"product_cat-uncategorized-fi","8":"first","9":"instock","10":"shipping-taxable","11":"purchasable","12":"product-type-simple"},"_links":{"self":[{"href":"https:\/\/nordicmart.andreevmaster.com\/fi\/wp-json\/wp\/v2\/product\/38720","targetHints":{"allow":["GET"]}}],"collection":[{"href":"https:\/\/nordicmart.andreevmaster.com\/fi\/wp-json\/wp\/v2\/product"}],"about":[{"href":"https:\/\/nordicmart.andreevmaster.com\/fi\/wp-json\/wp\/v2\/types\/product"}],"replies":[{"embeddable":true,"href":"https:\/\/nordicmart.andreevmaster.com\/fi\/wp-json\/wp\/v2\/comments?post=38720"}],"wp:featuredmedia":[{"embeddable":true,"href":"https:\/\/nordicmart.andreevmaster.com\/fi\/wp-json\/wp\/v2\/media\/46471"}],"wp:attachment":[{"href":"https:\/\/nordicmart.andreevmaster.com\/fi\/wp-json\/wp\/v2\/media?parent=38720"}],"wp:term":[{"taxonomy":"product_brand","embeddable":true,"href":"https:\/\/nordicmart.andreevmaster.com\/fi\/wp-json\/wp\/v2\/product_brand?post=38720"},{"taxonomy":"product_cat","embeddable":true,"href":"https:\/\/nordicmart.andreevmaster.com\/fi\/wp-json\/wp\/v2\/product_cat?post=38720"},{"taxonomy":"product_tag","embeddable":true,"href":"https:\/\/nordicmart.andreevmaster.com\/fi\/wp-json\/wp\/v2\/product_tag?post=38720"}],"curies":[{"name":"wp","href":"https:\/\/api.w.org\/{rel}","templated":true}]}}