{"id":38713,"date":"2026-02-27T00:45:24","date_gmt":"2026-02-27T00:45:24","guid":{"rendered":"https:\/\/nordicmart.andreevmaster.com\/product\/songmics-2-in-1-kasipainot-kasipainosetti-terasputkiliitoksella-2-x-10-kg-musta\/"},"modified":"2026-02-27T10:00:36","modified_gmt":"2026-02-27T10:00:36","slug":"songmics-2-in-1-kasipainot-kasipainosetti-terasputkiliitoksella-2-x-10-kg-musta","status":"publish","type":"product","link":"https:\/\/nordicmart.andreevmaster.com\/fi\/tuote\/songmics-2-in-1-kasipainot-kasipainosetti-terasputkiliitoksella-2-x-10-kg-musta\/","title":{"rendered":"SONGMICS 2-in-1-k\u00e4sipainot, k\u00e4sipainosetti ter\u00e4sputkiliitoksella, 2 x 10 kg, musta"},"content":{"rendered":"<p>SONGMICS tarjoaa aina parhaat kuntoiluv\u00e4lineet niille, jotka haluavat saavuttaa ihanteellisen kunnon. Uusi k\u00e4sipainosettimme on suunniteltu tarjoamaan sinulle optimaalisen harjoittelukokemuksen ilman aika- tai tilarajoituksia.  Se mahdollistaa sinulle:  Oman harjoitusrutiinin mukauttamisen: Erilaiset levyt helpottavat painojen s\u00e4\u00e4t\u00e4mist\u00e4 yksinkertaisilla yhdistelmill\u00e4 harjoittelun intensiteetin mukaan, mik\u00e4 s\u00e4\u00e4st\u00e4\u00e4 rahaa ja tilaa lis\u00e4painoille.  Siirty\u00e4 vaivattomasti barbell-tankoon:  Erityisesti mukana toimitetun barbell-liittimen avulla saat barbell-tangon hetkess\u00e4. Se tarjoaa sinulle enemm\u00e4n mahdollisuuksia kehitt\u00e4\u00e4 eri kehon osien lihaksia ja saavuttaa n\u00e4in parempi harjoittelukokemus.  Suositeltavat vapaasti valittavat yhdistelm\u00e4t:  6 kg: 4 x 1,25 kg, 2 x tankoa, 4 x t\u00e4htilukkoa 10 kg: 4 x 1,25 kg, 4 x 1 kg, 2 x tankoa, 4 x t\u00e4htilukkoa 16 kg: 4 x 2,5 kg, 4 x 1,25 kg, 2 x tankoa, 4 x t\u00e4htilukkoa 20 kg: 4 x 2,5 kg, 4 x 1,25 kg, 4 x 1 kg, 2 x tankoa, 4 x t\u00e4htilukkoa Tuotetiedot:  -V\u00e4ri: musta -Materiaali: PP-muovi, betoni- ja rautit\u00e4yte Toimitus sis\u00e4lt\u00e4\u00e4: SYL20HBK &#8211; 4 x 2,5 kg levy &#8211; 4 x 1,25 kg levy &#8211; 4 x 1 kg levy &#8211; 2 x tanko &#8211; 4 x t\u00e4htilukko &#8211; 1 x ter\u00e4sputki SONGICSin ohjeet: -\u00c4l\u00e4 s\u00e4ilyt\u00e4 k\u00e4sipainoja korkealla.-Lapset eiv\u00e4t saa leikki\u00e4 k\u00e4sipainoilla. -Laske k\u00e4sipainot varovasti alas harjoituksen j\u00e4lkeen, jotta v\u00e4lt\u00e4t loukkaantumiset.<\/p>\n","protected":false},"excerpt":{"rendered":"<p>2-in-1-k\u00e4sipainot, k\u00e4sipainosetti ter\u00e4sputkella, 2 x 10 kg, musta<\/p>\n","protected":false},"featured_media":46464,"comment_status":"open","ping_status":"closed","template":"","meta":[],"product_brand":[],"product_cat":[32],"product_tag":[],"class_list":{"0":"post-38713","1":"product","2":"type-product","3":"status-publish","4":"has-post-thumbnail","6":"product_cat-uncategorized-fi","8":"first","9":"instock","10":"shipping-taxable","11":"purchasable","12":"product-type-simple"},"_links":{"self":[{"href":"https:\/\/nordicmart.andreevmaster.com\/fi\/wp-json\/wp\/v2\/product\/38713","targetHints":{"allow":["GET"]}}],"collection":[{"href":"https:\/\/nordicmart.andreevmaster.com\/fi\/wp-json\/wp\/v2\/product"}],"about":[{"href":"https:\/\/nordicmart.andreevmaster.com\/fi\/wp-json\/wp\/v2\/types\/product"}],"replies":[{"embeddable":true,"href":"https:\/\/nordicmart.andreevmaster.com\/fi\/wp-json\/wp\/v2\/comments?post=38713"}],"wp:featuredmedia":[{"embeddable":true,"href":"https:\/\/nordicmart.andreevmaster.com\/fi\/wp-json\/wp\/v2\/media\/46464"}],"wp:attachment":[{"href":"https:\/\/nordicmart.andreevmaster.com\/fi\/wp-json\/wp\/v2\/media?parent=38713"}],"wp:term":[{"taxonomy":"product_brand","embeddable":true,"href":"https:\/\/nordicmart.andreevmaster.com\/fi\/wp-json\/wp\/v2\/product_brand?post=38713"},{"taxonomy":"product_cat","embeddable":true,"href":"https:\/\/nordicmart.andreevmaster.com\/fi\/wp-json\/wp\/v2\/product_cat?post=38713"},{"taxonomy":"product_tag","embeddable":true,"href":"https:\/\/nordicmart.andreevmaster.com\/fi\/wp-json\/wp\/v2\/product_tag?post=38713"}],"curies":[{"name":"wp","href":"https:\/\/api.w.org\/{rel}","templated":true}]}}