{"id":38711,"date":"2026-02-27T00:45:24","date_gmt":"2026-02-27T00:45:24","guid":{"rendered":"https:\/\/nordicmart.andreevmaster.com\/product\/songmics-kasipainot-2-kpl-tummansininen\/"},"modified":"2026-02-27T10:00:36","modified_gmt":"2026-02-27T10:00:36","slug":"songmics-kasipainot-2-kpl-tummansininen","status":"publish","type":"product","link":"https:\/\/nordicmart.andreevmaster.com\/fi\/tuote\/songmics-kasipainot-2-kpl-tummansininen\/","title":{"rendered":"SONGMICS k\u00e4sipainot, 2 kpl, tummansininen"},"content":{"rendered":"<p>SONGMICS 18 2 kpl k\u00e4sipainosetti k\u00e4sipainot kuntosalipainot vinyyli 2 x 1,5 kg SYL63OG, oranssi, 7 x 15 cm<br \/>\nV\u00e4ri: sininen<br \/>\nMateriaali: valurauta, neopreenipinnoite<br \/>\nKoko: 21 x 10,5 cm (P x L); kahvan koko: 11,5 x 4,1 cm (P x \u00d8)<br \/>\nPaino: 2 x 5 kg<\/p>\n","protected":false},"excerpt":{"rendered":"<p>SONGMICS 18 2 kpl k\u00e4sipainosetti k\u00e4sipainot kuntosalipainot vinyyli 2 x 1,5 kg SYL63OG, oranssi, 7 x 15 cm<\/p>\n","protected":false},"featured_media":46462,"comment_status":"open","ping_status":"closed","template":"","meta":[],"product_brand":[],"product_cat":[32],"product_tag":[],"class_list":{"0":"post-38711","1":"product","2":"type-product","3":"status-publish","4":"has-post-thumbnail","6":"product_cat-uncategorized-fi","8":"first","9":"instock","10":"shipping-taxable","11":"purchasable","12":"product-type-simple"},"_links":{"self":[{"href":"https:\/\/nordicmart.andreevmaster.com\/fi\/wp-json\/wp\/v2\/product\/38711","targetHints":{"allow":["GET"]}}],"collection":[{"href":"https:\/\/nordicmart.andreevmaster.com\/fi\/wp-json\/wp\/v2\/product"}],"about":[{"href":"https:\/\/nordicmart.andreevmaster.com\/fi\/wp-json\/wp\/v2\/types\/product"}],"replies":[{"embeddable":true,"href":"https:\/\/nordicmart.andreevmaster.com\/fi\/wp-json\/wp\/v2\/comments?post=38711"}],"wp:featuredmedia":[{"embeddable":true,"href":"https:\/\/nordicmart.andreevmaster.com\/fi\/wp-json\/wp\/v2\/media\/46462"}],"wp:attachment":[{"href":"https:\/\/nordicmart.andreevmaster.com\/fi\/wp-json\/wp\/v2\/media?parent=38711"}],"wp:term":[{"taxonomy":"product_brand","embeddable":true,"href":"https:\/\/nordicmart.andreevmaster.com\/fi\/wp-json\/wp\/v2\/product_brand?post=38711"},{"taxonomy":"product_cat","embeddable":true,"href":"https:\/\/nordicmart.andreevmaster.com\/fi\/wp-json\/wp\/v2\/product_cat?post=38711"},{"taxonomy":"product_tag","embeddable":true,"href":"https:\/\/nordicmart.andreevmaster.com\/fi\/wp-json\/wp\/v2\/product_tag?post=38711"}],"curies":[{"name":"wp","href":"https:\/\/api.w.org\/{rel}","templated":true}]}}