{"id":38702,"date":"2026-02-27T00:45:21","date_gmt":"2026-02-27T00:45:21","guid":{"rendered":"https:\/\/nordicmart.andreevmaster.com\/product\/songmics-kasipainot-2-kpl-vaaleanpunaiset\/"},"modified":"2026-02-27T10:00:34","modified_gmt":"2026-02-27T10:00:34","slug":"songmics-kasipainot-2-kpl-vaaleanpunaiset","status":"publish","type":"product","link":"https:\/\/nordicmart.andreevmaster.com\/fi\/tuote\/songmics-kasipainot-2-kpl-vaaleanpunaiset\/","title":{"rendered":"SONGMICS k\u00e4sipainot, 2 kpl, vaaleanpunaiset"},"content":{"rendered":"<p>SONGMICS 18 2 kpl k\u00e4sipainosetti k\u00e4sipainot kuntosalipainot vinyyli 2 x 1,5 kg SYL63OG, oranssi, 7 x 15 cm<br \/>\nV\u00e4ri: vaaleanpunainen<br \/>\nMateriaali: valurauta, neopreenipinnoite<br \/>\nKoko: 13,5 x 6,5 cm (P x L); kahvan koko: 9 x 3 cm (P x \u00d8)<br \/>\nPaino: 2 x 1 kg<\/p>\n","protected":false},"excerpt":{"rendered":"<p>SONGMICS 18 2 kpl k\u00e4sipainosetti k\u00e4sipainot kuntosalipainot vinyyli 2 x 1,5 kg SYL63OG, oranssi, 7 x 15 cm<\/p>\n","protected":false},"featured_media":46453,"comment_status":"open","ping_status":"closed","template":"","meta":[],"product_brand":[],"product_cat":[32],"product_tag":[],"class_list":{"0":"post-38702","1":"product","2":"type-product","3":"status-publish","4":"has-post-thumbnail","6":"product_cat-uncategorized-fi","8":"first","9":"instock","10":"shipping-taxable","11":"purchasable","12":"product-type-simple"},"_links":{"self":[{"href":"https:\/\/nordicmart.andreevmaster.com\/fi\/wp-json\/wp\/v2\/product\/38702","targetHints":{"allow":["GET"]}}],"collection":[{"href":"https:\/\/nordicmart.andreevmaster.com\/fi\/wp-json\/wp\/v2\/product"}],"about":[{"href":"https:\/\/nordicmart.andreevmaster.com\/fi\/wp-json\/wp\/v2\/types\/product"}],"replies":[{"embeddable":true,"href":"https:\/\/nordicmart.andreevmaster.com\/fi\/wp-json\/wp\/v2\/comments?post=38702"}],"wp:featuredmedia":[{"embeddable":true,"href":"https:\/\/nordicmart.andreevmaster.com\/fi\/wp-json\/wp\/v2\/media\/46453"}],"wp:attachment":[{"href":"https:\/\/nordicmart.andreevmaster.com\/fi\/wp-json\/wp\/v2\/media?parent=38702"}],"wp:term":[{"taxonomy":"product_brand","embeddable":true,"href":"https:\/\/nordicmart.andreevmaster.com\/fi\/wp-json\/wp\/v2\/product_brand?post=38702"},{"taxonomy":"product_cat","embeddable":true,"href":"https:\/\/nordicmart.andreevmaster.com\/fi\/wp-json\/wp\/v2\/product_cat?post=38702"},{"taxonomy":"product_tag","embeddable":true,"href":"https:\/\/nordicmart.andreevmaster.com\/fi\/wp-json\/wp\/v2\/product_tag?post=38702"}],"curies":[{"name":"wp","href":"https:\/\/api.w.org\/{rel}","templated":true}]}}