{"id":38700,"date":"2026-02-27T00:45:20","date_gmt":"2026-02-27T00:45:20","guid":{"rendered":"https:\/\/nordicmart.andreevmaster.com\/product\/songmics-kasipainosetti-1-15-2-kg\/"},"modified":"2026-02-27T10:00:33","modified_gmt":"2026-02-27T10:00:33","slug":"songmics-kasipainosetti-1-15-2-kg","status":"publish","type":"product","link":"https:\/\/nordicmart.andreevmaster.com\/fi\/tuote\/songmics-kasipainosetti-1-15-2-kg\/","title":{"rendered":"SONGMICS k\u00e4sipainosetti 1, 1,5, 2 kg"},"content":{"rendered":"<p>Oma kuntosali kotona Yh\u00e4 useammat ihmiset eiv\u00e4t halua en\u00e4\u00e4 tehd\u00e4 voimaharjoittelua kuntosalilla, vaan kotona, koska vapailla painoilla voi tehd\u00e4 monia erilaisia harjoituksia. Pienien mittojensa ansiosta k\u00e4sipaino vie vain v\u00e4h\u00e4n tilaa, mutta sopii t\u00e4ydellisesti voimaharjoitteluun suhteellisen raskaiden ja valittavien painojen ansiosta. Tuotetiedot: Materiaali: valurauta ja vinyyli Paino: 2 x 1 kg + 2 x 1,5 kg + 2 x 2 kg V\u00e4ri: keltainen + oranssi + violetti Toimitus sis\u00e4lt\u00e4\u00e4: 6 x k\u00e4sipaino 1 x k\u00e4sipainoteline SONGMICS Huomautukset: Kun k\u00e4sipainoja ei k\u00e4ytet\u00e4, ne tulee asettaa lattialle tai lattian l\u00e4helle. K\u00e4sipainot eiv\u00e4t ole lasten leluja. Aseta ne turvallisesti, jotta v\u00e4lt\u00e4t loukkaantumiset.<\/p>\n","protected":false},"excerpt":{"rendered":"<p>SONGMICS k\u00e4sipainosetti, kuusikulmainen, k\u00e4sipainoteline, 2 x 1 kg, 2 x 1,5 kg, 2 x 2 kg, mattapintainen, neopreenipinnoite, voimaharjoittelu naisille, kotona, kuntosalilla SYL69BK<\/p>\n","protected":false},"featured_media":46451,"comment_status":"open","ping_status":"closed","template":"","meta":[],"product_brand":[],"product_cat":[32],"product_tag":[],"class_list":{"0":"post-38700","1":"product","2":"type-product","3":"status-publish","4":"has-post-thumbnail","6":"product_cat-uncategorized-fi","8":"first","9":"instock","10":"shipping-taxable","11":"purchasable","12":"product-type-simple"},"_links":{"self":[{"href":"https:\/\/nordicmart.andreevmaster.com\/fi\/wp-json\/wp\/v2\/product\/38700","targetHints":{"allow":["GET"]}}],"collection":[{"href":"https:\/\/nordicmart.andreevmaster.com\/fi\/wp-json\/wp\/v2\/product"}],"about":[{"href":"https:\/\/nordicmart.andreevmaster.com\/fi\/wp-json\/wp\/v2\/types\/product"}],"replies":[{"embeddable":true,"href":"https:\/\/nordicmart.andreevmaster.com\/fi\/wp-json\/wp\/v2\/comments?post=38700"}],"wp:featuredmedia":[{"embeddable":true,"href":"https:\/\/nordicmart.andreevmaster.com\/fi\/wp-json\/wp\/v2\/media\/46451"}],"wp:attachment":[{"href":"https:\/\/nordicmart.andreevmaster.com\/fi\/wp-json\/wp\/v2\/media?parent=38700"}],"wp:term":[{"taxonomy":"product_brand","embeddable":true,"href":"https:\/\/nordicmart.andreevmaster.com\/fi\/wp-json\/wp\/v2\/product_brand?post=38700"},{"taxonomy":"product_cat","embeddable":true,"href":"https:\/\/nordicmart.andreevmaster.com\/fi\/wp-json\/wp\/v2\/product_cat?post=38700"},{"taxonomy":"product_tag","embeddable":true,"href":"https:\/\/nordicmart.andreevmaster.com\/fi\/wp-json\/wp\/v2\/product_tag?post=38700"}],"curies":[{"name":"wp","href":"https:\/\/api.w.org\/{rel}","templated":true}]}}