{"id":38696,"date":"2026-02-27T00:45:19","date_gmt":"2026-02-27T00:45:19","guid":{"rendered":"https:\/\/nordicmart.andreevmaster.com\/product\/songmics-kasipainosetti-2-x-2-kg-violetti\/"},"modified":"2026-02-27T10:00:32","modified_gmt":"2026-02-27T10:00:32","slug":"songmics-kasipainosetti-2-x-2-kg-violetti","status":"publish","type":"product","link":"https:\/\/nordicmart.andreevmaster.com\/fi\/tuote\/songmics-kasipainosetti-2-x-2-kg-violetti\/","title":{"rendered":"SONGMICS k\u00e4sipainosetti 2 x 2 kg violetti"},"content":{"rendered":"<p>Oma kuntosali kotona Yh\u00e4 useammat ihmiset haluavat tehd\u00e4 voimaharjoittelunsa kotona kuntosalin sijaan, koska vapailla painoilla voi tehd\u00e4 monia erilaisia harjoituksia. Pienikokoiset k\u00e4sipainot viev\u00e4t vain v\u00e4h\u00e4n tilaa, mutta sopivat t\u00e4ydellisesti voimaharjoitteluun suhteellisen raskaiden ja valittavien painojen ansiosta.Tuotetiedot: Materiaali: valurauta ja vinyyli Toimitus sis\u00e4lt\u00e4\u00e4: 2 x k\u00e4sipaino SONGMICS Huomautukset: Kun k\u00e4sipainoja ei k\u00e4ytet\u00e4, s\u00e4ilyt\u00e4 ne vain lattialla tai lattian l\u00e4hell\u00e4. K\u00e4sipainot eiv\u00e4t ole lasten leluja. S\u00e4ilyt\u00e4 ne turvallisessa paikassa loukkaantumisten v\u00e4ltt\u00e4miseksi.<\/p>\n","protected":false},"excerpt":{"rendered":"<p>SONGMICS Naisten 2 kpl k\u00e4sipainosetti, k\u00e4sipainot, kuntosalipainot, vinyyli, eri paino- ja v\u00e4rivaihtoehdot, 2 x 2 kg SYL64PL, violetti, 16 x 7,5 cm<\/p>\n","protected":false},"featured_media":46447,"comment_status":"open","ping_status":"closed","template":"","meta":[],"product_brand":[],"product_cat":[32],"product_tag":[],"class_list":{"0":"post-38696","1":"product","2":"type-product","3":"status-publish","4":"has-post-thumbnail","6":"product_cat-uncategorized-fi","8":"first","9":"instock","10":"shipping-taxable","11":"purchasable","12":"product-type-simple"},"_links":{"self":[{"href":"https:\/\/nordicmart.andreevmaster.com\/fi\/wp-json\/wp\/v2\/product\/38696","targetHints":{"allow":["GET"]}}],"collection":[{"href":"https:\/\/nordicmart.andreevmaster.com\/fi\/wp-json\/wp\/v2\/product"}],"about":[{"href":"https:\/\/nordicmart.andreevmaster.com\/fi\/wp-json\/wp\/v2\/types\/product"}],"replies":[{"embeddable":true,"href":"https:\/\/nordicmart.andreevmaster.com\/fi\/wp-json\/wp\/v2\/comments?post=38696"}],"wp:featuredmedia":[{"embeddable":true,"href":"https:\/\/nordicmart.andreevmaster.com\/fi\/wp-json\/wp\/v2\/media\/46447"}],"wp:attachment":[{"href":"https:\/\/nordicmart.andreevmaster.com\/fi\/wp-json\/wp\/v2\/media?parent=38696"}],"wp:term":[{"taxonomy":"product_brand","embeddable":true,"href":"https:\/\/nordicmart.andreevmaster.com\/fi\/wp-json\/wp\/v2\/product_brand?post=38696"},{"taxonomy":"product_cat","embeddable":true,"href":"https:\/\/nordicmart.andreevmaster.com\/fi\/wp-json\/wp\/v2\/product_cat?post=38696"},{"taxonomy":"product_tag","embeddable":true,"href":"https:\/\/nordicmart.andreevmaster.com\/fi\/wp-json\/wp\/v2\/product_tag?post=38696"}],"curies":[{"name":"wp","href":"https:\/\/api.w.org\/{rel}","templated":true}]}}