{"id":38693,"date":"2026-02-27T00:45:18","date_gmt":"2026-02-27T00:45:18","guid":{"rendered":"https:\/\/nordicmart.andreevmaster.com\/product\/songmics-kasipainot-2-kpl-2-x-10-kg\/"},"modified":"2026-02-27T10:00:32","modified_gmt":"2026-02-27T10:00:32","slug":"songmics-kasipainot-2-kpl-2-x-10-kg","status":"publish","type":"product","link":"https:\/\/nordicmart.andreevmaster.com\/fi\/tuote\/songmics-kasipainot-2-kpl-2-x-10-kg\/","title":{"rendered":"SONGMICS k\u00e4sipainot, 2 kpl (2 x 10 kg)"},"content":{"rendered":"<p>Luo oma kuntosali n\u00e4ill\u00e4 SONGMICS-k\u00e4sipainoilla! Nyky\u00e4\u00e4n useimmat ihmiset ovat kiireisi\u00e4 ja heill\u00e4 on v\u00e4h\u00e4n aikaa k\u00e4yd\u00e4 kuntosalilla. N\u00e4iden k\u00e4sipainojen avulla voit hy\u00f6dynt\u00e4\u00e4 pienet tauot j\u00e4rkev\u00e4sti ja parantaa kuntoasi kotona, toimistossa tai ulkona. Hanki n\u00e4m\u00e4 tilaa s\u00e4\u00e4st\u00e4v\u00e4t kuntosalilaitteet ja aloita treenaaminen! SONGMICS tarjoaa k\u00e4sipainoja eri painoluokissa ja v\u00e4reiss\u00e4. Tuotetiedot: V\u00e4ri: musta Materiaali: valurauta, vinyylipinnoite Koko: 26 x 13 x 11,5 cm (P x L x K) Kahvan pituus: 11,6 cm Paino per k\u00e4sipaino: 10 kg Toimitus sis\u00e4lt\u00e4\u00e4: 2 x k\u00e4sipaino SONGMICS-ohjeet:Turvallisuussyist\u00e4 \u00e4l\u00e4 s\u00e4ilyt\u00e4 k\u00e4sipainoja korkealla. Lapset eiv\u00e4t saa leikki\u00e4 k\u00e4sipainoilla. Laske k\u00e4sipainot varovasti alas harjoittelun j\u00e4lkeen, jotta v\u00e4lt\u00e4t loukkaantumiset.<\/p>\n","protected":false},"excerpt":{"rendered":"<p>SONGMICS k\u00e4sipainot, 2 kpl, 10 kg, voimaharjoittelu, kotona, toimistossa, kuntosalilla, musta SYL620BK<\/p>\n","protected":false},"featured_media":46444,"comment_status":"open","ping_status":"closed","template":"","meta":[],"product_brand":[],"product_cat":[32],"product_tag":[],"class_list":{"0":"post-38693","1":"product","2":"type-product","3":"status-publish","4":"has-post-thumbnail","6":"product_cat-uncategorized-fi","8":"first","9":"instock","10":"shipping-taxable","11":"purchasable","12":"product-type-simple"},"_links":{"self":[{"href":"https:\/\/nordicmart.andreevmaster.com\/fi\/wp-json\/wp\/v2\/product\/38693","targetHints":{"allow":["GET"]}}],"collection":[{"href":"https:\/\/nordicmart.andreevmaster.com\/fi\/wp-json\/wp\/v2\/product"}],"about":[{"href":"https:\/\/nordicmart.andreevmaster.com\/fi\/wp-json\/wp\/v2\/types\/product"}],"replies":[{"embeddable":true,"href":"https:\/\/nordicmart.andreevmaster.com\/fi\/wp-json\/wp\/v2\/comments?post=38693"}],"wp:featuredmedia":[{"embeddable":true,"href":"https:\/\/nordicmart.andreevmaster.com\/fi\/wp-json\/wp\/v2\/media\/46444"}],"wp:attachment":[{"href":"https:\/\/nordicmart.andreevmaster.com\/fi\/wp-json\/wp\/v2\/media?parent=38693"}],"wp:term":[{"taxonomy":"product_brand","embeddable":true,"href":"https:\/\/nordicmart.andreevmaster.com\/fi\/wp-json\/wp\/v2\/product_brand?post=38693"},{"taxonomy":"product_cat","embeddable":true,"href":"https:\/\/nordicmart.andreevmaster.com\/fi\/wp-json\/wp\/v2\/product_cat?post=38693"},{"taxonomy":"product_tag","embeddable":true,"href":"https:\/\/nordicmart.andreevmaster.com\/fi\/wp-json\/wp\/v2\/product_tag?post=38693"}],"curies":[{"name":"wp","href":"https:\/\/api.w.org\/{rel}","templated":true}]}}