{"id":38689,"date":"2026-02-27T00:45:17","date_gmt":"2026-02-27T00:45:17","guid":{"rendered":"https:\/\/nordicmart.andreevmaster.com\/product\/songmics-kasipainosetti-painotelineella\/"},"modified":"2026-02-27T10:00:31","modified_gmt":"2026-02-27T10:00:31","slug":"songmics-kasipainosetti-painotelineella","status":"publish","type":"product","link":"https:\/\/nordicmart.andreevmaster.com\/fi\/tuote\/songmics-kasipainosetti-painotelineella\/","title":{"rendered":"SONGMICS k\u00e4sipainosetti painotelineell\u00e4"},"content":{"rendered":"<p>Aloita nyt lihasten vahvistaminen! Naiset, jotka haluavat aloittaa voimaharjoittelun tai harrastavat sit\u00e4 satunnaisesti, eiv\u00e4t saisi j\u00e4tt\u00e4\u00e4 t\u00e4t\u00e4 k\u00e4sipainosarjaa v\u00e4liin. Hanki n\u00e4m\u00e4 k\u00e4sipainot ja integroi s\u00e4\u00e4nn\u00f6llinen k\u00e4sipainoharjoittelu treenirutiiniisi! K\u00e4yt\u00e4nn\u00f6llinen yhdistelm\u00e4 kevyelle treenille Jotkut k\u00e4sipainot ovat liian painavia ja eiv\u00e4t sovellu aloittelijoille. Silloin on t\u00e4m\u00e4n kevyen k\u00e4sipainosetin aika! Sen avulla voit vahvistaa lihaksiasi pienell\u00e4 painolla, mutta monilla toistoilla. T\u00e4m\u00e4 sarja, joka koostuu 1 kg:n, 2 kg:n ja 3 kg:n k\u00e4sipainoista, on hitti aloittelijoille ja ihmisille, jotka haluavat laihtua, vahvistaa k\u00e4sivarsien ja hartioiden voimaa tai vahvistaa reisien ja pakaroiden lihaksia.   K\u00e4sipainoharjoittelu kotona N\u00e4m\u00e4 k\u00e4sipainot ovat kest\u00e4vi\u00e4 valurautaisia ja pehme\u00e4ll\u00e4 neopreenip\u00e4\u00e4llysteell\u00e4 varustettuja, ja ne ovat mukavia ja luistamattomia k\u00e4dess\u00e4. Mukana toimitettavan telineen avulla voit s\u00e4ilytt\u00e4\u00e4 k\u00e4sipainot siististi ja tilaa s\u00e4\u00e4st\u00e4en.   Olipa kyseess\u00e4 vatsarullat, punnerrukset tai muut laitteet, SONGMICS:lt\u00e4 l\u00f6yd\u00e4t monia muita kuntoiluv\u00e4lineit\u00e4. SONGMICS \u2013 henkil\u00f6kohtainen valmentajasi matkalla unelmien vartaloon!   Tuotetiedot: V\u00e4ri: limen vihre\u00e4, akvamariini ja tummanharmaa Materiaali: valurauta, neopreenipinnoite Paino: 2 x 1 kg, 2 x 2 kg, 2 x 3 kg Toimitus sis\u00e4lt\u00e4\u00e4: 6 x k\u00e4sipaino 1 x k\u00e4sipainoteline PP-muovista SONGMICS-ohjeet:\u00c4l\u00e4 s\u00e4ilyt\u00e4 n\u00e4it\u00e4 k\u00e4sipainoja korkealla olevalla hyllyll\u00e4, kun et k\u00e4yt\u00e4 niit\u00e4. Lapset eiv\u00e4t saa leikki\u00e4 tuotteella. Laske k\u00e4sipainot varovasti alas, jotta v\u00e4lt\u00e4t jalkojen loukkaantumisen.<\/p>\n","protected":false},"excerpt":{"rendered":"<p>SONGMICS k\u00e4sipainosetti, k\u00e4sipainot, kuusikulmainen, k\u00e4sipainoteline, 2 x 1 kg, 2 x 2 kg, 2 x 3 kg, limen vihre\u00e4, akvamariini, harmaa, mattapintainen, neopreenip\u00e4\u00e4llyste, voimaharjoittelu, kuntosali SYL612GN<\/p>\n","protected":false},"featured_media":46440,"comment_status":"open","ping_status":"closed","template":"","meta":[],"product_brand":[],"product_cat":[32],"product_tag":[],"class_list":{"0":"post-38689","1":"product","2":"type-product","3":"status-publish","4":"has-post-thumbnail","6":"product_cat-uncategorized-fi","8":"first","9":"instock","10":"shipping-taxable","11":"purchasable","12":"product-type-simple"},"_links":{"self":[{"href":"https:\/\/nordicmart.andreevmaster.com\/fi\/wp-json\/wp\/v2\/product\/38689","targetHints":{"allow":["GET"]}}],"collection":[{"href":"https:\/\/nordicmart.andreevmaster.com\/fi\/wp-json\/wp\/v2\/product"}],"about":[{"href":"https:\/\/nordicmart.andreevmaster.com\/fi\/wp-json\/wp\/v2\/types\/product"}],"replies":[{"embeddable":true,"href":"https:\/\/nordicmart.andreevmaster.com\/fi\/wp-json\/wp\/v2\/comments?post=38689"}],"wp:featuredmedia":[{"embeddable":true,"href":"https:\/\/nordicmart.andreevmaster.com\/fi\/wp-json\/wp\/v2\/media\/46440"}],"wp:attachment":[{"href":"https:\/\/nordicmart.andreevmaster.com\/fi\/wp-json\/wp\/v2\/media?parent=38689"}],"wp:term":[{"taxonomy":"product_brand","embeddable":true,"href":"https:\/\/nordicmart.andreevmaster.com\/fi\/wp-json\/wp\/v2\/product_brand?post=38689"},{"taxonomy":"product_cat","embeddable":true,"href":"https:\/\/nordicmart.andreevmaster.com\/fi\/wp-json\/wp\/v2\/product_cat?post=38689"},{"taxonomy":"product_tag","embeddable":true,"href":"https:\/\/nordicmart.andreevmaster.com\/fi\/wp-json\/wp\/v2\/product_tag?post=38689"}],"curies":[{"name":"wp","href":"https:\/\/api.w.org\/{rel}","templated":true}]}}