{"id":38688,"date":"2026-02-27T00:45:17","date_gmt":"2026-02-27T00:45:17","guid":{"rendered":"https:\/\/nordicmart.andreevmaster.com\/product\/sarja-2-valurautaa-kasipainot-saadettavissa-miesten-naisten-harjoitteluun-teraskahva-kuntoilukoulutus-painonnosto-kotikuntosali-musta-2\/"},"modified":"2026-02-27T10:00:31","modified_gmt":"2026-02-27T10:00:31","slug":"sarja-2-valurautaa-kasipainot-saadettavissa-miesten-naisten-harjoitteluun-teraskahva-kuntoilukoulutus-painonnosto-kotikuntosali-musta-2","status":"publish","type":"product","link":"https:\/\/nordicmart.andreevmaster.com\/fi\/tuote\/sarja-2-valurautaa-kasipainot-saadettavissa-miesten-naisten-harjoitteluun-teraskahva-kuntoilukoulutus-painonnosto-kotikuntosali-musta-2\/","title":{"rendered":"Sarja 2 valurautaa k\u00e4sipainot, s\u00e4\u00e4dett\u00e4viss\u00e4 miesten naisten harjoitteluun, ter\u00e4skahva, kuntoilukoulutus, painonnosto, kotikuntosali, musta"},"content":{"rendered":"<p>[Kuntoilu ja k\u00e4tevyys] SONGMICS-harjoittelupainot on suunniteltu auttamaan sinua pit\u00e4m\u00e4\u00e4n ihanteellinen vartalonmuoto riippumatta siit\u00e4, oletko toimistolla vai kotikuntosalilla; aloita harjoittelu milloin tahansa.[Valurautainen k\u00e4sipainosarja] Valmistettu kest\u00e4v\u00e4st\u00e4 valuraudasta, pinnalla on ruiskumaalaus ja galvanoidut tangot; t\u00e4m\u00e4 k\u00e4sipainosarja kest\u00e4\u00e4 pitk\u00e4aikaista k\u00e4ytt\u00f6\u00e4.[Anti-Slip Grip] Tukevat 14 cm pitk\u00e4t tartuntatangot, joiden pinnalla on liukumaton rengastus, takaavat turvallisen ja miellytt\u00e4v\u00e4n otteen; 4 spinlock-kaulusta est\u00e4v\u00e4t k\u00e4sipainolevyjen kolinat<br \/>\n[S\u00e4\u00e4dett\u00e4v\u00e4 paino] Hauislihakset ty\u00f6st\u00e4\u00e4ksesi k\u00e4si\u00e4si? Lunges tai kyykkyj\u00e4 jalkojesi harjoittamiseen? Ei ongelmaa. Voit yhdistell\u00e4 levyj\u00e4 vapaasti tyydytt\u00e4\u00e4ksesi erilaiset harjoitteluvaatimuksesi<br \/>\n[Mit\u00e4 saat] 60 kg:n k\u00e4sipainot (2 x 30 kg) &#8211; 8 x 5 kg:n levyt, 4 x 2,5 kg:n levyt, 4 x 1,25 kg:n levyt, 2 x tangot, 4 x spinlockit; toimitetaan 2 erillisess\u00e4 paketissa.Erilaisten levyjen yhdistelm\u00e4, helppo lis\u00e4t\u00e4 tai v\u00e4hent\u00e4\u00e4 painoa nopeasti 20 kg:n painot voidaan koota vapaasti 10 kg:n, 15 kg:n ja 20 kg:n k\u00e4sipainoihin. 30 kg:n painot voidaan koota vapaasti 10 kg:n, 15 kg:n, 20 kg:n, 25 kg:n ja 30 kg:n k\u00e4sipainoihin. 40 kg:n painot voidaan koota vapaasti 10 kg:n, 15 kg:n, 20 kg:n, 25 kg:n, 30 kg:n, 35 kg:n ja 40 kg:n k\u00e4sipainoihin. 50 kg:n painot voidaan koota vapaasti 10 kg:n, 15 kg:n, 20 kg:n, 25 kg:n, 30 kg:n, 35 kg:n, 40 kg:n, 45 kg:n ja 50 kg:n k\u00e4sipainoihin.60 kg:n painot voidaan koota vapaasti 10 kg:n, 15 kg:n, 20 kg:n, 25 kg:n, 30 kg:n, 35 kg:n, 40 kg:n, 45 kg:n, 50 kg:n, 55 kg:n ja 60 kg:n k\u00e4sipainoihin.<\/p>\n","protected":false},"excerpt":{"rendered":"<p>[Kuntoilu ja k\u00e4tevyys] SONGMICS-harjoittelupainot on suunniteltu auttamaan sinua pit\u00e4m\u00e4\u00e4n ihanteellinen vartalonmuoto riippumatta siit\u00e4, oletko toimistolla vai kotikuntosalilla; aloita harjoittelu milloin tahansa.[Valurautainen k\u00e4sipainosarja] Valmistettu kest\u00e4v\u00e4st\u00e4 valuraudasta, pinnalla on ruiskumaalaus ja galvanoidut tangot; t\u00e4m\u00e4 k\u00e4sipainosarja kest\u00e4\u00e4 pitk\u00e4aikaista k\u00e4ytt\u00f6\u00e4.[Anti-Slip Grip] Tukevat 14 cm pitk\u00e4t tartuntatangot, joiden pinnalla on liukumaton rengastus, takaavat turvallisen ja miellytt\u00e4v\u00e4n otteen; 4 spinlock-kaulusta est\u00e4v\u00e4t [&hellip;]<\/p>\n","protected":false},"featured_media":0,"comment_status":"open","ping_status":"closed","template":"","meta":[],"product_brand":[],"product_cat":[32],"product_tag":[],"class_list":{"0":"post-38688","1":"product","2":"type-product","3":"status-publish","5":"product_cat-uncategorized-fi","7":"first","8":"instock","9":"shipping-taxable","10":"product-type-simple"},"_links":{"self":[{"href":"https:\/\/nordicmart.andreevmaster.com\/fi\/wp-json\/wp\/v2\/product\/38688","targetHints":{"allow":["GET"]}}],"collection":[{"href":"https:\/\/nordicmart.andreevmaster.com\/fi\/wp-json\/wp\/v2\/product"}],"about":[{"href":"https:\/\/nordicmart.andreevmaster.com\/fi\/wp-json\/wp\/v2\/types\/product"}],"replies":[{"embeddable":true,"href":"https:\/\/nordicmart.andreevmaster.com\/fi\/wp-json\/wp\/v2\/comments?post=38688"}],"wp:attachment":[{"href":"https:\/\/nordicmart.andreevmaster.com\/fi\/wp-json\/wp\/v2\/media?parent=38688"}],"wp:term":[{"taxonomy":"product_brand","embeddable":true,"href":"https:\/\/nordicmart.andreevmaster.com\/fi\/wp-json\/wp\/v2\/product_brand?post=38688"},{"taxonomy":"product_cat","embeddable":true,"href":"https:\/\/nordicmart.andreevmaster.com\/fi\/wp-json\/wp\/v2\/product_cat?post=38688"},{"taxonomy":"product_tag","embeddable":true,"href":"https:\/\/nordicmart.andreevmaster.com\/fi\/wp-json\/wp\/v2\/product_tag?post=38688"}],"curies":[{"name":"wp","href":"https:\/\/api.w.org\/{rel}","templated":true}]}}