{"id":38686,"date":"2026-02-27T00:45:17","date_gmt":"2026-02-27T00:45:17","guid":{"rendered":"https:\/\/nordicmart.andreevmaster.com\/product\/songmics-kasipainot-mattapinnoitteella\/"},"modified":"2026-02-27T10:00:30","modified_gmt":"2026-02-27T10:00:30","slug":"songmics-kasipainot-mattapinnoitteella","status":"publish","type":"product","link":"https:\/\/nordicmart.andreevmaster.com\/fi\/tuote\/songmics-kasipainot-mattapinnoitteella\/","title":{"rendered":"SONGMICS-k\u00e4sipainot mattapinnoitteella"},"content":{"rendered":"<p>Kuusikulmaisen muodon ansiosta k\u00e4sipainot eiv\u00e4t py\u00f6ri pois paikaltaan, vaan ne voidaan asettaa vakaasti. K\u00e4sipainon ydin on valmistettu kiinte\u00e4st\u00e4 valuraudasta, joten k\u00e4sipaino vie v\u00e4hemm\u00e4n tilaa ja s\u00e4\u00e4st\u00e4\u00e4 siten tilaa. Pehme\u00e4 vinyylip\u00e4\u00e4llyste suojaa lattiaa naarmuilta. Kaareva kahva on ergonominen, sopii k\u00e4teen ja v\u00e4hent\u00e4\u00e4 k\u00e4den v\u00e4symist\u00e4. Vinyylip\u00e4\u00e4llyste on pehme\u00e4, matta ja hikoa kest\u00e4v\u00e4, ja sen pito on hyv\u00e4, mik\u00e4 takaa hyv\u00e4n otteen dynaamisissa harjoituksissa. Sopii joogaan, aerobiciin, pilatekseen, voimisteluun jne. Pienten mittojensa ansiosta k\u00e4sipainot on helppo varastoida\/kuljettaa, joten voit k\u00e4ytt\u00e4\u00e4 niit\u00e4 miss\u00e4 tahansa. Songmics-k\u00e4sipainot ovat saatavana 8 v\u00e4riss\u00e4 ja painoluokassa, joten ne sopivat koko perheelle. 2 x 1 kg\/keltainen 2 x 1,5 kg\/oranssi 2 x 2 kg\/violetti 2 x 2,5 kg\/sininen 2 x 3 kg\/punainen 2 x 4 kg\/vihre\u00e4 2 x 5 kg\/musta.<\/p>\n","protected":false},"excerpt":{"rendered":"<p>SONGMICS k\u00e4sipainot, 2 kpl, 5 kg, voimaharjoittelu, koti, toimisto, kuntosali, musta SYL60BK<\/p>\n","protected":false},"featured_media":46438,"comment_status":"open","ping_status":"closed","template":"","meta":[],"product_brand":[],"product_cat":[32],"product_tag":[],"class_list":{"0":"post-38686","1":"product","2":"type-product","3":"status-publish","4":"has-post-thumbnail","6":"product_cat-uncategorized-fi","8":"first","9":"instock","10":"shipping-taxable","11":"purchasable","12":"product-type-simple"},"_links":{"self":[{"href":"https:\/\/nordicmart.andreevmaster.com\/fi\/wp-json\/wp\/v2\/product\/38686","targetHints":{"allow":["GET"]}}],"collection":[{"href":"https:\/\/nordicmart.andreevmaster.com\/fi\/wp-json\/wp\/v2\/product"}],"about":[{"href":"https:\/\/nordicmart.andreevmaster.com\/fi\/wp-json\/wp\/v2\/types\/product"}],"replies":[{"embeddable":true,"href":"https:\/\/nordicmart.andreevmaster.com\/fi\/wp-json\/wp\/v2\/comments?post=38686"}],"wp:featuredmedia":[{"embeddable":true,"href":"https:\/\/nordicmart.andreevmaster.com\/fi\/wp-json\/wp\/v2\/media\/46438"}],"wp:attachment":[{"href":"https:\/\/nordicmart.andreevmaster.com\/fi\/wp-json\/wp\/v2\/media?parent=38686"}],"wp:term":[{"taxonomy":"product_brand","embeddable":true,"href":"https:\/\/nordicmart.andreevmaster.com\/fi\/wp-json\/wp\/v2\/product_brand?post=38686"},{"taxonomy":"product_cat","embeddable":true,"href":"https:\/\/nordicmart.andreevmaster.com\/fi\/wp-json\/wp\/v2\/product_cat?post=38686"},{"taxonomy":"product_tag","embeddable":true,"href":"https:\/\/nordicmart.andreevmaster.com\/fi\/wp-json\/wp\/v2\/product_tag?post=38686"}],"curies":[{"name":"wp","href":"https:\/\/api.w.org\/{rel}","templated":true}]}}