{"id":38685,"date":"2026-02-27T00:45:16","date_gmt":"2026-02-27T00:45:16","guid":{"rendered":"https:\/\/nordicmart.andreevmaster.com\/product\/songmics-kasipainosetti-ja-kasipainoteline\/"},"modified":"2026-02-27T10:00:30","modified_gmt":"2026-02-27T10:00:30","slug":"songmics-kasipainosetti-ja-kasipainoteline","status":"publish","type":"product","link":"https:\/\/nordicmart.andreevmaster.com\/fi\/tuote\/songmics-kasipainosetti-ja-kasipainoteline\/","title":{"rendered":"SONGMICS k\u00e4sipainosetti ja k\u00e4sipainoteline"},"content":{"rendered":"<p>Aloita lihasten vahvistaminen nyt! Naiset, jotka haluavat aloittaa voimaharjoittelun tai harrastavat sit\u00e4 satunnaisesti, eiv\u00e4t saa j\u00e4tt\u00e4\u00e4 t\u00e4t\u00e4 k\u00e4sipainosarjaa v\u00e4liin. Hanki n\u00e4m\u00e4 k\u00e4sipainot ja sis\u00e4llyt\u00e4 s\u00e4\u00e4nn\u00f6llinen k\u00e4sipainoharjoittelu treenirutiiniisi!K\u00e4sipainoharjoittelu kotona N\u00e4m\u00e4 k\u00e4sipainot ovat kest\u00e4vi\u00e4 valurautaa ja pehme\u00e4\u00e4 neopreenip\u00e4\u00e4llystett\u00e4, ja ne ovat mukavia ja luistamattomia k\u00e4dess\u00e4. Mukana toimitettavan telineen avulla voit s\u00e4ilytt\u00e4\u00e4 k\u00e4sipainot siististi ja tilaa s\u00e4\u00e4st\u00e4en. K\u00e4tev\u00e4 yhdistelm\u00e4 kevyelle harjoittelulle Tuotetiedot: V\u00e4ri: keltainen, vaaleanpunainen ja violetti Materiaali: valurauta, neopreenipinnoite Koko: (2 x) 13,5 x 6,5 x 6 cm (P x L x K) (2 x) 15 x 7 x 6,5 cm (P x L x K) (2 x) 16 x 8 x 7,5 cm (P x L x K) Paino: 2 x 1 kg, 2 x 1,5 kg, 2 x 2 kgToimitus sis\u00e4lt\u00e4\u00e4:6 x k\u00e4sipaino1 x k\u00e4sipainoteline PP-muovistaSONGMICS-ohjeet:\u00c4l\u00e4 s\u00e4ilyt\u00e4 k\u00e4sipainoja korkealla olevalla hyllyll\u00e4, kun niit\u00e4 ei k\u00e4ytet\u00e4.Lapset eiv\u00e4t saa leikki\u00e4 tuotteella.Laske k\u00e4sipainot varovasti alas, jotta v\u00e4lt\u00e4t jalkojen loukkaantumisen.<\/p>\n","protected":false},"excerpt":{"rendered":"<p>SONGMICS k\u00e4sipainosetti, kuusikulmainen, k\u00e4sipainoteline, 2 x 1 kg, 2 x 1,5 kg, 2 x 2 kg, mattapintainen, neopreenipinnoite, voimaharjoittelu, kotik\u00e4ytt\u00f6\u00f6n, keltainen, vaaleanpunainen ja violetti SYL609B02<\/p>\n","protected":false},"featured_media":46437,"comment_status":"open","ping_status":"closed","template":"","meta":[],"product_brand":[],"product_cat":[32],"product_tag":[],"class_list":{"0":"post-38685","1":"product","2":"type-product","3":"status-publish","4":"has-post-thumbnail","6":"product_cat-uncategorized-fi","8":"first","9":"instock","10":"shipping-taxable","11":"purchasable","12":"product-type-simple"},"_links":{"self":[{"href":"https:\/\/nordicmart.andreevmaster.com\/fi\/wp-json\/wp\/v2\/product\/38685","targetHints":{"allow":["GET"]}}],"collection":[{"href":"https:\/\/nordicmart.andreevmaster.com\/fi\/wp-json\/wp\/v2\/product"}],"about":[{"href":"https:\/\/nordicmart.andreevmaster.com\/fi\/wp-json\/wp\/v2\/types\/product"}],"replies":[{"embeddable":true,"href":"https:\/\/nordicmart.andreevmaster.com\/fi\/wp-json\/wp\/v2\/comments?post=38685"}],"wp:featuredmedia":[{"embeddable":true,"href":"https:\/\/nordicmart.andreevmaster.com\/fi\/wp-json\/wp\/v2\/media\/46437"}],"wp:attachment":[{"href":"https:\/\/nordicmart.andreevmaster.com\/fi\/wp-json\/wp\/v2\/media?parent=38685"}],"wp:term":[{"taxonomy":"product_brand","embeddable":true,"href":"https:\/\/nordicmart.andreevmaster.com\/fi\/wp-json\/wp\/v2\/product_brand?post=38685"},{"taxonomy":"product_cat","embeddable":true,"href":"https:\/\/nordicmart.andreevmaster.com\/fi\/wp-json\/wp\/v2\/product_cat?post=38685"},{"taxonomy":"product_tag","embeddable":true,"href":"https:\/\/nordicmart.andreevmaster.com\/fi\/wp-json\/wp\/v2\/product_tag?post=38685"}],"curies":[{"name":"wp","href":"https:\/\/api.w.org\/{rel}","templated":true}]}}