{"id":38684,"date":"2026-02-27T00:45:16","date_gmt":"2026-02-27T00:45:16","guid":{"rendered":"https:\/\/nordicmart.andreevmaster.com\/product\/valurautaiset-kasipainot-2\/"},"modified":"2026-02-27T10:00:30","modified_gmt":"2026-02-27T10:00:30","slug":"valurautaiset-kasipainot-2","status":"publish","type":"product","link":"https:\/\/nordicmart.andreevmaster.com\/fi\/tuote\/valurautaiset-kasipainot-2\/","title":{"rendered":"valurautaiset k\u00e4sipainot"},"content":{"rendered":"<p>Harjoittelu kohtaa mukavuuden: SONGMICS-harjoittelulaitteet on suunniteltu auttamaan sinua muokkaamaan kehoasi. Olipa kyse sitten toimistosta tai kuntosalista, harjoittelu voi alkaa milloin tahansa &#8211; miss\u00e4 tahansa!Valurautaiset painolautaset: Raskaat valurautalevyt, pulverimaalattu pinta, galvanoidut tangot &#8211; n\u00e4m\u00e4 k\u00e4sipainot takaavat pitk\u00e4n k\u00e4ytt\u00f6i\u00e4n<\/p>\n<p>Liukumattomat kahvat: Tukevat tangot, joiden pinnassa on liukumaton ribbaus, takaavat turvallisen ja mukavan otteen. 4 t\u00e4hden lukot est\u00e4v\u00e4t painolevyjen \u00e4rsytt\u00e4v\u00e4n kolinan.<\/p>\n<p>Joustavat k\u00e4sipainot: Etsitk\u00f6 rakentaa k\u00e4sivoimia? Haluatko vahvistaa reisien ja pakaroiden lihaksia? T\u00e4m\u00e4 k\u00e4sipainosarja tulee avuksesi<\/p>\n<p>Mit\u00e4 saat: 50 kg k\u00e4sipainot (2 x 25 kg) &#8211; 4 x 5 kg kiekkoa, 8 x 2,5 kg kiekkoa, 4 x 1,25 kg kiekkoa, 2 x tangotanko, 4 x t\u00e4htilukko; tuote toimitetaan 2 paketissa.<\/p>\n<p>Tekniset tiedot:- V\u00e4ri: Musta &#8211; Materiaali: Maalattu valurautakiekko, galvanoitu rautatanko, rautakierrelukko- 4 x 5 kg kiekkoa- 8 x 2,5 kg kiekkoa- 4 x 1,25 kg kiekkoa- 2 x tanko- 4 x kierrelukko<\/p>\n","protected":false},"excerpt":{"rendered":"<p>Harjoittelu kohtaa mukavuuden: SONGMICS-harjoittelulaitteet on suunniteltu auttamaan sinua muokkaamaan kehoasi. Olipa kyse sitten toimistosta tai kuntosalista, harjoittelu voi alkaa milloin tahansa &#8211; miss\u00e4 tahansa!Valurautaiset painolautaset: Raskaat valurautalevyt, pulverimaalattu pinta, galvanoidut tangot &#8211; n\u00e4m\u00e4 k\u00e4sipainot takaavat pitk\u00e4n k\u00e4ytt\u00f6i\u00e4n Liukumattomat kahvat: Tukevat tangot, joiden pinnassa on liukumaton ribbaus, takaavat turvallisen ja mukavan otteen. 4 t\u00e4hden lukot est\u00e4v\u00e4t [&hellip;]<\/p>\n","protected":false},"featured_media":0,"comment_status":"open","ping_status":"closed","template":"","meta":[],"product_brand":[],"product_cat":[32],"product_tag":[],"class_list":{"0":"post-38684","1":"product","2":"type-product","3":"status-publish","5":"product_cat-uncategorized-fi","7":"first","8":"instock","9":"shipping-taxable","10":"product-type-simple"},"_links":{"self":[{"href":"https:\/\/nordicmart.andreevmaster.com\/fi\/wp-json\/wp\/v2\/product\/38684","targetHints":{"allow":["GET"]}}],"collection":[{"href":"https:\/\/nordicmart.andreevmaster.com\/fi\/wp-json\/wp\/v2\/product"}],"about":[{"href":"https:\/\/nordicmart.andreevmaster.com\/fi\/wp-json\/wp\/v2\/types\/product"}],"replies":[{"embeddable":true,"href":"https:\/\/nordicmart.andreevmaster.com\/fi\/wp-json\/wp\/v2\/comments?post=38684"}],"wp:attachment":[{"href":"https:\/\/nordicmart.andreevmaster.com\/fi\/wp-json\/wp\/v2\/media?parent=38684"}],"wp:term":[{"taxonomy":"product_brand","embeddable":true,"href":"https:\/\/nordicmart.andreevmaster.com\/fi\/wp-json\/wp\/v2\/product_brand?post=38684"},{"taxonomy":"product_cat","embeddable":true,"href":"https:\/\/nordicmart.andreevmaster.com\/fi\/wp-json\/wp\/v2\/product_cat?post=38684"},{"taxonomy":"product_tag","embeddable":true,"href":"https:\/\/nordicmart.andreevmaster.com\/fi\/wp-json\/wp\/v2\/product_tag?post=38684"}],"curies":[{"name":"wp","href":"https:\/\/api.w.org\/{rel}","templated":true}]}}