{"id":38682,"date":"2026-02-27T00:45:15","date_gmt":"2026-02-27T00:45:15","guid":{"rendered":"https:\/\/nordicmart.andreevmaster.com\/product\/songmics-valurautaiset-kasipainot\/"},"modified":"2026-02-27T10:00:29","modified_gmt":"2026-02-27T10:00:29","slug":"songmics-valurautaiset-kasipainot","status":"publish","type":"product","link":"https:\/\/nordicmart.andreevmaster.com\/fi\/tuote\/songmics-valurautaiset-kasipainot\/","title":{"rendered":"SONGMICS valurautaiset k\u00e4sipainot"},"content":{"rendered":"<p>SONGMICS tarjoaa korkealaatuisia kuntoiluv\u00e4lineit\u00e4 kaikille, jotka haluavat saavuttaa ihanteellisen kunnon. Hantelisettimme on suunniteltu tarjoamaan sinulle optimaalisen harjoittelukokemuksen ilman aika- tai tilarajoituksia. Sen avulla voit r\u00e4\u00e4t\u00e4l\u00f6id\u00e4 harjoittelusi. Erilaiset levyt mahdollistavat painojen mukauttamisen harjoittelun intensiteettiin yksinkertaisesti yhdistelem\u00e4ll\u00e4 niit\u00e4. Tuotetiedot V\u00e4ri: musta Materiaali: jauhemaalatut valurautalevyt, ter\u00e4sputket, rautaiset t\u00e4htikiinnikkeet SONGMICS-huomautukset: Kuljetuksen helpottamiseksi tuote toimitetaan kahdessa paketissa. Ole k\u00e4rsiv\u00e4llinen, jos saat aluksi vain yhden paketin. Toinen paketti toimitetaan pian. Ennen k\u00e4sipainojen k\u00e4ytt\u00f6\u00e4 sinun tulee levitt\u00e4\u00e4 ruosteenesto\u00f6ljy\u00e4 niiden pinnalle. Turvallisuussyist\u00e4 \u00e4l\u00e4 s\u00e4ilyt\u00e4 k\u00e4sipainoja korkeilla paikoilla, joista ne voivat pudota. Lapset eiv\u00e4t saa leikki\u00e4 k\u00e4sipainoilla. Laske k\u00e4sipainot varovasti alas harjoituksen j\u00e4lkeen, jotta v\u00e4lt\u00e4t loukkaantumiset.<\/p>\n","protected":false},"excerpt":{"rendered":"<p>SONGMICS valurautaiset k\u00e4sipainot, tangot, karhennettu pinta, t\u00e4htilukot, k\u00e4sipainosetti miehille, 2 kpl, 40 kg SYL40T<\/p>\n","protected":false},"featured_media":46435,"comment_status":"open","ping_status":"closed","template":"","meta":[],"product_brand":[],"product_cat":[32],"product_tag":[],"class_list":{"0":"post-38682","1":"product","2":"type-product","3":"status-publish","4":"has-post-thumbnail","6":"product_cat-uncategorized-fi","8":"first","9":"instock","10":"shipping-taxable","11":"purchasable","12":"product-type-simple"},"_links":{"self":[{"href":"https:\/\/nordicmart.andreevmaster.com\/fi\/wp-json\/wp\/v2\/product\/38682","targetHints":{"allow":["GET"]}}],"collection":[{"href":"https:\/\/nordicmart.andreevmaster.com\/fi\/wp-json\/wp\/v2\/product"}],"about":[{"href":"https:\/\/nordicmart.andreevmaster.com\/fi\/wp-json\/wp\/v2\/types\/product"}],"replies":[{"embeddable":true,"href":"https:\/\/nordicmart.andreevmaster.com\/fi\/wp-json\/wp\/v2\/comments?post=38682"}],"wp:featuredmedia":[{"embeddable":true,"href":"https:\/\/nordicmart.andreevmaster.com\/fi\/wp-json\/wp\/v2\/media\/46435"}],"wp:attachment":[{"href":"https:\/\/nordicmart.andreevmaster.com\/fi\/wp-json\/wp\/v2\/media?parent=38682"}],"wp:term":[{"taxonomy":"product_brand","embeddable":true,"href":"https:\/\/nordicmart.andreevmaster.com\/fi\/wp-json\/wp\/v2\/product_brand?post=38682"},{"taxonomy":"product_cat","embeddable":true,"href":"https:\/\/nordicmart.andreevmaster.com\/fi\/wp-json\/wp\/v2\/product_cat?post=38682"},{"taxonomy":"product_tag","embeddable":true,"href":"https:\/\/nordicmart.andreevmaster.com\/fi\/wp-json\/wp\/v2\/product_tag?post=38682"}],"curies":[{"name":"wp","href":"https:\/\/api.w.org\/{rel}","templated":true}]}}