{"id":38679,"date":"2026-02-27T00:45:14","date_gmt":"2026-02-27T00:45:14","guid":{"rendered":"https:\/\/nordicmart.andreevmaster.com\/product\/songmics-kasipainot-liitosputkella-keltainen\/"},"modified":"2026-02-27T10:00:28","modified_gmt":"2026-02-27T10:00:28","slug":"songmics-kasipainot-liitosputkella-keltainen","status":"publish","type":"product","link":"https:\/\/nordicmart.andreevmaster.com\/fi\/tuote\/songmics-kasipainot-liitosputkella-keltainen\/","title":{"rendered":"SONGMICS k\u00e4sipainot liitosputkella Keltainen"},"content":{"rendered":"<p>Tuotetiedot: &#8211; V\u00e4ri: keltainen &#8211; Materiaali: ter\u00e4ksiset k\u00e4sipainokahvat muovipinnoitteella, ter\u00e4ksinen liitosputki vaahtomuovipinnoitteella, levyt PVC-suojalla, jauhemaalattu ter\u00e4skuori, t\u00e4yte rauta-hiekka-sementtiseoksella, polypropeeniset t\u00e4htikiinnikkeet &#8211; K\u00e4sipainotangon pituus: 42 cm &#8211; Yhdysputken pituus: 40 cm &#8211; 1,25 kg:n levyn koko: 14 x 3,5 cm (\u00d8 x K) &#8211; 1,5 kg:n levyn koko: 15,5 x 3,5 cm (\u00d8 x K) &#8211; 2 kg:n levyn koko: 18 x 3,2 cm (\u00d8 x K) &#8211; T\u00e4htikiinnikkeiden koko: 5,5 x 4,5 x 2 cm (P x L x K) &#8211; K\u00e4sipainon koko: 18 x 42 cm (\u00d8 x K) &#8211; Barbellin koko (2 k\u00e4sipainoa ja yhdysputki): 18 x 94 cm (\u00d8 x K) &#8211; Paino: 20 kg<\/p>\n","protected":false},"excerpt":{"rendered":"<p>SONGMICS k\u00e4sipainot 2 x 10 kg, k\u00e4sipainot, sarja, kehonrakennus, lihasten kasvattaminen, yhdysputki, kotikuntoilu, keltainen SYL320Y01<\/p>\n","protected":false},"featured_media":46433,"comment_status":"open","ping_status":"closed","template":"","meta":[],"product_brand":[],"product_cat":[32],"product_tag":[],"class_list":{"0":"post-38679","1":"product","2":"type-product","3":"status-publish","4":"has-post-thumbnail","6":"product_cat-uncategorized-fi","8":"first","9":"instock","10":"shipping-taxable","11":"purchasable","12":"product-type-simple"},"_links":{"self":[{"href":"https:\/\/nordicmart.andreevmaster.com\/fi\/wp-json\/wp\/v2\/product\/38679","targetHints":{"allow":["GET"]}}],"collection":[{"href":"https:\/\/nordicmart.andreevmaster.com\/fi\/wp-json\/wp\/v2\/product"}],"about":[{"href":"https:\/\/nordicmart.andreevmaster.com\/fi\/wp-json\/wp\/v2\/types\/product"}],"replies":[{"embeddable":true,"href":"https:\/\/nordicmart.andreevmaster.com\/fi\/wp-json\/wp\/v2\/comments?post=38679"}],"wp:featuredmedia":[{"embeddable":true,"href":"https:\/\/nordicmart.andreevmaster.com\/fi\/wp-json\/wp\/v2\/media\/46433"}],"wp:attachment":[{"href":"https:\/\/nordicmart.andreevmaster.com\/fi\/wp-json\/wp\/v2\/media?parent=38679"}],"wp:term":[{"taxonomy":"product_brand","embeddable":true,"href":"https:\/\/nordicmart.andreevmaster.com\/fi\/wp-json\/wp\/v2\/product_brand?post=38679"},{"taxonomy":"product_cat","embeddable":true,"href":"https:\/\/nordicmart.andreevmaster.com\/fi\/wp-json\/wp\/v2\/product_cat?post=38679"},{"taxonomy":"product_tag","embeddable":true,"href":"https:\/\/nordicmart.andreevmaster.com\/fi\/wp-json\/wp\/v2\/product_tag?post=38679"}],"curies":[{"name":"wp","href":"https:\/\/api.w.org\/{rel}","templated":true}]}}