{"id":38677,"date":"2026-02-27T00:45:14","date_gmt":"2026-02-27T00:45:14","guid":{"rendered":"https:\/\/nordicmart.andreevmaster.com\/product\/songmics-kasipainot-oranssit\/"},"modified":"2026-02-27T10:00:28","modified_gmt":"2026-02-27T10:00:28","slug":"songmics-kasipainot-oranssit","status":"publish","type":"product","link":"https:\/\/nordicmart.andreevmaster.com\/fi\/tuote\/songmics-kasipainot-oranssit\/","title":{"rendered":"SONGMICS k\u00e4sipainot, oranssit"},"content":{"rendered":"<p>SONGMICS tarjoaa korkealaatuisia kuntoiluv\u00e4lineit\u00e4 kaikille, jotka haluavat saavuttaa ihanteellisen kunnon. K\u00e4sipainosettimme on suunniteltu tarjoamaan sinulle optimaalisen harjoittelukokemuksen ilman aika- tai tilarajoituksia. Sen avulla voit&#8230;&#8230; r\u00e4\u00e4t\u00e4l\u00f6id\u00e4 harjoittelusi: Erilaiset painolevyt mahdollistavat painojen mukauttamisen harjoittelusi intensiteettiin yksinkertaisesti yhdistelem\u00e4ll\u00e4 niit\u00e4.N\u00e4in muutat t\u00e4m\u00e4n k\u00e4sipainosetin barbelliksi: Mukana toimitettavan erityisen liitoskappaleen avulla saat hetkess\u00e4 barbellin. T\u00e4m\u00e4 tarjoaa sinulle viel\u00e4 enemm\u00e4n mahdollisuuksia kehitt\u00e4\u00e4 eri kehon osien lihaksia ja saavuttaa parempia harjoitustuloksia.Tuotetiedot: V\u00e4ri: oranssi Materiaali: jauhemaalatut valurautalevyt, galvanoidut rautatangot, rautaiset t\u00e4htilukot, silikonisuojus Toimitus sis\u00e4lt\u00e4\u00e4: 8 x 2,5 kg:n levy 4 x 1,25 kg:n levy 2 x tanko 4 x t\u00e4htilukko 1 x liitosputki SONGMICSin ohjeet:Ennen k\u00e4sipainojen k\u00e4ytt\u00f6\u00e4 niiden pinnalle tulee levitt\u00e4\u00e4 ruosteenesto\u00f6ljy\u00e4. Turvallisuussyist\u00e4 k\u00e4sipainoja ei saa s\u00e4ilytt\u00e4\u00e4 korkealla, josta ne voivat pudota. Lapset eiv\u00e4t saa leikki\u00e4 k\u00e4sipainoilla. Harjoituksen j\u00e4lkeen k\u00e4sipainot tulee laskea varovasti alas loukkaantumisten v\u00e4ltt\u00e4miseksi.<\/p>\n","protected":false},"excerpt":{"rendered":"<p>SONGMICS Unisex Adult s\u00e4\u00e4dett\u00e4v\u00e4 muovinen k\u00e4sipainosetti ter\u00e4ksisell\u00e4 liitosputkella, 2 x 15 kg, 35 x 14 cm<\/p>\n","protected":false},"featured_media":46431,"comment_status":"open","ping_status":"closed","template":"","meta":[],"product_brand":[],"product_cat":[32],"product_tag":[],"class_list":{"0":"post-38677","1":"product","2":"type-product","3":"status-publish","4":"has-post-thumbnail","6":"product_cat-uncategorized-fi","8":"first","9":"instock","10":"shipping-taxable","11":"purchasable","12":"product-type-simple"},"_links":{"self":[{"href":"https:\/\/nordicmart.andreevmaster.com\/fi\/wp-json\/wp\/v2\/product\/38677","targetHints":{"allow":["GET"]}}],"collection":[{"href":"https:\/\/nordicmart.andreevmaster.com\/fi\/wp-json\/wp\/v2\/product"}],"about":[{"href":"https:\/\/nordicmart.andreevmaster.com\/fi\/wp-json\/wp\/v2\/types\/product"}],"replies":[{"embeddable":true,"href":"https:\/\/nordicmart.andreevmaster.com\/fi\/wp-json\/wp\/v2\/comments?post=38677"}],"wp:featuredmedia":[{"embeddable":true,"href":"https:\/\/nordicmart.andreevmaster.com\/fi\/wp-json\/wp\/v2\/media\/46431"}],"wp:attachment":[{"href":"https:\/\/nordicmart.andreevmaster.com\/fi\/wp-json\/wp\/v2\/media?parent=38677"}],"wp:term":[{"taxonomy":"product_brand","embeddable":true,"href":"https:\/\/nordicmart.andreevmaster.com\/fi\/wp-json\/wp\/v2\/product_brand?post=38677"},{"taxonomy":"product_cat","embeddable":true,"href":"https:\/\/nordicmart.andreevmaster.com\/fi\/wp-json\/wp\/v2\/product_cat?post=38677"},{"taxonomy":"product_tag","embeddable":true,"href":"https:\/\/nordicmart.andreevmaster.com\/fi\/wp-json\/wp\/v2\/product_tag?post=38677"}],"curies":[{"name":"wp","href":"https:\/\/api.w.org\/{rel}","templated":true}]}}