{"id":38676,"date":"2026-02-27T00:45:13","date_gmt":"2026-02-27T00:45:13","guid":{"rendered":"https:\/\/nordicmart.andreevmaster.com\/product\/songmics-30-kgn-saadettava-kasipainosetti\/"},"modified":"2026-02-27T10:00:28","modified_gmt":"2026-02-27T10:00:28","slug":"songmics-30-kgn-saadettava-kasipainosetti","status":"publish","type":"product","link":"https:\/\/nordicmart.andreevmaster.com\/fi\/tuote\/songmics-30-kgn-saadettava-kasipainosetti\/","title":{"rendered":"SONGMICS 30 kg:n s\u00e4\u00e4dett\u00e4v\u00e4 k\u00e4sipainosetti"},"content":{"rendered":"<p>SONGMICS tarjoaa aina korkealaatuisia kuntoiluv\u00e4lineit\u00e4 niille, jotka haluavat saavuttaa ihanteellisen kunnon. Uusi k\u00e4sipainosettimme on suunniteltu tarjoamaan sinulle optimaalisen harjoittelukokemuksen ilman aika- tai tilarajoituksia. Sen avulla voit: Mukauttaa oman harjoittelurutiinisi: Erilaiset levyt helpottavat painojen s\u00e4\u00e4t\u00e4mist\u00e4 yksinkertaisilla yhdistelmill\u00e4 harjoittelun intensiteetin mukaan, mik\u00e4 s\u00e4\u00e4st\u00e4\u00e4 tilaa lis\u00e4painoille.Suositeltavat vapaasti valittavat yhdistelm\u00e4t: 10 kg: 4 x 1,25 kg, 2 x tanko, 4 x t\u00e4htilukko 15 kg: 4 x 2,5 kg, 2 x tanko, 4 x t\u00e4htilukko 20 kg: 4 x 2,5 kg, 4 x 1,25 kg, 2 x tanko, 4 x t\u00e4htilukko 25 kg: 8 x 2,5 kg, 2 x tanko, 4 x t\u00e4htilukko 30 kg: 8 x 2,5 kg, 4 x 1,25 kg, 2 x tanko, 4 x t\u00e4htilukko Siirry vaivattomasti barbell-tankoon: Erityisesti mukana toimitetun tangon liitoksen avulla saat tangon hetkess\u00e4. Se tarjoaa sinulle enemm\u00e4n mahdollisuuksia kehitt\u00e4\u00e4 eri kehon osien lihaksia ja saavuttaa n\u00e4in parempi harjoittelukokemus. Tuotetiedot: V\u00e4ri: musta Materiaali: jauhemaalatut valurautalevyt, galvanoidut rautatangot, rautaiset t\u00e4htilukot Tanko: pituus \u2013 35 cm; \u00d8 \u2013 30 mm Kahvan pituus: 14 cm Yhdistysputken pituus: 30 cm Toimitus sis\u00e4lt\u00e4\u00e4: 8 x 2,5 kg levy\u00e4 4 x 1,25 kg levy\u00e4 2 x tankoa 4 x t\u00e4htilukkoa 1 x yhdistysputken 1 x lis\u00e4varustepaketin SONGICSin ohjeet:Ennen k\u00e4sipainojen k\u00e4ytt\u00f6\u00e4 niiden pinnalle tulee levitt\u00e4\u00e4 ruosteenesto\u00f6ljy\u00e4.Turvallisuussyist\u00e4 k\u00e4sipainoja ei saa s\u00e4ilytt\u00e4\u00e4 korkeilla paikoilla, joista ne voivat pudota.Lapset eiv\u00e4t saa leikki\u00e4 k\u00e4sipainoilla.Harjoituksen j\u00e4lkeen k\u00e4sipainot tulee laskea varovasti alas loukkaantumisten v\u00e4ltt\u00e4miseksi.<\/p>\n","protected":false},"excerpt":{"rendered":"<p>SONGMICS Unisex Adult s\u00e4\u00e4dett\u00e4v\u00e4 muovinen k\u00e4sipainosetti ter\u00e4ksisell\u00e4 liitosputkella, 2 x 15 kg, 35 x 14 cm<\/p>\n","protected":false},"featured_media":46430,"comment_status":"open","ping_status":"closed","template":"","meta":[],"product_brand":[],"product_cat":[32],"product_tag":[],"class_list":{"0":"post-38676","1":"product","2":"type-product","3":"status-publish","4":"has-post-thumbnail","6":"product_cat-uncategorized-fi","8":"first","9":"instock","10":"shipping-taxable","11":"purchasable","12":"product-type-simple"},"_links":{"self":[{"href":"https:\/\/nordicmart.andreevmaster.com\/fi\/wp-json\/wp\/v2\/product\/38676","targetHints":{"allow":["GET"]}}],"collection":[{"href":"https:\/\/nordicmart.andreevmaster.com\/fi\/wp-json\/wp\/v2\/product"}],"about":[{"href":"https:\/\/nordicmart.andreevmaster.com\/fi\/wp-json\/wp\/v2\/types\/product"}],"replies":[{"embeddable":true,"href":"https:\/\/nordicmart.andreevmaster.com\/fi\/wp-json\/wp\/v2\/comments?post=38676"}],"wp:featuredmedia":[{"embeddable":true,"href":"https:\/\/nordicmart.andreevmaster.com\/fi\/wp-json\/wp\/v2\/media\/46430"}],"wp:attachment":[{"href":"https:\/\/nordicmart.andreevmaster.com\/fi\/wp-json\/wp\/v2\/media?parent=38676"}],"wp:term":[{"taxonomy":"product_brand","embeddable":true,"href":"https:\/\/nordicmart.andreevmaster.com\/fi\/wp-json\/wp\/v2\/product_brand?post=38676"},{"taxonomy":"product_cat","embeddable":true,"href":"https:\/\/nordicmart.andreevmaster.com\/fi\/wp-json\/wp\/v2\/product_cat?post=38676"},{"taxonomy":"product_tag","embeddable":true,"href":"https:\/\/nordicmart.andreevmaster.com\/fi\/wp-json\/wp\/v2\/product_tag?post=38676"}],"curies":[{"name":"wp","href":"https:\/\/api.w.org\/{rel}","templated":true}]}}