{"id":38675,"date":"2026-02-27T00:45:13","date_gmt":"2026-02-27T00:45:13","guid":{"rendered":"https:\/\/nordicmart.andreevmaster.com\/product\/songmics-kasipainot-musta\/"},"modified":"2026-02-27T10:00:27","modified_gmt":"2026-02-27T10:00:27","slug":"songmics-kasipainot-musta","status":"publish","type":"product","link":"https:\/\/nordicmart.andreevmaster.com\/fi\/tuote\/songmics-kasipainot-musta\/","title":{"rendered":"SONGMICS k\u00e4sipainot, musta"},"content":{"rendered":"<p>T\u00e4ydellinen perusvarustus kotikuntosalille Suunnittele treenisi yksil\u00f6llisesti Ota irti parhaat puolet kehostasi! T\u00e4m\u00e4 k\u00e4sipainosetti on r\u00e4\u00e4t\u00e4l\u00f6ity yksil\u00f6llisten tavoitteidesi, vahvuuksiesi ja suorituskykysi mukaan. Voit helposti mukauttaa SONGMICS-sarjan painoisen setin tarpeisiisi lis\u00e4\u00e4m\u00e4ll\u00e4 tai poistamalla eri painoisia painolevyj\u00e4. Haluatpa sitten tehd\u00e4 k\u00e4sivarsien koukistuksia, penkkipunnerruksia, k\u00e4sipainoilla soutamista tai muita harjoituksia, t\u00e4m\u00e4 sarja auttaa sinua lihasten kasvattamisessa. Sopii p\u00e4ivitt\u00e4iseen k\u00e4ytt\u00f6\u00f6n Sis\u00e4ll\u00e4 olevan hiekka-sementtiseoksen, kest\u00e4v\u00e4n PE-muovikuoren ja mukavasti k\u00e4teen sopivien, luistamattomien kahvojen ansiosta voit k\u00e4ytt\u00e4\u00e4 k\u00e4sipainosarjaa monipuolisesti:Yhteens\u00e4 20 kg painavat painot voidaan koota seuraaviin painoluokkiin: 5 kg, 6 kg, 10 kg, 11 kg, 15 kg, 16 kg ja 20 kg.Yhteens\u00e4 30 kg painavat painot voidaan koota seuraaviin painoluokkiin: 5 kg, 6 kg, 10 kg, 11 kg, 15 kg, 16 kg, 20 kg, 21 kg, 25 kg, 26 kg ja 30 kg.Yhteens\u00e4 40 kg painavat painot voidaan koota seuraaviin painoluokkiin: 5 kg, 7 kg, 10 kg, 12 kg, 15 kg, 17 kg, 20 kg, 22 kg, 25 kg, 27 kg, 30 kg, 32 kg, 35 kg, 37 kg ja 40 kg.SONGMICS-ohjeet: \u00c4l\u00e4 s\u00e4ilyt\u00e4 k\u00e4sipainoja korkealla paikalla, kuten hyllyn ylimm\u00e4ll\u00e4 tasolla, koska ne voivat pudota. T\u00e4m\u00e4 voi aiheuttaa vakavia vammoja tai vahinkoja.Ei sovellu lapsille. K\u00e4yt\u00e4 k\u00e4sipainoja varovasti loukkaantumisten v\u00e4ltt\u00e4miseksi. Varmista ennen k\u00e4sipainojen k\u00e4ytt\u00f6\u00e4, ett\u00e4 painot ja mutterit on kiristetty tiukasti.<\/p>\n","protected":false},"excerpt":{"rendered":"<p>SONGMICS Unisex Adult s\u00e4\u00e4dett\u00e4v\u00e4 muovinen k\u00e4sipainosetti ter\u00e4ksisell\u00e4 liitosputkella, 2 x 15 kg, 35 x 14 cm<\/p>\n","protected":false},"featured_media":46429,"comment_status":"open","ping_status":"closed","template":"","meta":[],"product_brand":[],"product_cat":[32],"product_tag":[],"class_list":{"0":"post-38675","1":"product","2":"type-product","3":"status-publish","4":"has-post-thumbnail","6":"product_cat-uncategorized-fi","8":"first","9":"instock","10":"shipping-taxable","11":"purchasable","12":"product-type-simple"},"_links":{"self":[{"href":"https:\/\/nordicmart.andreevmaster.com\/fi\/wp-json\/wp\/v2\/product\/38675","targetHints":{"allow":["GET"]}}],"collection":[{"href":"https:\/\/nordicmart.andreevmaster.com\/fi\/wp-json\/wp\/v2\/product"}],"about":[{"href":"https:\/\/nordicmart.andreevmaster.com\/fi\/wp-json\/wp\/v2\/types\/product"}],"replies":[{"embeddable":true,"href":"https:\/\/nordicmart.andreevmaster.com\/fi\/wp-json\/wp\/v2\/comments?post=38675"}],"wp:featuredmedia":[{"embeddable":true,"href":"https:\/\/nordicmart.andreevmaster.com\/fi\/wp-json\/wp\/v2\/media\/46429"}],"wp:attachment":[{"href":"https:\/\/nordicmart.andreevmaster.com\/fi\/wp-json\/wp\/v2\/media?parent=38675"}],"wp:term":[{"taxonomy":"product_brand","embeddable":true,"href":"https:\/\/nordicmart.andreevmaster.com\/fi\/wp-json\/wp\/v2\/product_brand?post=38675"},{"taxonomy":"product_cat","embeddable":true,"href":"https:\/\/nordicmart.andreevmaster.com\/fi\/wp-json\/wp\/v2\/product_cat?post=38675"},{"taxonomy":"product_tag","embeddable":true,"href":"https:\/\/nordicmart.andreevmaster.com\/fi\/wp-json\/wp\/v2\/product_tag?post=38675"}],"curies":[{"name":"wp","href":"https:\/\/api.w.org\/{rel}","templated":true}]}}