{"id":38673,"date":"2026-02-27T00:45:13","date_gmt":"2026-02-27T00:45:13","guid":{"rendered":"https:\/\/nordicmart.andreevmaster.com\/product\/kasipainot-musta\/"},"modified":"2026-02-27T10:00:27","modified_gmt":"2026-02-27T10:00:27","slug":"kasipainot-musta","status":"publish","type":"product","link":"https:\/\/nordicmart.andreevmaster.com\/fi\/tuote\/kasipainot-musta\/","title":{"rendered":"K\u00e4sipainot, musta"},"content":{"rendered":"<p>T\u00e4ydellinen perusvarustus kotikuntosalillesiMukauta harjoittelusiOta kaikki irti kehostasi! T\u00e4m\u00e4 k\u00e4sipainosetti on r\u00e4\u00e4t\u00e4l\u00f6ity yksil\u00f6llisten tavoitteidesi, voimiesi ja kykyjesi mukaan. Voit helposti mukauttaa SONGMICS-painosarjan tarpeisiisi lis\u00e4\u00e4m\u00e4ll\u00e4 tai poistamalla eri painoisia painolevyj\u00e4. Haluatpa sitten tehd\u00e4 k\u00e4sipainoilla k\u00e4sivarsien koukistuksia, penkkipunnerruksia, k\u00e4sipainoilla soutamista tai muita harjoituksia, t\u00e4m\u00e4 sarja auttaa sinua rakentamaan lihaksia.Sopii p\u00e4ivitt\u00e4iseen k\u00e4ytt\u00f6\u00f6n Sis\u00e4ll\u00e4 olevan hiekkasementtiseoksen, kest\u00e4v\u00e4n PE-muovikotelon ja k\u00e4teen hyvin istuvien luistamattomien kahvojen ansiosta voit k\u00e4ytt\u00e4\u00e4 k\u00e4sipainosarjaa monin eri tavoin: Yhteens\u00e4 20 kg painavat painot voidaan yhdistell\u00e4 k\u00e4sipainoiksi seuraavissa painoluokissa: 5 kg, 6 kg, 10 kg, 11 kg, 15 kg, 16 kg ja 20 kg. Painot, joiden kokonaispaino on 30 kg, voidaan yhdist\u00e4\u00e4 k\u00e4sipainoiksi seuraavissa painoluokissa: 5 kg, 6 kg, 10 kg, 11 kg, 15 kg, 16 kg, 20 kg, 21 kg, 25 kg, 26 kg ja 30 kg. Painot, joiden kokonaispaino on 40 kg, voidaan yhdist\u00e4\u00e4 k\u00e4sipainoiksi seuraavissa painoluokissa: 5 kg, 7 kg, 10 kg, 15 kg, 16 kg ja 20 kg: 5 kg, 7 kg, 10 kg, 12 kg, 15 kg, 17 kg, 20 kg, 22 kg, 25 kg, 27 kg, 30 kg, 32 kg, 35 kg, 37 kg ja 40 kg.SONGMICS Huomautukset:\u00c4l\u00e4 s\u00e4ilyt\u00e4 k\u00e4sipainoja korkealla paikalla, esim. hyllyn yl\u00e4osassa, koska ne voivat pudota. Se voi aiheuttaa vakavia vammoja. Ei sovellu lapsille. K\u00e4yt\u00e4 k\u00e4sipainoja varovasti vahinkojen v\u00e4ltt\u00e4miseksi. Varmista, ett\u00e4 painot ja mutterit ovat kunnolla kiinni ennen k\u00e4sipainojen k\u00e4ytt\u00f6\u00e4.<\/p>\n","protected":false},"excerpt":{"rendered":"<p>T\u00e4ydellinen perusvarustus kotikuntosalillesiMukauta harjoittelusiOta kaikki irti kehostasi! T\u00e4m\u00e4 k\u00e4sipainosetti on r\u00e4\u00e4t\u00e4l\u00f6ity yksil\u00f6llisten tavoitteidesi, voimiesi ja kykyjesi mukaan. Voit helposti mukauttaa SONGMICS-painosarjan tarpeisiisi lis\u00e4\u00e4m\u00e4ll\u00e4 tai poistamalla eri painoisia painolevyj\u00e4. Haluatpa sitten tehd\u00e4 k\u00e4sipainoilla k\u00e4sivarsien koukistuksia, penkkipunnerruksia, k\u00e4sipainoilla soutamista tai muita harjoituksia, t\u00e4m\u00e4 sarja auttaa sinua rakentamaan lihaksia.Sopii p\u00e4ivitt\u00e4iseen k\u00e4ytt\u00f6\u00f6n Sis\u00e4ll\u00e4 olevan hiekkasementtiseoksen, kest\u00e4v\u00e4n PE-muovikotelon ja k\u00e4teen [&hellip;]<\/p>\n","protected":false},"featured_media":0,"comment_status":"open","ping_status":"closed","template":"","meta":[],"product_brand":[],"product_cat":[32],"product_tag":[],"class_list":{"0":"post-38673","1":"product","2":"type-product","3":"status-publish","5":"product_cat-uncategorized-fi","7":"first","8":"instock","9":"shipping-taxable","10":"product-type-simple"},"_links":{"self":[{"href":"https:\/\/nordicmart.andreevmaster.com\/fi\/wp-json\/wp\/v2\/product\/38673","targetHints":{"allow":["GET"]}}],"collection":[{"href":"https:\/\/nordicmart.andreevmaster.com\/fi\/wp-json\/wp\/v2\/product"}],"about":[{"href":"https:\/\/nordicmart.andreevmaster.com\/fi\/wp-json\/wp\/v2\/types\/product"}],"replies":[{"embeddable":true,"href":"https:\/\/nordicmart.andreevmaster.com\/fi\/wp-json\/wp\/v2\/comments?post=38673"}],"wp:attachment":[{"href":"https:\/\/nordicmart.andreevmaster.com\/fi\/wp-json\/wp\/v2\/media?parent=38673"}],"wp:term":[{"taxonomy":"product_brand","embeddable":true,"href":"https:\/\/nordicmart.andreevmaster.com\/fi\/wp-json\/wp\/v2\/product_brand?post=38673"},{"taxonomy":"product_cat","embeddable":true,"href":"https:\/\/nordicmart.andreevmaster.com\/fi\/wp-json\/wp\/v2\/product_cat?post=38673"},{"taxonomy":"product_tag","embeddable":true,"href":"https:\/\/nordicmart.andreevmaster.com\/fi\/wp-json\/wp\/v2\/product_tag?post=38673"}],"curies":[{"name":"wp","href":"https:\/\/api.w.org\/{rel}","templated":true}]}}