{"id":38671,"date":"2026-02-27T00:45:12","date_gmt":"2026-02-27T00:45:12","guid":{"rendered":"https:\/\/nordicmart.andreevmaster.com\/product\/songmics-valurautaiset-kasipainot-mustat\/"},"modified":"2026-02-27T10:00:26","modified_gmt":"2026-02-27T10:00:26","slug":"songmics-valurautaiset-kasipainot-mustat","status":"publish","type":"product","link":"https:\/\/nordicmart.andreevmaster.com\/fi\/tuote\/songmics-valurautaiset-kasipainot-mustat\/","title":{"rendered":"SONGMICS valurautaiset k\u00e4sipainot, mustat"},"content":{"rendered":"<p>SONGMICS tarjoaa aina parhaat kuntoiluv\u00e4lineet niille, jotka haluavat saavuttaa ihanteellisen kunnon. Uusi k\u00e4sipainosettimme on suunniteltu tarjoamaan sinulle optimaalisen harjoittelukokemuksen ilman aika- tai tilarajoituksia.  Se mahdollistaa sinulle:  Oman treenirutiinin mukauttamisen: Erilaiset levyt helpottavat painojen s\u00e4\u00e4t\u00e4mist\u00e4 yksinkertaisilla yhdistelmill\u00e4 treenin intensiteetin mukaan, mik\u00e4 s\u00e4\u00e4st\u00e4\u00e4 rahaa ja tilaa lis\u00e4painoille.  Sarjan helpon s\u00e4ilytyksen:  Et en\u00e4\u00e4 valita puuttuvista osista, sill\u00e4 SONGMICS-k\u00e4sipainot toimitetaan kannettavassa laukussa. Kaikki osat pysyv\u00e4t siistein\u00e4 ja p\u00f6lytt\u00f6min\u00e4, kun et k\u00e4yt\u00e4 niit\u00e4. Mukava kahva helpottaa kantamista.  Suositeltavat vapaasti valittavat yhdistelm\u00e4t:  10 kg: 4 x 1,25 kg, 2 x tanko, 4 x t\u00e4htilukko 15 kg: 4 x 2,5 kg, 2 x tankoa, 4 x t\u00e4htilukkoa 20 kg: 4 x 2,5 kg, 4 x 1,25 kg, 2 x tankoa, 4 x t\u00e4htilukkoa Tuotetiedot: -V\u00e4ri: musta &#8211; Materiaali: jauhemaalatut valurautalevyt, galvanoidut rautatangot, rautaiset t\u00e4htilukot Toimitus sis\u00e4lt\u00e4\u00e4:- 4 x 2,5 kg levy &#8211; 4 x 1,25 kg levy &#8211; 2 x tanko &#8211; 4 x t\u00e4htilukko &#8211; 1 x laukku SONGMICS Huomautukset: &#8211; Levit\u00e4 ennen k\u00e4ytt\u00f6\u00e4 ruosteenesto\u00f6ljy\u00e4 pinnalle. &#8211; \u00c4l\u00e4 s\u00e4ilyt\u00e4 k\u00e4sipainoja korkealla. &#8211; Lapset eiv\u00e4t saa leikki\u00e4 k\u00e4sipainoilla.- Laske k\u00e4sipainot varovasti alas harjoituksen j\u00e4lkeen, jotta v\u00e4lt\u00e4t loukkaantumiset.<\/p>\n","protected":false},"excerpt":{"rendered":"<p>SONGMICS 2 kpl k\u00e4sipainosetti k\u00e4sipainot 20 kg (2 x 10 kg) SYL20HV1<\/p>\n","protected":false},"featured_media":46426,"comment_status":"open","ping_status":"closed","template":"","meta":[],"product_brand":[],"product_cat":[32],"product_tag":[],"class_list":{"0":"post-38671","1":"product","2":"type-product","3":"status-publish","4":"has-post-thumbnail","6":"product_cat-uncategorized-fi","8":"first","9":"instock","10":"shipping-taxable","11":"purchasable","12":"product-type-simple"},"_links":{"self":[{"href":"https:\/\/nordicmart.andreevmaster.com\/fi\/wp-json\/wp\/v2\/product\/38671","targetHints":{"allow":["GET"]}}],"collection":[{"href":"https:\/\/nordicmart.andreevmaster.com\/fi\/wp-json\/wp\/v2\/product"}],"about":[{"href":"https:\/\/nordicmart.andreevmaster.com\/fi\/wp-json\/wp\/v2\/types\/product"}],"replies":[{"embeddable":true,"href":"https:\/\/nordicmart.andreevmaster.com\/fi\/wp-json\/wp\/v2\/comments?post=38671"}],"wp:featuredmedia":[{"embeddable":true,"href":"https:\/\/nordicmart.andreevmaster.com\/fi\/wp-json\/wp\/v2\/media\/46426"}],"wp:attachment":[{"href":"https:\/\/nordicmart.andreevmaster.com\/fi\/wp-json\/wp\/v2\/media?parent=38671"}],"wp:term":[{"taxonomy":"product_brand","embeddable":true,"href":"https:\/\/nordicmart.andreevmaster.com\/fi\/wp-json\/wp\/v2\/product_brand?post=38671"},{"taxonomy":"product_cat","embeddable":true,"href":"https:\/\/nordicmart.andreevmaster.com\/fi\/wp-json\/wp\/v2\/product_cat?post=38671"},{"taxonomy":"product_tag","embeddable":true,"href":"https:\/\/nordicmart.andreevmaster.com\/fi\/wp-json\/wp\/v2\/product_tag?post=38671"}],"curies":[{"name":"wp","href":"https:\/\/api.w.org\/{rel}","templated":true}]}}