{"id":38669,"date":"2026-02-27T00:45:11","date_gmt":"2026-02-27T00:45:11","guid":{"rendered":"https:\/\/nordicmart.andreevmaster.com\/product\/songmics-valurautaiset-kasipainosetti\/"},"modified":"2026-02-27T10:00:26","modified_gmt":"2026-02-27T10:00:26","slug":"songmics-valurautaiset-kasipainosetti","status":"publish","type":"product","link":"https:\/\/nordicmart.andreevmaster.com\/fi\/tuote\/songmics-valurautaiset-kasipainosetti\/","title":{"rendered":"SONGMICS valurautaiset k\u00e4sipainosetti"},"content":{"rendered":"<p>SONGMICS tarjoaa korkealaatuisia kuntoiluv\u00e4lineit\u00e4 kaikille, jotka haluavat saavuttaa ihanteellisen kunnon. Hantelimme on kehitetty tarjoamaan sinulle optimaalisen harjoittelukokemuksen ilman aika- tai tilarajoituksia. Sen avulla voit: &#8230;&#8230;r\u00e4\u00e4t\u00e4l\u00f6id\u00e4 harjoittelusi: Erilaiset levyt mahdollistavat painojen mukauttamisen harjoittelusi intensiteettiin yksinkertaisesti yhdistelem\u00e4ll\u00e4 niit\u00e4, mik\u00e4 s\u00e4\u00e4st\u00e4\u00e4 rahaa ja tilaa lis\u00e4painoille&#8230;.muuttaa t\u00e4m\u00e4n k\u00e4sipainosetin barbelliksi: mukana toimitetun erityisen liitoskappaleen avulla saat hetkess\u00e4 barbellin. T\u00e4m\u00e4 tarjoaa sinulle viel\u00e4 enemm\u00e4n mahdollisuuksia kehitt\u00e4\u00e4 eri kehon osien lihaksia ja saavuttaa parempia harjoitustuloksia.Tuotetiedot: V\u00e4ri: musta Materiaali: jauhemaalatut valurautalevyt, galvanoidut rautatangot, rautaiset t\u00e4htilukot Toimitus sis\u00e4lt\u00e4\u00e4: 4 x 2,5 kg levy 4 x 1,25 kg levy 2 x tanko 4 x t\u00e4htilukko 1 x liitosputki 1 x lis\u00e4varustepaketti SONGMICS Huomautukset:Ennen k\u00e4sipainojen k\u00e4ytt\u00f6\u00e4 niiden pinnalle tulee levitt\u00e4\u00e4 ruosteenesto\u00f6ljy\u00e4. Turvallisuussyist\u00e4 k\u00e4sipainoja ei saa s\u00e4ilytt\u00e4\u00e4 korkeilla paikoilla, joista ne voivat pudota. Lapset eiv\u00e4t saa leikki\u00e4 k\u00e4sipainoilla. Laske k\u00e4sipainot harjoituksen j\u00e4lkeen varovasti alas, jotta v\u00e4lt\u00e4t loukkaantumiset.<\/p>\n","protected":false},"excerpt":{"rendered":"<p>SONGMICS 2 kpl k\u00e4sipainosetti k\u00e4sipainot 20 kg (2 x 10 kg) SYL20HV1<\/p>\n","protected":false},"featured_media":46424,"comment_status":"open","ping_status":"closed","template":"","meta":[],"product_brand":[],"product_cat":[32],"product_tag":[],"class_list":{"0":"post-38669","1":"product","2":"type-product","3":"status-publish","4":"has-post-thumbnail","6":"product_cat-uncategorized-fi","8":"first","9":"instock","10":"shipping-taxable","11":"purchasable","12":"product-type-simple"},"_links":{"self":[{"href":"https:\/\/nordicmart.andreevmaster.com\/fi\/wp-json\/wp\/v2\/product\/38669","targetHints":{"allow":["GET"]}}],"collection":[{"href":"https:\/\/nordicmart.andreevmaster.com\/fi\/wp-json\/wp\/v2\/product"}],"about":[{"href":"https:\/\/nordicmart.andreevmaster.com\/fi\/wp-json\/wp\/v2\/types\/product"}],"replies":[{"embeddable":true,"href":"https:\/\/nordicmart.andreevmaster.com\/fi\/wp-json\/wp\/v2\/comments?post=38669"}],"wp:featuredmedia":[{"embeddable":true,"href":"https:\/\/nordicmart.andreevmaster.com\/fi\/wp-json\/wp\/v2\/media\/46424"}],"wp:attachment":[{"href":"https:\/\/nordicmart.andreevmaster.com\/fi\/wp-json\/wp\/v2\/media?parent=38669"}],"wp:term":[{"taxonomy":"product_brand","embeddable":true,"href":"https:\/\/nordicmart.andreevmaster.com\/fi\/wp-json\/wp\/v2\/product_brand?post=38669"},{"taxonomy":"product_cat","embeddable":true,"href":"https:\/\/nordicmart.andreevmaster.com\/fi\/wp-json\/wp\/v2\/product_cat?post=38669"},{"taxonomy":"product_tag","embeddable":true,"href":"https:\/\/nordicmart.andreevmaster.com\/fi\/wp-json\/wp\/v2\/product_tag?post=38669"}],"curies":[{"name":"wp","href":"https:\/\/api.w.org\/{rel}","templated":true}]}}