{"id":38668,"date":"2026-02-27T00:45:11","date_gmt":"2026-02-27T00:45:11","guid":{"rendered":"https:\/\/nordicmart.andreevmaster.com\/product\/2-i-1-kasipainosetti-2-x-10-kg-saadettavat-valurautaiset-painot-mukana-ylimaarainen-teraksinen-painotanko-kuntosaliharjoittelu-painonnosto-kotikuntosali-musta\/"},"modified":"2026-02-27T10:00:26","modified_gmt":"2026-02-27T10:00:26","slug":"2-i-1-kasipainosetti-2-x-10-kg-saadettavat-valurautaiset-painot-mukana-ylimaarainen-teraksinen-painotanko-kuntosaliharjoittelu-painonnosto-kotikuntosali-musta","status":"publish","type":"product","link":"https:\/\/nordicmart.andreevmaster.com\/fi\/tuote\/2-i-1-kasipainosetti-2-x-10-kg-saadettavat-valurautaiset-painot-mukana-ylimaarainen-teraksinen-painotanko-kuntosaliharjoittelu-painonnosto-kotikuntosali-musta\/","title":{"rendered":"2-i-1 k\u00e4sipainosetti, 2 x 10 kg s\u00e4\u00e4dett\u00e4v\u00e4t valurautaiset painot, mukana ylim\u00e4\u00e4r\u00e4inen ter\u00e4ksinen painotanko, kuntosaliharjoittelu, painonnosto, kotikuntosali, musta"},"content":{"rendered":"<p>[Kuntoilu ja mukavuus] SONGMICS-kuntoiluv\u00e4lineet on suunniteltu auttamaan sinua yll\u00e4pit\u00e4m\u00e4\u00e4n ihanteellista vartaloa, olitpa sitten toimistossa tai kotona; aloita vain harjoittelu, kun sinulle sopii.[S\u00e4\u00e4dett\u00e4v\u00e4 paino] 8 levy\u00e4 (4 x 2,5 kg, 4 x 1,25 kg) antavat sinulle mahdollisuuden s\u00e4\u00e4t\u00e4\u00e4 painoa erilaisille harjoitusohjelmille; t\u00e4m\u00e4 2 k\u00e4sipainosetti voidaan yhdist\u00e4\u00e4 20 kg:n painotangoksi.[Kest\u00e4v\u00e4 rakenne] T\u00e4m\u00e4 k\u00e4sipainosetti on valmistettu laadukkaasta valuraudasta, jonka pinta on ruiskumaalattu, ja galvanoiduista tangoista, joten se on vankka ja kest\u00e4v\u00e4 monien vuosien ajan.<\/p>\n<p>[Ylim\u00e4\u00e4r\u00e4inen painotanko] Mukana toimitetaan ylim\u00e4\u00e4r\u00e4inen 30 cm:n painotanko, jonka avulla voit muuttaa k\u00e4sipainosarjan tavalliseksi painotangoksi ja treenata useilla eri liikemalleilla.<\/p>\n<p>[Turvallinen ote] Pinnassa olevien urien ansiosta 14 cm pitk\u00e4 k\u00e4sipainotanko on luistamaton ja takaa mukavan otteen; lis\u00e4ksi 4 spinlock-lukkoa lukitsevat k\u00e4sipainolevyt turvallisesti paikoilleen. <\/p>\n<p>SONGMICS tarjoaa korkealaatuisia kuntoiluv\u00e4lineit\u00e4 niille, jotka pyrkiv\u00e4t saavuttamaan ihanteellisen vartalon. K\u00e4sipainosarjamme on suunniteltu tarjoamaan sinulle optimaalisen harjoittelukokemuksen ilman aika- ja tilarajoituksia, jotta voit: &#8230;&#8230; r\u00e4\u00e4t\u00e4l\u00f6id\u00e4 harjoittelusi: Erilaiset levyt mahdollistavat painojen mukauttamisen harjoittelusi intensiteettiin yksinkertaisesti yhdistelem\u00e4ll\u00e4 niit\u00e4, jolloin s\u00e4\u00e4st\u00e4t rahaa ja tilaa ylim\u00e4\u00e4r\u00e4isille painoille&#8230;. t\u00e4m\u00e4n k\u00e4sipainosarjan painotangoksi: Mukana toimitettava erityinen liitoskappale antaa sinulle painotangon hetkess\u00e4. Se antaa sinulle viel\u00e4 enemm\u00e4n mahdollisuuksia rakentaa lihaksia kehon eri osiin ja saavuttaa parempia harjoittelutuloksia. Tuotetiedot: V\u00e4ri: Musta Materiaali: Jauhemaalatut valurautalevyt, galvanoidut rautatangot, rautaiset t\u00e4htikiinnikkeet Toimitus sis\u00e4lt\u00e4\u00e4: 4 x 2,5 kg:n levy 4 x 1,25 kg:n levy 2 x tanko 4 x t\u00e4htikiinnike 1 x liitosputki 1 x lis\u00e4varustepaketti SONGICSin huomautukset:Ennen kuin k\u00e4yt\u00e4t k\u00e4sipainoja, levit\u00e4 niiden pinnalle ruosteenesto\u00f6ljy\u00e4. Turvallisuussyist\u00e4 \u00e4l\u00e4 s\u00e4ilyt\u00e4 k\u00e4sipainoja korkeilla paikoilla, joista ne voivat pudota. \u00c4l\u00e4 anna lasten leikki\u00e4 k\u00e4sipainoilla. Laita k\u00e4sipainot varovasti pois treenin j\u00e4lkeen vahinkojen v\u00e4ltt\u00e4miseksi.<\/p>\n","protected":false},"excerpt":{"rendered":"<p>[Kuntoilu ja mukavuus] SONGMICS-kuntoiluv\u00e4lineet on suunniteltu auttamaan sinua yll\u00e4pit\u00e4m\u00e4\u00e4n ihanteellista vartaloa, olitpa sitten toimistossa tai kotona; aloita vain harjoittelu, kun sinulle sopii.[S\u00e4\u00e4dett\u00e4v\u00e4 paino] 8 levy\u00e4 (4 x 2,5 kg, 4 x 1,25 kg) antavat sinulle mahdollisuuden s\u00e4\u00e4t\u00e4\u00e4 painoa erilaisille harjoitusohjelmille; t\u00e4m\u00e4 2 k\u00e4sipainosetti voidaan yhdist\u00e4\u00e4 20 kg:n painotangoksi.[Kest\u00e4v\u00e4 rakenne] T\u00e4m\u00e4 k\u00e4sipainosetti on valmistettu laadukkaasta valuraudasta, [&hellip;]<\/p>\n","protected":false},"featured_media":0,"comment_status":"open","ping_status":"closed","template":"","meta":[],"product_brand":[],"product_cat":[32],"product_tag":[],"class_list":{"0":"post-38668","1":"product","2":"type-product","3":"status-publish","5":"product_cat-uncategorized-fi","7":"first","8":"instock","9":"shipping-taxable","10":"product-type-simple"},"_links":{"self":[{"href":"https:\/\/nordicmart.andreevmaster.com\/fi\/wp-json\/wp\/v2\/product\/38668","targetHints":{"allow":["GET"]}}],"collection":[{"href":"https:\/\/nordicmart.andreevmaster.com\/fi\/wp-json\/wp\/v2\/product"}],"about":[{"href":"https:\/\/nordicmart.andreevmaster.com\/fi\/wp-json\/wp\/v2\/types\/product"}],"replies":[{"embeddable":true,"href":"https:\/\/nordicmart.andreevmaster.com\/fi\/wp-json\/wp\/v2\/comments?post=38668"}],"wp:attachment":[{"href":"https:\/\/nordicmart.andreevmaster.com\/fi\/wp-json\/wp\/v2\/media?parent=38668"}],"wp:term":[{"taxonomy":"product_brand","embeddable":true,"href":"https:\/\/nordicmart.andreevmaster.com\/fi\/wp-json\/wp\/v2\/product_brand?post=38668"},{"taxonomy":"product_cat","embeddable":true,"href":"https:\/\/nordicmart.andreevmaster.com\/fi\/wp-json\/wp\/v2\/product_cat?post=38668"},{"taxonomy":"product_tag","embeddable":true,"href":"https:\/\/nordicmart.andreevmaster.com\/fi\/wp-json\/wp\/v2\/product_tag?post=38668"}],"curies":[{"name":"wp","href":"https:\/\/api.w.org\/{rel}","templated":true}]}}