{"id":38667,"date":"2026-02-27T00:45:11","date_gmt":"2026-02-27T00:45:11","guid":{"rendered":"https:\/\/nordicmart.andreevmaster.com\/product\/songmics-kasipainosetti-20-kg-musta\/"},"modified":"2026-02-27T10:00:26","modified_gmt":"2026-02-27T10:00:26","slug":"songmics-kasipainosetti-20-kg-musta","status":"publish","type":"product","link":"https:\/\/nordicmart.andreevmaster.com\/fi\/tuote\/songmics-kasipainosetti-20-kg-musta\/","title":{"rendered":"SONGMICS k\u00e4sipainosetti 20 kg musta"},"content":{"rendered":"<p>T\u00e4ydellinen perusvarustus kotikuntosalille Suunnittele treenisi yksil\u00f6llisesti Ota kaikki irti kehostasi! T\u00e4m\u00e4 k\u00e4sipainosetti on r\u00e4\u00e4t\u00e4l\u00f6ity yksil\u00f6llisten tavoitteidesi, vahvuuksiesi ja suorituskykysi mukaan. Voit helposti mukauttaa SONGMICSin painavan setin tarpeisiisi lis\u00e4\u00e4m\u00e4ll\u00e4 tai poistamalla eri painoisia painolevyj\u00e4. Haluatpa sitten tehd\u00e4 k\u00e4sivarsien taivutuksia, penkkipunnerruksia, k\u00e4sipainoilla soutamista tai muita harjoituksia, t\u00e4m\u00e4 sarja auttaa sinua lihasten kasvattamisessa. Sopii p\u00e4ivitt\u00e4iseen k\u00e4ytt\u00f6\u00f6n Hiekka-sementtiseoksen ansiosta, kest\u00e4v\u00e4st\u00e4 PE-muovikuoresta ja mukavasti k\u00e4teen sopivista, luistamattomista kahvoista voit k\u00e4ytt\u00e4\u00e4 k\u00e4sipainosarjaa ongelmitta p\u00e4ivitt\u00e4in.Tuotetiedot V\u00e4ri: musta Materiaali: rautatangot, k\u00e4sipainolevyt sementtiseoksella t\u00e4ytettyin\u00e4 ja PE-kuori Levyn rei\u00e4n halkaisija: 2,6 cm K\u00e4sipainotangon koko: 2,5 x 50,5 cm (halkaisija x pituus) Kahvan pituus: 12 cm K\u00e4sipainotangon ja t\u00e4htimutterin paino: 1 kg<\/p>\n","protected":false},"excerpt":{"rendered":"<p>SONGMICS 2 kpl k\u00e4sipainosetti k\u00e4sipainot 20 kg (2 x 10 kg) SYL20HV1<\/p>\n","protected":false},"featured_media":46423,"comment_status":"open","ping_status":"closed","template":"","meta":[],"product_brand":[],"product_cat":[32],"product_tag":[],"class_list":{"0":"post-38667","1":"product","2":"type-product","3":"status-publish","4":"has-post-thumbnail","6":"product_cat-uncategorized-fi","8":"first","9":"instock","10":"shipping-taxable","11":"purchasable","12":"product-type-simple"},"_links":{"self":[{"href":"https:\/\/nordicmart.andreevmaster.com\/fi\/wp-json\/wp\/v2\/product\/38667","targetHints":{"allow":["GET"]}}],"collection":[{"href":"https:\/\/nordicmart.andreevmaster.com\/fi\/wp-json\/wp\/v2\/product"}],"about":[{"href":"https:\/\/nordicmart.andreevmaster.com\/fi\/wp-json\/wp\/v2\/types\/product"}],"replies":[{"embeddable":true,"href":"https:\/\/nordicmart.andreevmaster.com\/fi\/wp-json\/wp\/v2\/comments?post=38667"}],"wp:featuredmedia":[{"embeddable":true,"href":"https:\/\/nordicmart.andreevmaster.com\/fi\/wp-json\/wp\/v2\/media\/46423"}],"wp:attachment":[{"href":"https:\/\/nordicmart.andreevmaster.com\/fi\/wp-json\/wp\/v2\/media?parent=38667"}],"wp:term":[{"taxonomy":"product_brand","embeddable":true,"href":"https:\/\/nordicmart.andreevmaster.com\/fi\/wp-json\/wp\/v2\/product_brand?post=38667"},{"taxonomy":"product_cat","embeddable":true,"href":"https:\/\/nordicmart.andreevmaster.com\/fi\/wp-json\/wp\/v2\/product_cat?post=38667"},{"taxonomy":"product_tag","embeddable":true,"href":"https:\/\/nordicmart.andreevmaster.com\/fi\/wp-json\/wp\/v2\/product_tag?post=38667"}],"curies":[{"name":"wp","href":"https:\/\/api.w.org\/{rel}","templated":true}]}}