{"id":38665,"date":"2026-02-27T00:45:10","date_gmt":"2026-02-27T00:45:10","guid":{"rendered":"https:\/\/nordicmart.andreevmaster.com\/product\/handvaegtsaet-20-kg-sort-2\/"},"modified":"2026-02-27T10:00:25","modified_gmt":"2026-02-27T10:00:25","slug":"handvaegtsaet-20-kg-sort-2","status":"publish","type":"product","link":"https:\/\/nordicmart.andreevmaster.com\/fi\/tuote\/handvaegtsaet-20-kg-sort-2\/","title":{"rendered":"H\u00e5ndv\u00e6gts\u00e6t 20 kg sort"},"content":{"rendered":"<p>Det perfekte basisudstyr til dit hjemmegymTilpas din tr\u00e6ningF\u00e5 det bedste ud af din krop! Dette h\u00e5ndv\u00e6gtss\u00e6t er skr\u00e6ddersyet til dine individuelle m\u00e5l, styrker og evner. Voit helposti mukauttaa SONGMICS-painosarjan tarpeisiisi lis\u00e4\u00e4m\u00e4ll\u00e4 tai poistamalla eri painoisia painolevyj\u00e4. Haluatpa sitten tehd\u00e4 k\u00e4sipainoilla k\u00e4sien koukistuksia, penkkipunnerruksia, k\u00e4sipainoilla soutamista tai muita harjoituksia, t\u00e4m\u00e4 sarja auttaa sinua rakentamaan lihaksia.Sopii p\u00e4ivitt\u00e4iseen k\u00e4ytt\u00f6\u00f6n Hiekka-sementtiseoksen, kest\u00e4v\u00e4n PE-muovip\u00e4\u00e4llysteen ja mukavien, luistamattomien kahvojen ansiosta voit k\u00e4ytt\u00e4\u00e4 k\u00e4sipainosarjaa helposti joka p\u00e4iv\u00e4. Tuotetiedot V\u00e4ri: Musta Materiaali: Rautatangot, sementtiseoksella t\u00e4ytetyt painolevyt ja PE-kuori Levyn rei\u00e4n halkaisija: 2,6 cm Tangon koko: 2,5 x 50,5 cm (halkaisija x pituus) Kahvan pituus: 12 cm Painotangon ja t\u00e4htimutterin paino: 1 kg<\/p>\n","protected":false},"excerpt":{"rendered":"<p>Det perfekte basisudstyr til dit hjemmegymTilpas din tr\u00e6ningF\u00e5 det bedste ud af din krop! Dette h\u00e5ndv\u00e6gtss\u00e6t er skr\u00e6ddersyet til dine individuelle m\u00e5l, styrker og evner. Voit helposti mukauttaa SONGMICS-painosarjan tarpeisiisi lis\u00e4\u00e4m\u00e4ll\u00e4 tai poistamalla eri painoisia painolevyj\u00e4. Haluatpa sitten tehd\u00e4 k\u00e4sipainoilla k\u00e4sien koukistuksia, penkkipunnerruksia, k\u00e4sipainoilla soutamista tai muita harjoituksia, t\u00e4m\u00e4 sarja auttaa sinua rakentamaan lihaksia.Sopii p\u00e4ivitt\u00e4iseen [&hellip;]<\/p>\n","protected":false},"featured_media":0,"comment_status":"open","ping_status":"closed","template":"","meta":[],"product_brand":[],"product_cat":[32],"product_tag":[],"class_list":{"0":"post-38665","1":"product","2":"type-product","3":"status-publish","5":"product_cat-uncategorized-fi","7":"first","8":"instock","9":"shipping-taxable","10":"product-type-simple"},"_links":{"self":[{"href":"https:\/\/nordicmart.andreevmaster.com\/fi\/wp-json\/wp\/v2\/product\/38665","targetHints":{"allow":["GET"]}}],"collection":[{"href":"https:\/\/nordicmart.andreevmaster.com\/fi\/wp-json\/wp\/v2\/product"}],"about":[{"href":"https:\/\/nordicmart.andreevmaster.com\/fi\/wp-json\/wp\/v2\/types\/product"}],"replies":[{"embeddable":true,"href":"https:\/\/nordicmart.andreevmaster.com\/fi\/wp-json\/wp\/v2\/comments?post=38665"}],"wp:attachment":[{"href":"https:\/\/nordicmart.andreevmaster.com\/fi\/wp-json\/wp\/v2\/media?parent=38665"}],"wp:term":[{"taxonomy":"product_brand","embeddable":true,"href":"https:\/\/nordicmart.andreevmaster.com\/fi\/wp-json\/wp\/v2\/product_brand?post=38665"},{"taxonomy":"product_cat","embeddable":true,"href":"https:\/\/nordicmart.andreevmaster.com\/fi\/wp-json\/wp\/v2\/product_cat?post=38665"},{"taxonomy":"product_tag","embeddable":true,"href":"https:\/\/nordicmart.andreevmaster.com\/fi\/wp-json\/wp\/v2\/product_tag?post=38665"}],"curies":[{"name":"wp","href":"https:\/\/api.w.org\/{rel}","templated":true}]}}