{"id":38661,"date":"2026-02-27T00:45:09","date_gmt":"2026-02-27T00:45:09","guid":{"rendered":"https:\/\/nordicmart.andreevmaster.com\/product\/songmics-hexagon-kasipainosetti-neopreenipinnoitteella\/"},"modified":"2026-02-27T10:00:24","modified_gmt":"2026-02-27T10:00:24","slug":"songmics-hexagon-kasipainosetti-neopreenipinnoitteella","status":"publish","type":"product","link":"https:\/\/nordicmart.andreevmaster.com\/fi\/tuote\/songmics-hexagon-kasipainosetti-neopreenipinnoitteella\/","title":{"rendered":"SONGMICS Hexagon-k\u00e4sipainosetti neopreenipinnoitteella"},"content":{"rendered":"<p>SONGMICS k\u00e4sipainot, 2 kpl, k\u00e4sipainosetti, k\u00e4sipainot, kuusikulmainen, neopreenipinnoite, voimaharjoittelu, treeni, kuntoilu, kotik\u00e4ytt\u00f6\u00f6n<br \/>\nV\u00e4ri: musta<br \/>\nMateriaali: valurauta, neopreenipinnoite<br \/>\nKoko: 27 x 13 cm (P x L); kahvan koko: 11 cm L, 5 cm d<br \/>\nPaino: 2 x 10 kg<\/p>\n","protected":false},"excerpt":{"rendered":"<p>SONGMICS k\u00e4sipainot, 2 kpl, k\u00e4sipainosetti, k\u00e4sipainot, kuusikulmainen, neopreenipinnoite, voimaharjoittelu, treeni, kuntoilu, kotik\u00e4ytt\u00f6\u00f6n<\/p>\n","protected":false},"featured_media":46418,"comment_status":"open","ping_status":"closed","template":"","meta":[],"product_brand":[],"product_cat":[32],"product_tag":[],"class_list":{"0":"post-38661","1":"product","2":"type-product","3":"status-publish","4":"has-post-thumbnail","6":"product_cat-uncategorized-fi","8":"first","9":"instock","10":"shipping-taxable","11":"purchasable","12":"product-type-simple"},"_links":{"self":[{"href":"https:\/\/nordicmart.andreevmaster.com\/fi\/wp-json\/wp\/v2\/product\/38661","targetHints":{"allow":["GET"]}}],"collection":[{"href":"https:\/\/nordicmart.andreevmaster.com\/fi\/wp-json\/wp\/v2\/product"}],"about":[{"href":"https:\/\/nordicmart.andreevmaster.com\/fi\/wp-json\/wp\/v2\/types\/product"}],"replies":[{"embeddable":true,"href":"https:\/\/nordicmart.andreevmaster.com\/fi\/wp-json\/wp\/v2\/comments?post=38661"}],"wp:featuredmedia":[{"embeddable":true,"href":"https:\/\/nordicmart.andreevmaster.com\/fi\/wp-json\/wp\/v2\/media\/46418"}],"wp:attachment":[{"href":"https:\/\/nordicmart.andreevmaster.com\/fi\/wp-json\/wp\/v2\/media?parent=38661"}],"wp:term":[{"taxonomy":"product_brand","embeddable":true,"href":"https:\/\/nordicmart.andreevmaster.com\/fi\/wp-json\/wp\/v2\/product_brand?post=38661"},{"taxonomy":"product_cat","embeddable":true,"href":"https:\/\/nordicmart.andreevmaster.com\/fi\/wp-json\/wp\/v2\/product_cat?post=38661"},{"taxonomy":"product_tag","embeddable":true,"href":"https:\/\/nordicmart.andreevmaster.com\/fi\/wp-json\/wp\/v2\/product_tag?post=38661"}],"curies":[{"name":"wp","href":"https:\/\/api.w.org\/{rel}","templated":true}]}}