{"id":38660,"date":"2026-02-27T00:45:09","date_gmt":"2026-02-27T00:45:09","guid":{"rendered":"https:\/\/nordicmart.andreevmaster.com\/product\/songmics-kasipainosetti-liitosvarrella-10-kg-kotiin-musta\/"},"modified":"2026-02-27T10:00:24","modified_gmt":"2026-02-27T10:00:24","slug":"songmics-kasipainosetti-liitosvarrella-10-kg-kotiin-musta","status":"publish","type":"product","link":"https:\/\/nordicmart.andreevmaster.com\/fi\/tuote\/songmics-kasipainosetti-liitosvarrella-10-kg-kotiin-musta\/","title":{"rendered":"SONGMICS k\u00e4sipainosetti liitosvarrella 10 kg kotiin musta"},"content":{"rendered":"<p>SONGMICS-k\u00e4sipainosetti, k\u00e4sipainot yhdysvarrella, kuusikulmainen, k\u00e4sipainosetti, 10 kg, 20 kg, 30 kg, treeniin, kuntosaliharjoitteluun, painonnostoon kotona, kuntosalille<br \/>\nV\u00e4ri: musta<br \/>\nMateriaali: ter\u00e4sputki, muovinen suojakotelo, betoni<br \/>\nja hiekka<br \/>\nBarbellin koko: 94,3 x 21,8 x 19,6 cm (P x L x K)<br \/>\nK\u00e4sipainon koko: 37,4 x 21,8 x 19,6 cm (P x L x K)<br \/>\nKokonaispaino: 10 kg<\/p>\n","protected":false},"excerpt":{"rendered":"<p>SONGMICS-k\u00e4sipainosetti, k\u00e4sipainot yhdysvarrella, kuusikulmainen, k\u00e4sipainosetti, 10 kg, 20 kg, 30 kg, treeniin, kuntosaliharjoitteluun, painonnostoon kotona, kuntosalille<\/p>\n","protected":false},"featured_media":46417,"comment_status":"open","ping_status":"closed","template":"","meta":[],"product_brand":[],"product_cat":[32],"product_tag":[],"class_list":{"0":"post-38660","1":"product","2":"type-product","3":"status-publish","4":"has-post-thumbnail","6":"product_cat-uncategorized-fi","8":"first","9":"instock","10":"shipping-taxable","11":"purchasable","12":"product-type-simple"},"_links":{"self":[{"href":"https:\/\/nordicmart.andreevmaster.com\/fi\/wp-json\/wp\/v2\/product\/38660","targetHints":{"allow":["GET"]}}],"collection":[{"href":"https:\/\/nordicmart.andreevmaster.com\/fi\/wp-json\/wp\/v2\/product"}],"about":[{"href":"https:\/\/nordicmart.andreevmaster.com\/fi\/wp-json\/wp\/v2\/types\/product"}],"replies":[{"embeddable":true,"href":"https:\/\/nordicmart.andreevmaster.com\/fi\/wp-json\/wp\/v2\/comments?post=38660"}],"wp:featuredmedia":[{"embeddable":true,"href":"https:\/\/nordicmart.andreevmaster.com\/fi\/wp-json\/wp\/v2\/media\/46417"}],"wp:attachment":[{"href":"https:\/\/nordicmart.andreevmaster.com\/fi\/wp-json\/wp\/v2\/media?parent=38660"}],"wp:term":[{"taxonomy":"product_brand","embeddable":true,"href":"https:\/\/nordicmart.andreevmaster.com\/fi\/wp-json\/wp\/v2\/product_brand?post=38660"},{"taxonomy":"product_cat","embeddable":true,"href":"https:\/\/nordicmart.andreevmaster.com\/fi\/wp-json\/wp\/v2\/product_cat?post=38660"},{"taxonomy":"product_tag","embeddable":true,"href":"https:\/\/nordicmart.andreevmaster.com\/fi\/wp-json\/wp\/v2\/product_tag?post=38660"}],"curies":[{"name":"wp","href":"https:\/\/api.w.org\/{rel}","templated":true}]}}