{"id":38658,"date":"2026-02-27T00:45:08","date_gmt":"2026-02-27T00:45:08","guid":{"rendered":"https:\/\/nordicmart.andreevmaster.com\/product\/songmics-kasipainot-2-kpl-2-x-3-kg\/"},"modified":"2026-02-27T10:00:24","modified_gmt":"2026-02-27T10:00:24","slug":"songmics-kasipainot-2-kpl-2-x-3-kg","status":"publish","type":"product","link":"https:\/\/nordicmart.andreevmaster.com\/fi\/tuote\/songmics-kasipainot-2-kpl-2-x-3-kg\/","title":{"rendered":"SONGMICS k\u00e4sipainot, 2 kpl, 2 x 3 kg"},"content":{"rendered":"<p>Her\u00e4t\u00e4 lihaksesi: Oma kuntosali kotona \u2013 Yh\u00e4 useammat ihmiset eiv\u00e4t halua en\u00e4\u00e4 tehd\u00e4 voimaharjoittelua kuntosalilla, vaan kotona, koska vapailla painoilla voi tehd\u00e4 monia erilaisia harjoituksia. Pienikokoiset k\u00e4sipainot viev\u00e4t vain v\u00e4h\u00e4n tilaa, mutta sopivat t\u00e4ydellisesti voimaharjoitteluun suhteellisen raskaiden ja valittavien painojen ansiosta. Tuotetiedot:V\u00e4ri: keltainen Materiaali: valurauta, vinyylipinnoite Koko: 20 x 9 x 8,5 cm (P x L x K) Kahvan pituus: 11,5 cm Paino: 2 x 3 kg Toimitus sis\u00e4lt\u00e4\u00e4: 2 x k\u00e4sipaino SONGMICS-ohjeet: Kun et k\u00e4yt\u00e4 k\u00e4sipainoja, aseta ne vain lattialle tai lattian l\u00e4helle.K\u00e4sipainot eiv\u00e4t ole lasten leluja. S\u00e4ilyt\u00e4 ne turvallisessa paikassa loukkaantumisten v\u00e4ltt\u00e4miseksi.<\/p>\n","protected":false},"excerpt":{"rendered":"<p>SONGMICS k\u00e4sipainot, 2 kpl, k\u00e4sipainot, voimistelu k\u00e4sipainot, vinyyli, 2 x 3 kg, keltainen SYL066YL<\/p>\n","protected":false},"featured_media":46415,"comment_status":"open","ping_status":"closed","template":"","meta":[],"product_brand":[],"product_cat":[32],"product_tag":[],"class_list":{"0":"post-38658","1":"product","2":"type-product","3":"status-publish","4":"has-post-thumbnail","6":"product_cat-uncategorized-fi","8":"first","9":"instock","10":"shipping-taxable","11":"purchasable","12":"product-type-simple"},"_links":{"self":[{"href":"https:\/\/nordicmart.andreevmaster.com\/fi\/wp-json\/wp\/v2\/product\/38658","targetHints":{"allow":["GET"]}}],"collection":[{"href":"https:\/\/nordicmart.andreevmaster.com\/fi\/wp-json\/wp\/v2\/product"}],"about":[{"href":"https:\/\/nordicmart.andreevmaster.com\/fi\/wp-json\/wp\/v2\/types\/product"}],"replies":[{"embeddable":true,"href":"https:\/\/nordicmart.andreevmaster.com\/fi\/wp-json\/wp\/v2\/comments?post=38658"}],"wp:featuredmedia":[{"embeddable":true,"href":"https:\/\/nordicmart.andreevmaster.com\/fi\/wp-json\/wp\/v2\/media\/46415"}],"wp:attachment":[{"href":"https:\/\/nordicmart.andreevmaster.com\/fi\/wp-json\/wp\/v2\/media?parent=38658"}],"wp:term":[{"taxonomy":"product_brand","embeddable":true,"href":"https:\/\/nordicmart.andreevmaster.com\/fi\/wp-json\/wp\/v2\/product_brand?post=38658"},{"taxonomy":"product_cat","embeddable":true,"href":"https:\/\/nordicmart.andreevmaster.com\/fi\/wp-json\/wp\/v2\/product_cat?post=38658"},{"taxonomy":"product_tag","embeddable":true,"href":"https:\/\/nordicmart.andreevmaster.com\/fi\/wp-json\/wp\/v2\/product_tag?post=38658"}],"curies":[{"name":"wp","href":"https:\/\/api.w.org\/{rel}","templated":true}]}}