{"id":38656,"date":"2026-02-27T00:45:08","date_gmt":"2026-02-27T00:45:08","guid":{"rendered":"https:\/\/nordicmart.andreevmaster.com\/product\/songmics-kasipainot-2-kpl-yhteensa-10-kg-musta\/"},"modified":"2026-02-27T10:00:23","modified_gmt":"2026-02-27T10:00:23","slug":"songmics-kasipainot-2-kpl-yhteensa-10-kg-musta","status":"publish","type":"product","link":"https:\/\/nordicmart.andreevmaster.com\/fi\/tuote\/songmics-kasipainot-2-kpl-yhteensa-10-kg-musta\/","title":{"rendered":"SONGMICS k\u00e4sipainot, 2 kpl, yhteens\u00e4 10 kg, musta"},"content":{"rendered":"<p>SONGMICS-k\u00e4sipainosetti, k\u00e4sipainot 2 kpl, kuusikulmainen, k\u00e4sipainosetti, 2 x 5 kg, 2 x 10 kg, treeniin, kuntosaliharjoitteluun, painonnostoon kotona, kuntosalille<br \/>\nV\u00e4ri: musta<br \/>\nMateriaali: muovi, valurauta<br \/>\nKoko: 28 x 10,5 x 9,5 cm (P x L x K)<br \/>\nKahvan koko: 130 mm L x 27,5 mm d<br \/>\nPaino: 10 kg<\/p>\n","protected":false},"excerpt":{"rendered":"<p>SONGMICS-k\u00e4sipainosetti, k\u00e4sipainot 2 kpl, kuusikulmainen, k\u00e4sipainosetti, 2 x 5 kg, 2 x 10 kg, treeniin, kuntosaliharjoitteluun, painonnostoon kotona, kuntosalille<\/p>\n","protected":false},"featured_media":46413,"comment_status":"open","ping_status":"closed","template":"","meta":[],"product_brand":[],"product_cat":[32],"product_tag":[],"class_list":{"0":"post-38656","1":"product","2":"type-product","3":"status-publish","4":"has-post-thumbnail","6":"product_cat-uncategorized-fi","8":"first","9":"instock","10":"shipping-taxable","11":"purchasable","12":"product-type-simple"},"_links":{"self":[{"href":"https:\/\/nordicmart.andreevmaster.com\/fi\/wp-json\/wp\/v2\/product\/38656","targetHints":{"allow":["GET"]}}],"collection":[{"href":"https:\/\/nordicmart.andreevmaster.com\/fi\/wp-json\/wp\/v2\/product"}],"about":[{"href":"https:\/\/nordicmart.andreevmaster.com\/fi\/wp-json\/wp\/v2\/types\/product"}],"replies":[{"embeddable":true,"href":"https:\/\/nordicmart.andreevmaster.com\/fi\/wp-json\/wp\/v2\/comments?post=38656"}],"wp:featuredmedia":[{"embeddable":true,"href":"https:\/\/nordicmart.andreevmaster.com\/fi\/wp-json\/wp\/v2\/media\/46413"}],"wp:attachment":[{"href":"https:\/\/nordicmart.andreevmaster.com\/fi\/wp-json\/wp\/v2\/media?parent=38656"}],"wp:term":[{"taxonomy":"product_brand","embeddable":true,"href":"https:\/\/nordicmart.andreevmaster.com\/fi\/wp-json\/wp\/v2\/product_brand?post=38656"},{"taxonomy":"product_cat","embeddable":true,"href":"https:\/\/nordicmart.andreevmaster.com\/fi\/wp-json\/wp\/v2\/product_cat?post=38656"},{"taxonomy":"product_tag","embeddable":true,"href":"https:\/\/nordicmart.andreevmaster.com\/fi\/wp-json\/wp\/v2\/product_tag?post=38656"}],"curies":[{"name":"wp","href":"https:\/\/api.w.org\/{rel}","templated":true}]}}