{"id":38654,"date":"2026-02-27T00:45:07","date_gmt":"2026-02-27T00:45:07","guid":{"rendered":"https:\/\/nordicmart.andreevmaster.com\/product\/songmics-valurautainen-kasipainosetti-punainen\/"},"modified":"2026-02-27T10:00:23","modified_gmt":"2026-02-27T10:00:23","slug":"songmics-valurautainen-kasipainosetti-punainen","status":"publish","type":"product","link":"https:\/\/nordicmart.andreevmaster.com\/fi\/tuote\/songmics-valurautainen-kasipainosetti-punainen\/","title":{"rendered":"SONGMICS valurautainen k\u00e4sipainosetti, punainen"},"content":{"rendered":"<p>SONGMICS tarjoaa korkealaatuisia kuntoiluv\u00e4lineit\u00e4 kaikille, jotka haluavat saavuttaa ihanteellisen kunnon. Hantelimme on kehitetty tarjoamaan sinulle optimaalisen harjoittelukokemuksen ilman aika- tai tilarajoituksia. Sen avulla voit&#8230; &#8230; r\u00e4\u00e4t\u00e4l\u00f6id\u00e4 harjoittelusi: Erilaiset levyt mahdollistavat painojen mukauttamisen harjoittelusi intensiteettiin yksinkertaisesti yhdistelem\u00e4ll\u00e4 niit\u00e4, mik\u00e4 s\u00e4\u00e4st\u00e4\u00e4 rahaa ja tilaa lis\u00e4painoille.N\u00e4in muutat t\u00e4m\u00e4n k\u00e4sipainosetin barbelliksi: Mukana toimitettavan erityisen liitoskappaleen avulla saat hetkess\u00e4 barbellin. T\u00e4m\u00e4 tarjoaa sinulle viel\u00e4 enemm\u00e4n mahdollisuuksia kehitt\u00e4\u00e4 eri kehon osien lihaksia ja saavuttaa parempia harjoittelutuloksia.Tuotetiedot: V\u00e4ri: punainen Materiaali: jauhemaalatut valurautalevyt, galvanoidut rautatangot, rautaiset t\u00e4htilukot, silikonisuojus Toimitus sis\u00e4lt\u00e4\u00e4: 4 x 2,5 kg:n levy 4 x 1,25 kg:n levy 2 x tanko 4 x t\u00e4htilukko 1 x liitosputki SONGMICSin ohjeet:Ennen k\u00e4sipainojen k\u00e4ytt\u00f6\u00e4 sinun tulee levitt\u00e4\u00e4 ruosteenesto\u00f6ljy\u00e4 niiden pinnalle. Turvallisuussyist\u00e4 \u00e4l\u00e4 s\u00e4ilyt\u00e4 k\u00e4sipainoja korkeilla paikoilla, joista ne voivat pudota. Lapset eiv\u00e4t saa leikki\u00e4 k\u00e4sipainoilla. Laske k\u00e4sipainot varovasti alas harjoituksen j\u00e4lkeen, jotta v\u00e4lt\u00e4t loukkaantumiset.<\/p>\n","protected":false},"excerpt":{"rendered":"<p>SONGMICS k\u00e4sipainot, valurautaiset k\u00e4sipainosetti, s\u00e4\u00e4dett\u00e4v\u00e4t, k\u00e4sipainosetti liitosputkella, irrotettavat suojakotelot, miehille ja naisille, painonnosto kotona, kuntosali, punainen SYL020R01<\/p>\n","protected":false},"featured_media":46411,"comment_status":"open","ping_status":"closed","template":"","meta":[],"product_brand":[],"product_cat":[32],"product_tag":[],"class_list":{"0":"post-38654","1":"product","2":"type-product","3":"status-publish","4":"has-post-thumbnail","6":"product_cat-uncategorized-fi","8":"first","9":"instock","10":"shipping-taxable","11":"purchasable","12":"product-type-simple"},"_links":{"self":[{"href":"https:\/\/nordicmart.andreevmaster.com\/fi\/wp-json\/wp\/v2\/product\/38654","targetHints":{"allow":["GET"]}}],"collection":[{"href":"https:\/\/nordicmart.andreevmaster.com\/fi\/wp-json\/wp\/v2\/product"}],"about":[{"href":"https:\/\/nordicmart.andreevmaster.com\/fi\/wp-json\/wp\/v2\/types\/product"}],"replies":[{"embeddable":true,"href":"https:\/\/nordicmart.andreevmaster.com\/fi\/wp-json\/wp\/v2\/comments?post=38654"}],"wp:featuredmedia":[{"embeddable":true,"href":"https:\/\/nordicmart.andreevmaster.com\/fi\/wp-json\/wp\/v2\/media\/46411"}],"wp:attachment":[{"href":"https:\/\/nordicmart.andreevmaster.com\/fi\/wp-json\/wp\/v2\/media?parent=38654"}],"wp:term":[{"taxonomy":"product_brand","embeddable":true,"href":"https:\/\/nordicmart.andreevmaster.com\/fi\/wp-json\/wp\/v2\/product_brand?post=38654"},{"taxonomy":"product_cat","embeddable":true,"href":"https:\/\/nordicmart.andreevmaster.com\/fi\/wp-json\/wp\/v2\/product_cat?post=38654"},{"taxonomy":"product_tag","embeddable":true,"href":"https:\/\/nordicmart.andreevmaster.com\/fi\/wp-json\/wp\/v2\/product_tag?post=38654"}],"curies":[{"name":"wp","href":"https:\/\/api.w.org\/{rel}","templated":true}]}}