{"id":38652,"date":"2026-02-27T00:45:06","date_gmt":"2026-02-27T00:45:06","guid":{"rendered":"https:\/\/nordicmart.andreevmaster.com\/product\/songmics-kuntopyora-8-vastusasetusta\/"},"modified":"2026-02-27T10:00:22","modified_gmt":"2026-02-27T10:00:22","slug":"songmics-kuntopyora-8-vastusasetusta","status":"publish","type":"product","link":"https:\/\/nordicmart.andreevmaster.com\/fi\/tuote\/songmics-kuntopyora-8-vastusasetusta\/","title":{"rendered":"SONGMICS kuntopy\u00f6r\u00e4 8 vastusasetusta"},"content":{"rendered":"<p>Harjoittele syd\u00e4mell\u00e4 ja syd\u00e4men kanssa SONGMICSin syd\u00e4nkuntopy\u00f6r\u00e4n avulla voit vahvistaa verenkiertoasi, harjoitella tehokkaasti lihaksia ja kest\u00e4vyytt\u00e4, v\u00e4hent\u00e4\u00e4 stressi\u00e4 ja edist\u00e4\u00e4 tervett\u00e4 ruoansulatusta. T\u00e4m\u00e4n kuntopy\u00f6r\u00e4n ansiosta sinun ei en\u00e4\u00e4 tarvitse juosta puistossa pakkasessa tai rasittaa polviasi juoksumatoilla. Pid\u00e4 kiinni t\u00e4st\u00e4 kuntopy\u00f6r\u00e4st\u00e4 ja suorita tehokas syd\u00e4ntreeni mukavasti kotona. Harjoittele \u00e4\u00e4rimm\u00e4isess\u00e4 mukavuudessa T\u00e4m\u00e4 SONGMICS:n taitettava kuntopy\u00f6r\u00e4 sopii henkil\u00f6ille, joiden paino on enint\u00e4\u00e4n 100 kg, ja se on varustettu mukavalla, leve\u00e4ll\u00e4 ja s\u00e4\u00e4dett\u00e4v\u00e4ll\u00e4 satulalla. N\u00e4in voit polttaa kaloreita ilman ep\u00e4mukavuutta. Pid\u00e4 t\u00e4rke\u00e4t tiedot silm\u00e4ll\u00e4 Suurelta n\u00e4yt\u00f6lt\u00e4 n\u00e4et, kuinka pitk\u00e4n matkan olet jo kulkenut, kuinka nopea olet, kuinka monta kaloria olet kuluttanut ja mik\u00e4 on sykkeesi. Tartu vain ohjaustankoon, jossa on sis\u00e4\u00e4nrakennetut sykesensorit, ja seuraa sykett\u00e4si harjoituksen aikana.Helppo asentaa ja s\u00e4ilytt\u00e4\u00e4 Yksityiskohtaisten ohjeiden ansiosta rakennat lihaksia t\u00e4ll\u00e4 sis\u00e4py\u00f6r\u00e4ll\u00e4 ennen kuin huomaatkaan: kun olet suorittanut p\u00e4ivitt\u00e4isen harjoituksesi, voit taittaa t\u00e4m\u00e4n tilaa s\u00e4\u00e4st\u00e4v\u00e4n py\u00f6r\u00e4n kokoon ja laittaa sen nurkkaan tai kaappiin \u2013 purkamista ei tarvita! Tuotetiedot:- V\u00e4ri: musta &#8211; Materiaali: rauta, muovi &#8211; N\u00e4yt\u00f6n tiedot: syke, nopeus, kesto, kuljettu matka, matkamittari, kalorinkulutus &#8211; Vastustus: 8 magneettista vastusasetusta &#8211; Koko: 78 x 41 x 113 cm (P x L x K) &#8211; Koko taitettuna: 35 x 41 x 133 cm (P x L x K) &#8211; Paino: 15 kg &#8211; K\u00e4ytt\u00e4j\u00e4n enimm\u00e4ispaino: 100 kg &#8211; K\u00e4ytt\u00e4j\u00e4n enimm\u00e4ispituus: 185 cm &#8211; S\u00e4\u00e4dett\u00e4v\u00e4n satulan korkeus: 73\u201386 cm &#8211; Lattiamaton mitat: 120 x 60 x 0,4 cm (P x<\/p>\n","protected":false},"excerpt":{"rendered":"<p>SONGMICS X Bike, kuntopy\u00f6r\u00e4, py\u00f6r\u00e4ilykone, kuntoilupy\u00f6r\u00e4, kokoontaitettava kuntoilupy\u00f6r\u00e4, 8 magneettista vastusasetusta, sykemittari, matkapuhelinteline, kantavuus 100 kg, oranssi SXB11OG<\/p>\n","protected":false},"featured_media":46409,"comment_status":"open","ping_status":"closed","template":"","meta":[],"product_brand":[],"product_cat":[32],"product_tag":[],"class_list":{"0":"post-38652","1":"product","2":"type-product","3":"status-publish","4":"has-post-thumbnail","6":"product_cat-uncategorized-fi","8":"first","9":"instock","10":"shipping-taxable","11":"purchasable","12":"product-type-simple"},"_links":{"self":[{"href":"https:\/\/nordicmart.andreevmaster.com\/fi\/wp-json\/wp\/v2\/product\/38652","targetHints":{"allow":["GET"]}}],"collection":[{"href":"https:\/\/nordicmart.andreevmaster.com\/fi\/wp-json\/wp\/v2\/product"}],"about":[{"href":"https:\/\/nordicmart.andreevmaster.com\/fi\/wp-json\/wp\/v2\/types\/product"}],"replies":[{"embeddable":true,"href":"https:\/\/nordicmart.andreevmaster.com\/fi\/wp-json\/wp\/v2\/comments?post=38652"}],"wp:featuredmedia":[{"embeddable":true,"href":"https:\/\/nordicmart.andreevmaster.com\/fi\/wp-json\/wp\/v2\/media\/46409"}],"wp:attachment":[{"href":"https:\/\/nordicmart.andreevmaster.com\/fi\/wp-json\/wp\/v2\/media?parent=38652"}],"wp:term":[{"taxonomy":"product_brand","embeddable":true,"href":"https:\/\/nordicmart.andreevmaster.com\/fi\/wp-json\/wp\/v2\/product_brand?post=38652"},{"taxonomy":"product_cat","embeddable":true,"href":"https:\/\/nordicmart.andreevmaster.com\/fi\/wp-json\/wp\/v2\/product_cat?post=38652"},{"taxonomy":"product_tag","embeddable":true,"href":"https:\/\/nordicmart.andreevmaster.com\/fi\/wp-json\/wp\/v2\/product_tag?post=38652"}],"curies":[{"name":"wp","href":"https:\/\/api.w.org\/{rel}","templated":true}]}}