{"id":38651,"date":"2026-02-27T00:45:06","date_gmt":"2026-02-27T00:45:06","guid":{"rendered":"https:\/\/nordicmart.andreevmaster.com\/product\/songmics-kuntopyora-sykemittarilla\/"},"modified":"2026-02-27T10:00:22","modified_gmt":"2026-02-27T10:00:22","slug":"songmics-kuntopyora-sykemittarilla","status":"publish","type":"product","link":"https:\/\/nordicmart.andreevmaster.com\/fi\/tuote\/songmics-kuntopyora-sykemittarilla\/","title":{"rendered":"SONGMICS-kuntopy\u00f6r\u00e4 sykemittarilla"},"content":{"rendered":"<p>Tuotetiedot: V\u00e4ri: musta Materiaali: rauta, muovi N\u00e4yt\u00f6n tiedot: syke, nopeus, kesto, kuljettu matka, matkamittari, kalorinkulutus Vastustus: 8 magneettista vastusasetusta Koko: 78 x 41 x 113 cm (P x L x K)Koko taitettuna: 35 x 41 x 133 cm (P x L x K)Paino: 15 kgK\u00e4ytt\u00e4j\u00e4n enimm\u00e4ispaino: 100 kg K\u00e4ytt\u00e4j\u00e4n enimm\u00e4ispituus: 185 cm S\u00e4\u00e4dett\u00e4v\u00e4n satulan korkeus: 73\u201386 cm Lattiamaton mitat: 120 x 60 x 0,4 cm (P x L x K) Lattiamaton materiaali: PVC Paristot: AAA (sis\u00e4ltyv\u00e4t toimitukseen) S\u00e4ilytyslaatikko: MustaToimitus sis\u00e4lt\u00e4\u00e4:1 x kuntopy\u00f6r\u00e41 x lattiamatto2 x paristo1 x asennustarvikkeet1 x ohjeet (DE, EN, FR, ES, IT)SONGMICS Huomautukset:Turvallisuus- ja terveysohjeet! Henkil\u00f6t, joilla on syd\u00e4n- ja verisuonitauteja ja\/tai aivohalvauspotilaat, eiv\u00e4t saa k\u00e4ytt\u00e4\u00e4 t\u00e4t\u00e4 tuotetta. T\u00e4m\u00e4 tuote ei sovellu lapsille. Venyttele ennen kuin aloitat harjoittelun t\u00e4ll\u00e4 py\u00f6r\u00e4ll\u00e4. S\u00e4ilyt\u00e4 tuotetta pystyasennossa. \u00c4l\u00e4 laita sit\u00e4 lattialle. K\u00e4yt\u00e4 tuotetta vain kuivalla ja tasaisella alustalla.<\/p>\n","protected":false},"excerpt":{"rendered":"<p>SONGMICS X Bike, kuntopy\u00f6r\u00e4, py\u00f6r\u00e4ilykone, kuntoilupy\u00f6r\u00e4, kokoontaitettava kuntoilupy\u00f6r\u00e4, 8 magneettista vastusasetusta, sykemittari, matkapuhelinteline, kantavuus 100 kg, oranssi SXB11OG<\/p>\n","protected":false},"featured_media":46408,"comment_status":"open","ping_status":"closed","template":"","meta":[],"product_brand":[],"product_cat":[32],"product_tag":[],"class_list":{"0":"post-38651","1":"product","2":"type-product","3":"status-publish","4":"has-post-thumbnail","6":"product_cat-uncategorized-fi","8":"first","9":"instock","10":"shipping-taxable","11":"purchasable","12":"product-type-simple"},"_links":{"self":[{"href":"https:\/\/nordicmart.andreevmaster.com\/fi\/wp-json\/wp\/v2\/product\/38651","targetHints":{"allow":["GET"]}}],"collection":[{"href":"https:\/\/nordicmart.andreevmaster.com\/fi\/wp-json\/wp\/v2\/product"}],"about":[{"href":"https:\/\/nordicmart.andreevmaster.com\/fi\/wp-json\/wp\/v2\/types\/product"}],"replies":[{"embeddable":true,"href":"https:\/\/nordicmart.andreevmaster.com\/fi\/wp-json\/wp\/v2\/comments?post=38651"}],"wp:featuredmedia":[{"embeddable":true,"href":"https:\/\/nordicmart.andreevmaster.com\/fi\/wp-json\/wp\/v2\/media\/46408"}],"wp:attachment":[{"href":"https:\/\/nordicmart.andreevmaster.com\/fi\/wp-json\/wp\/v2\/media?parent=38651"}],"wp:term":[{"taxonomy":"product_brand","embeddable":true,"href":"https:\/\/nordicmart.andreevmaster.com\/fi\/wp-json\/wp\/v2\/product_brand?post=38651"},{"taxonomy":"product_cat","embeddable":true,"href":"https:\/\/nordicmart.andreevmaster.com\/fi\/wp-json\/wp\/v2\/product_cat?post=38651"},{"taxonomy":"product_tag","embeddable":true,"href":"https:\/\/nordicmart.andreevmaster.com\/fi\/wp-json\/wp\/v2\/product_tag?post=38651"}],"curies":[{"name":"wp","href":"https:\/\/api.w.org\/{rel}","templated":true}]}}