{"id":38650,"date":"2026-02-27T00:45:06","date_gmt":"2026-02-27T00:45:06","guid":{"rendered":"https:\/\/nordicmart.andreevmaster.com\/product\/songmics-taitettava-kuntopyora\/"},"modified":"2026-02-27T10:00:22","modified_gmt":"2026-02-27T10:00:22","slug":"songmics-taitettava-kuntopyora","status":"publish","type":"product","link":"https:\/\/nordicmart.andreevmaster.com\/fi\/tuote\/songmics-taitettava-kuntopyora\/","title":{"rendered":"SONGMICS taitettava kuntopy\u00f6r\u00e4"},"content":{"rendered":"<p>Harjoittele syd\u00e4mell\u00e4si: SONGMICS-kuntopy\u00f6r\u00e4n avulla voit vahvistaa verenkiertoasi, harjoitella tehokkaasti lihaksia ja kest\u00e4vyytt\u00e4, v\u00e4hent\u00e4\u00e4 stressi\u00e4 ja edist\u00e4\u00e4 tervett\u00e4 ruoansulatusta. T\u00e4m\u00e4n kuntopy\u00f6r\u00e4n ansiosta sinun ei en\u00e4\u00e4 tarvitse juosta puistossa pakkasessa tai rasittaa polviasi juoksumatoilla. Pid\u00e4 kiinni t\u00e4st\u00e4 kuntopy\u00f6r\u00e4st\u00e4 ja suorita tehokas syd\u00e4ntreeni mukavasti kotona. Harjoittele \u00e4\u00e4rimm\u00e4isen mukavasti: t\u00e4m\u00e4 SONGMICS:n taitettava kuntopy\u00f6r\u00e4 sopii henkil\u00f6ille, joiden paino on enint\u00e4\u00e4n 100 kg, ja se on varustettu mukavalla, leve\u00e4ll\u00e4 ja s\u00e4\u00e4dett\u00e4v\u00e4ll\u00e4 satulalla. N\u00e4in voit polttaa kaloreita ilman ep\u00e4mukavuutta. Pid\u00e4 t\u00e4rke\u00e4t tiedot silm\u00e4ll\u00e4: suurelta n\u00e4yt\u00f6lt\u00e4 n\u00e4et, kuinka pitk\u00e4n matkan olet jo kulkenut, kuinka nopea olet, kuinka monta kaloria olet kuluttanut ja mik\u00e4 on sykkeesi. Tartu vain ohjaustankoon, jossa on sis\u00e4\u00e4nrakennetut sykesensorit, ja seuraa sykett\u00e4si harjoituksen aikana. Tuotetiedot: V\u00e4ri: valkoinen Materiaali: ter\u00e4s, muovi N\u00e4yt\u00f6n tiedot: syke, nopeus, kesto, kuljettu matka, matkamittari, kulutetut kalorit Vastukset: 8 magneettista vastusasetusta Koko: 78 x 41 x 113 cm (P x L x K)Koko taitettuna: 35 x 41 x 133 cm (P x L x K)Paino: 15 kgK\u00e4ytt\u00e4j\u00e4n enimm\u00e4ispaino: 100 kgK\u00e4ytt\u00e4j\u00e4n enimm\u00e4ispituus: 1,85 mS\u00e4\u00e4dett\u00e4v\u00e4n satulan korkeus: 73\u201386 cmLattian maton mitat: 120 x 60 x 0,4 cm (P x L x K)Lattian maton materiaali: PVCL\u00e4hetys sis\u00e4lt\u00e4\u00e4:1 x kuntopy\u00f6r\u00e41 x lattian matto2 x paristo1 x lis\u00e4varustepaketti1 x k\u00e4ytt\u00f6ohjeSONGMICS Huomautukset:Turvallisuus- ja terveysohjeet! Henkil\u00f6t, joilla on syd\u00e4n- ja verisuonitauteja ja\/tai aivohalvauspotilaat, eiv\u00e4t saa k\u00e4ytt\u00e4\u00e4 t\u00e4t\u00e4 tuotetta. T\u00e4m\u00e4 tuote ei sovellu lapsille. Venyttele ennen kuin aloitat harjoittelun t\u00e4ll\u00e4 py\u00f6r\u00e4ll\u00e4. S\u00e4ilyt\u00e4 tuotetta pystyasennossa. \u00c4l\u00e4 laita sit\u00e4 lattialle. K\u00e4yt\u00e4 tuotetta vain kuivalla ja tasaisella alustalla.<\/p>\n","protected":false},"excerpt":{"rendered":"<p>SONGMICS kuntopy\u00f6r\u00e4, kotikuntoiluv\u00e4lineet, kotikuntoiluv\u00e4lineet, taitettava, 8 magneettista vastusasetusta, lattiamatto, sykemittari, matkapuhelinteline, kantavuus 100 kg, valkoinen SXB011W01<\/p>\n","protected":false},"featured_media":46407,"comment_status":"open","ping_status":"closed","template":"","meta":[],"product_brand":[],"product_cat":[32],"product_tag":[],"class_list":{"0":"post-38650","1":"product","2":"type-product","3":"status-publish","4":"has-post-thumbnail","6":"product_cat-uncategorized-fi","8":"first","9":"instock","10":"shipping-taxable","11":"purchasable","12":"product-type-simple"},"_links":{"self":[{"href":"https:\/\/nordicmart.andreevmaster.com\/fi\/wp-json\/wp\/v2\/product\/38650","targetHints":{"allow":["GET"]}}],"collection":[{"href":"https:\/\/nordicmart.andreevmaster.com\/fi\/wp-json\/wp\/v2\/product"}],"about":[{"href":"https:\/\/nordicmart.andreevmaster.com\/fi\/wp-json\/wp\/v2\/types\/product"}],"replies":[{"embeddable":true,"href":"https:\/\/nordicmart.andreevmaster.com\/fi\/wp-json\/wp\/v2\/comments?post=38650"}],"wp:featuredmedia":[{"embeddable":true,"href":"https:\/\/nordicmart.andreevmaster.com\/fi\/wp-json\/wp\/v2\/media\/46407"}],"wp:attachment":[{"href":"https:\/\/nordicmart.andreevmaster.com\/fi\/wp-json\/wp\/v2\/media?parent=38650"}],"wp:term":[{"taxonomy":"product_brand","embeddable":true,"href":"https:\/\/nordicmart.andreevmaster.com\/fi\/wp-json\/wp\/v2\/product_brand?post=38650"},{"taxonomy":"product_cat","embeddable":true,"href":"https:\/\/nordicmart.andreevmaster.com\/fi\/wp-json\/wp\/v2\/product_cat?post=38650"},{"taxonomy":"product_tag","embeddable":true,"href":"https:\/\/nordicmart.andreevmaster.com\/fi\/wp-json\/wp\/v2\/product_tag?post=38650"}],"curies":[{"name":"wp","href":"https:\/\/api.w.org\/{rel}","templated":true}]}}