{"id":38648,"date":"2026-02-27T00:45:05","date_gmt":"2026-02-27T00:45:05","guid":{"rendered":"https:\/\/nordicmart.andreevmaster.com\/product\/songmics-painopenkki-musta-punainen\/"},"modified":"2026-02-27T10:00:21","modified_gmt":"2026-02-27T10:00:21","slug":"songmics-painopenkki-musta-punainen","status":"publish","type":"product","link":"https:\/\/nordicmart.andreevmaster.com\/fi\/tuote\/songmics-painopenkki-musta-punainen\/","title":{"rendered":"SONGMICS painopenkki musta-punainen"},"content":{"rendered":"<p>Tuotetiedot: Materiaali: jauhemaalattu ter\u00e4s, PU-p\u00e4\u00e4llinen, tihe\u00e4 vaahtomuovi Selk\u00e4nojan mitat: 30 x 75 cm (P x L) Istuimen mitat: 29 x 30,5 cm (P x L) Selk\u00e4nojan ja istuimen paksuus: 5 cm Istuinkorkeus: 56 cm Toimitus sis\u00e4lt\u00e4\u00e4: 1 x painopenkki 2 x joustava k\u00f6ysi 1 x lis\u00e4varustepaketti 1 x ohjeet (DE, EN, FR, ES, IT)SONGMICS Huomautukset:T\u00e4m\u00e4 tuote ei sovellu henkil\u00f6ille, joilla on korkea verenpaine, syd\u00e4n- ja verisuonitaudit tai aivoverisuonisairaudet.Turvallisuussyist\u00e4 lapset eiv\u00e4t saa kiivet\u00e4 tuotteelle tai leikki\u00e4 sill\u00e4.Varmista ennen k\u00e4ytt\u00f6\u00e4, ett\u00e4 tuote on ehj\u00e4. Ennen harjoittelua on suositeltavaa tehd\u00e4 l\u00e4mmittelyharjoituksia. K\u00e4yt\u00e4 tuotetta vain kuivalla ja tasaisella alustalla. Kun tuotetta ei k\u00e4ytet\u00e4, taitele penkki kokoon ja s\u00e4ilyt\u00e4 sit\u00e4 pystyasennossa.<\/p>\n","protected":false},"excerpt":{"rendered":"<p>SONGMICS painopenkki, harjoituspenkki, kallistettava penkki, s\u00e4\u00e4dett\u00e4v\u00e4, taitettava, 7-asentoinen kallistettava selk\u00e4noja, monitoiminen, kotiharjoitteluun, 2 joustavaa k\u00f6ytt\u00e4, painoharjoitukset, musta-punainen SWB801R01<\/p>\n","protected":false},"featured_media":46405,"comment_status":"open","ping_status":"closed","template":"","meta":[],"product_brand":[],"product_cat":[32],"product_tag":[],"class_list":{"0":"post-38648","1":"product","2":"type-product","3":"status-publish","4":"has-post-thumbnail","6":"product_cat-uncategorized-fi","8":"first","9":"instock","10":"shipping-taxable","11":"purchasable","12":"product-type-simple"},"_links":{"self":[{"href":"https:\/\/nordicmart.andreevmaster.com\/fi\/wp-json\/wp\/v2\/product\/38648","targetHints":{"allow":["GET"]}}],"collection":[{"href":"https:\/\/nordicmart.andreevmaster.com\/fi\/wp-json\/wp\/v2\/product"}],"about":[{"href":"https:\/\/nordicmart.andreevmaster.com\/fi\/wp-json\/wp\/v2\/types\/product"}],"replies":[{"embeddable":true,"href":"https:\/\/nordicmart.andreevmaster.com\/fi\/wp-json\/wp\/v2\/comments?post=38648"}],"wp:featuredmedia":[{"embeddable":true,"href":"https:\/\/nordicmart.andreevmaster.com\/fi\/wp-json\/wp\/v2\/media\/46405"}],"wp:attachment":[{"href":"https:\/\/nordicmart.andreevmaster.com\/fi\/wp-json\/wp\/v2\/media?parent=38648"}],"wp:term":[{"taxonomy":"product_brand","embeddable":true,"href":"https:\/\/nordicmart.andreevmaster.com\/fi\/wp-json\/wp\/v2\/product_brand?post=38648"},{"taxonomy":"product_cat","embeddable":true,"href":"https:\/\/nordicmart.andreevmaster.com\/fi\/wp-json\/wp\/v2\/product_cat?post=38648"},{"taxonomy":"product_tag","embeddable":true,"href":"https:\/\/nordicmart.andreevmaster.com\/fi\/wp-json\/wp\/v2\/product_tag?post=38648"}],"curies":[{"name":"wp","href":"https:\/\/api.w.org\/{rel}","templated":true}]}}