{"id":38647,"date":"2026-02-27T00:45:05","date_gmt":"2026-02-27T00:45:05","guid":{"rendered":"https:\/\/nordicmart.andreevmaster.com\/product\/swanderful-stripes-lakanat-40x90\/"},"modified":"2026-02-27T10:00:21","modified_gmt":"2026-02-27T10:00:21","slug":"swanderful-stripes-lakanat-40x90","status":"publish","type":"product","link":"https:\/\/nordicmart.andreevmaster.com\/fi\/tuote\/swanderful-stripes-lakanat-40x90\/","title":{"rendered":"Swan&#8217;derful Stripes -lakanat 40&#215;90"},"content":{"rendered":"<p>Laadukas puuvillainen lakanapyyhe. Lakanan harmaa ja valkoinen v\u00e4rimaailma sopii l\u00e4hes jokaiseen s\u00e4nkyyn ja sopii sek\u00e4 pojille ett\u00e4 tyt\u00f6ille.<br \/>\nDiagonaalinen raidallinen kuvio on dynaaminen ja kiinnitt\u00e4\u00e4 huomion. Se tuo v\u00e4ri\u00e4 jopa yksinkertaiseen, moderniin s\u00e4nkyyn, sek\u00e4 tyt\u00f6ille ett\u00e4 pojille. Lakana pysyy hyvin patjalla hyvin istuvan kuminauhan ansiosta, mik\u00e4 takaa lapsellesi mukavan unen. Valmistuksessa k\u00e4ytetty puuvilla on hell\u00e4varainen lapsen tai vastasyntyneen iholle. <\/p>\n<p>**Yksityiskohdat:**<br \/>\n\u2022 suunniteltu ja valmistettu Puolassa<br \/>\n\u2022 painetut elementit eiv\u00e4t haalistu (edes toistuvien pesujen j\u00e4lkeen)<br \/>\n\u2022 100 % puuvillaa, langan paino 150 g\/m2 ja Oeko-Tex Standard 100 IW 00034 -sertifikaatti<br \/>\n\u2022 pesul\u00e4mp\u00f6tila: 30\u02da C<\/p>\n<p>**Koko:<br \/>\n**- 40&#215;90**<\/p>\n<p>Saatavilla olevat koot:**\u2022 60&#215;120 cm \u2022 90&#215;200 cm<\/p>\n","protected":false},"excerpt":{"rendered":"<p>Laadukas puuvillainen lakanapyyhe. Lakanan harmaa ja valkoinen v\u00e4rimaailma sopii l\u00e4hes jokaiseen s\u00e4nkyyn ja sopii sek\u00e4 pojille ett\u00e4 tyt\u00f6ille. Diagonaalinen raidallinen kuvio on dynaaminen ja kiinnitt\u00e4\u00e4 huomion. Se tuo v\u00e4ri\u00e4 jopa yksinkertaiseen, moderniin s\u00e4nkyyn, sek\u00e4 tyt\u00f6ille ett\u00e4 pojille. Lakana pysyy hyvin patjalla hyvin istuvan kuminauhan ansiosta, mik\u00e4 takaa lapsellesi mukavan unen. Valmistuksessa k\u00e4ytetty puuvilla on hell\u00e4varainen [&hellip;]<\/p>\n","protected":false},"featured_media":0,"comment_status":"open","ping_status":"closed","template":"","meta":[],"product_brand":[],"product_cat":[32],"product_tag":[],"class_list":{"0":"post-38647","1":"product","2":"type-product","3":"status-publish","5":"product_cat-uncategorized-fi","7":"first","8":"instock","9":"shipping-taxable","10":"purchasable","11":"product-type-simple"},"_links":{"self":[{"href":"https:\/\/nordicmart.andreevmaster.com\/fi\/wp-json\/wp\/v2\/product\/38647","targetHints":{"allow":["GET"]}}],"collection":[{"href":"https:\/\/nordicmart.andreevmaster.com\/fi\/wp-json\/wp\/v2\/product"}],"about":[{"href":"https:\/\/nordicmart.andreevmaster.com\/fi\/wp-json\/wp\/v2\/types\/product"}],"replies":[{"embeddable":true,"href":"https:\/\/nordicmart.andreevmaster.com\/fi\/wp-json\/wp\/v2\/comments?post=38647"}],"wp:attachment":[{"href":"https:\/\/nordicmart.andreevmaster.com\/fi\/wp-json\/wp\/v2\/media?parent=38647"}],"wp:term":[{"taxonomy":"product_brand","embeddable":true,"href":"https:\/\/nordicmart.andreevmaster.com\/fi\/wp-json\/wp\/v2\/product_brand?post=38647"},{"taxonomy":"product_cat","embeddable":true,"href":"https:\/\/nordicmart.andreevmaster.com\/fi\/wp-json\/wp\/v2\/product_cat?post=38647"},{"taxonomy":"product_tag","embeddable":true,"href":"https:\/\/nordicmart.andreevmaster.com\/fi\/wp-json\/wp\/v2\/product_tag?post=38647"}],"curies":[{"name":"wp","href":"https:\/\/api.w.org\/{rel}","templated":true}]}}