{"id":38644,"date":"2026-02-27T00:45:04","date_gmt":"2026-02-27T00:45:04","guid":{"rendered":"https:\/\/nordicmart.andreevmaster.com\/product\/songmics-trampoliini-305-cm-puutarhatrampoliini-turvaverkolla\/"},"modified":"2026-02-27T10:00:21","modified_gmt":"2026-02-27T10:00:21","slug":"songmics-trampoliini-305-cm-puutarhatrampoliini-turvaverkolla","status":"publish","type":"product","link":"https:\/\/nordicmart.andreevmaster.com\/fi\/tuote\/songmics-trampoliini-305-cm-puutarhatrampoliini-turvaverkolla\/","title":{"rendered":"SONGMICS trampoliini 305 cm, puutarhatrampoliini, turvaverkolla"},"content":{"rendered":"<p>On kiistatonta, ett\u00e4 trampoliini on eritt\u00e4in mielenkiintoinen lelu lapsillesi. SONGMICS-trampoliini erottuu trampoliinimarkkinoilla erinomaisella tuotteen laadulla, joka saa lapset nauramaan ja takaa turvallisuuden hyppimisen aikana. SONGMICS-trampoliini on T\u00dcV Rheinlandin sertifioima (sertifikaatin numero: S 50396839), joten voit luottaa puutarhatrampoliinin turvallisuuteen. Trampoliinin kest\u00e4vyys, turvallisuus ja erinomainen hyppykokemus ovat tavoitteemme. Trampoliini koostuu useista osista: hyppymatto, reunapeite, turvaverkko, tukikehikko.Tuotetiedot: Maks. kantavuus: 150 kg Kehyksen korkeus: noin 76 cm Valmistettu korkealaatuisesta, ruostumattomasta galvanoidusta ter\u00e4sputkesta 64 galvanoitua ter\u00e4sjousia Vedenpit\u00e4v\u00e4 ja UV-kest\u00e4v\u00e4 reunapeite Korkealaatuinen turvaverkko Korkealaatuinen hyppymatto \u2013 UV-kest\u00e4v\u00e4 Tukikehys on pehmustettu EPE-vaahtomuovilla<\/p>\n","protected":false},"excerpt":{"rendered":"<p>Trampoliini 305 cm, puutarhatrampoliini, turvaverkko, reunapeite, tikkaat, 180 cm korkeat suorat tangot, ter\u00e4srunko, sininen<\/p>\n","protected":false},"featured_media":46402,"comment_status":"open","ping_status":"closed","template":"","meta":[],"product_brand":[],"product_cat":[32],"product_tag":[],"class_list":{"0":"post-38644","1":"product","2":"type-product","3":"status-publish","4":"has-post-thumbnail","6":"product_cat-uncategorized-fi","8":"first","9":"instock","10":"shipping-taxable","11":"purchasable","12":"product-type-simple"},"_links":{"self":[{"href":"https:\/\/nordicmart.andreevmaster.com\/fi\/wp-json\/wp\/v2\/product\/38644","targetHints":{"allow":["GET"]}}],"collection":[{"href":"https:\/\/nordicmart.andreevmaster.com\/fi\/wp-json\/wp\/v2\/product"}],"about":[{"href":"https:\/\/nordicmart.andreevmaster.com\/fi\/wp-json\/wp\/v2\/types\/product"}],"replies":[{"embeddable":true,"href":"https:\/\/nordicmart.andreevmaster.com\/fi\/wp-json\/wp\/v2\/comments?post=38644"}],"wp:featuredmedia":[{"embeddable":true,"href":"https:\/\/nordicmart.andreevmaster.com\/fi\/wp-json\/wp\/v2\/media\/46402"}],"wp:attachment":[{"href":"https:\/\/nordicmart.andreevmaster.com\/fi\/wp-json\/wp\/v2\/media?parent=38644"}],"wp:term":[{"taxonomy":"product_brand","embeddable":true,"href":"https:\/\/nordicmart.andreevmaster.com\/fi\/wp-json\/wp\/v2\/product_brand?post=38644"},{"taxonomy":"product_cat","embeddable":true,"href":"https:\/\/nordicmart.andreevmaster.com\/fi\/wp-json\/wp\/v2\/product_cat?post=38644"},{"taxonomy":"product_tag","embeddable":true,"href":"https:\/\/nordicmart.andreevmaster.com\/fi\/wp-json\/wp\/v2\/product_tag?post=38644"}],"curies":[{"name":"wp","href":"https:\/\/api.w.org\/{rel}","templated":true}]}}