{"id":38641,"date":"2026-02-27T00:45:03","date_gmt":"2026-02-27T00:45:03","guid":{"rendered":"https:\/\/nordicmart.andreevmaster.com\/product\/songmics-trampoliini-183-cm-puutarhatrampoliini-turvaverkolla\/"},"modified":"2026-02-27T10:00:20","modified_gmt":"2026-02-27T10:00:20","slug":"songmics-trampoliini-183-cm-puutarhatrampoliini-turvaverkolla","status":"publish","type":"product","link":"https:\/\/nordicmart.andreevmaster.com\/fi\/tuote\/songmics-trampoliini-183-cm-puutarhatrampoliini-turvaverkolla\/","title":{"rendered":"SONGMICS trampoliini 183 cm, puutarhatrampoliini, turvaverkolla"},"content":{"rendered":"<p>Trampoliini 305 cm, puutarhatrampoliini, turvaverkko, reunapeite, tikkaat, 180 cm korkeat suorat tangot, ter\u00e4srunko, sininen<br \/>\nTuotetiedot:<br \/>\n&#8211; V\u00e4ri: vaaleanpunainen<br \/>\n&#8211; Materiaali:<br \/>\n&#8211; Runko: galvanoidut ter\u00e4sputket<br \/>\n&#8211; Reunapeite: 500D PVC, 15 mm paksu EPE-vaahtomuovi, 130 g\/m\u00b2 PE<br \/>\n&#8211; Hyppymatto: PP<br \/>\n&#8211; Turvaverkko: 95 g\/m\u00b2 PE<br \/>\n&#8211; Tankojen suojaus: PE-vaahtomuovipehmuste, PVC-suojakotelo<br \/>\n&#8211; Jousi: galvanoitu ter\u00e4s<br \/>\n&#8211; Koko: 183 cm (halkaisija), 230 cm (korkeus)<br \/>\n&#8211; Kehyksen korkeus: 50 cm<br \/>\n&#8211; Hyppyalueen halkaisija: 129 cm<br \/>\n&#8211; Tangon korkeus: 180 cm<br \/>\n&#8211; Paino: 28 kg<br \/>\n&#8211; Maks. kantavuus: 100 kg<\/p>\n<p>Toimitus sis\u00e4lt\u00e4\u00e4:<br \/>\n&#8211; 1 x trampoliini, halkaisija 183 cm<br \/>\n&#8211; 1 x tikkaat<br \/>\n&#8211; 1 x lis\u00e4varustepaketti<br \/>\n&#8211; 1 x asennusty\u00f6kalusetti<br \/>\n&#8211; 1 x ohjeet<\/p>\n<p>Huomautukset:<br \/>\n&#8211; Trampoliinia saa k\u00e4ytt\u00e4\u00e4 vain yksi henkil\u00f6 kerrallaan.<br \/>\n&#8211; \u00c4l\u00e4 tee trampoliinilla volttia.<br \/>\n&#8211; Puutarhatrampoliini sopii vain yli 6-vuotiaille lapsille.<\/p>\n","protected":false},"excerpt":{"rendered":"<p>Trampoliini 305 cm, puutarhatrampoliini, turvaverkko, reunapeite, tikkaat, 180 cm korkeat suorat tangot, ter\u00e4srunko, sininen<\/p>\n","protected":false},"featured_media":46399,"comment_status":"open","ping_status":"closed","template":"","meta":[],"product_brand":[],"product_cat":[32],"product_tag":[],"class_list":{"0":"post-38641","1":"product","2":"type-product","3":"status-publish","4":"has-post-thumbnail","6":"product_cat-uncategorized-fi","8":"first","9":"instock","10":"shipping-taxable","11":"purchasable","12":"product-type-simple"},"_links":{"self":[{"href":"https:\/\/nordicmart.andreevmaster.com\/fi\/wp-json\/wp\/v2\/product\/38641","targetHints":{"allow":["GET"]}}],"collection":[{"href":"https:\/\/nordicmart.andreevmaster.com\/fi\/wp-json\/wp\/v2\/product"}],"about":[{"href":"https:\/\/nordicmart.andreevmaster.com\/fi\/wp-json\/wp\/v2\/types\/product"}],"replies":[{"embeddable":true,"href":"https:\/\/nordicmart.andreevmaster.com\/fi\/wp-json\/wp\/v2\/comments?post=38641"}],"wp:featuredmedia":[{"embeddable":true,"href":"https:\/\/nordicmart.andreevmaster.com\/fi\/wp-json\/wp\/v2\/media\/46399"}],"wp:attachment":[{"href":"https:\/\/nordicmart.andreevmaster.com\/fi\/wp-json\/wp\/v2\/media?parent=38641"}],"wp:term":[{"taxonomy":"product_brand","embeddable":true,"href":"https:\/\/nordicmart.andreevmaster.com\/fi\/wp-json\/wp\/v2\/product_brand?post=38641"},{"taxonomy":"product_cat","embeddable":true,"href":"https:\/\/nordicmart.andreevmaster.com\/fi\/wp-json\/wp\/v2\/product_cat?post=38641"},{"taxonomy":"product_tag","embeddable":true,"href":"https:\/\/nordicmart.andreevmaster.com\/fi\/wp-json\/wp\/v2\/product_tag?post=38641"}],"curies":[{"name":"wp","href":"https:\/\/api.w.org\/{rel}","templated":true}]}}