{"id":38639,"date":"2026-02-27T00:45:03","date_gmt":"2026-02-27T00:45:03","guid":{"rendered":"https:\/\/nordicmart.andreevmaster.com\/product\/songmics-trampoliini-244-cm-musta-sininen\/"},"modified":"2026-02-27T10:00:19","modified_gmt":"2026-02-27T10:00:19","slug":"songmics-trampoliini-244-cm-musta-sininen","status":"publish","type":"product","link":"https:\/\/nordicmart.andreevmaster.com\/fi\/tuote\/songmics-trampoliini-244-cm-musta-sininen\/","title":{"rendered":"SONGMICS trampoliini 244 cm musta-sininen"},"content":{"rendered":"<p>Hauskaa puutarhassa! T\u00e4m\u00e4 244 cm:n trampoliini on t\u00e4ydellinen valinta, kun haluat viett\u00e4\u00e4 l\u00e4mpim\u00e4n iltap\u00e4iv\u00e4n puutarhassa hyppim\u00e4ll\u00e4 (tai jopa harrastamalla hieman kuntoilua). Anna my\u00f6s lastesi hypell\u00e4 syd\u00e4mens\u00e4 kyllyydest\u00e4 t\u00e4ll\u00e4 SONGMICS-trampoliinilla, kun sin\u00e4 otat aurinkoa tai grillaat iloisesti.  Turvallisuus on etusijalla Trampoliinilla hyppiminen on tietysti ennen kaikkea hauskaa. Turvallisuus ei kuitenkaan saa j\u00e4\u00e4d\u00e4 liian v\u00e4h\u00e4lle huomiolle. Siksi t\u00e4m\u00e4 trampoliini on varustettu eritt\u00e4in tihe\u00e4ll\u00e4 turvaverkolla, joka vaimentaa iskuja erityisen hyvin. Lis\u00e4ksi verkon tangot ja jouset on peitetty EPE-vaahtomuovilla, mik\u00e4 v\u00e4hent\u00e4\u00e4 loukkaantumisriski\u00e4.  Jos sinulla on lis\u00e4kysymyksi\u00e4 t\u00e4st\u00e4 trampoliinista, ota meihin yhteytt\u00e4. Vastaamme sinulle mahdollisimman pian.  Tuotetiedot\uff1a &#8211; V\u00e4ri: musta, sininen &#8211; Halkaisija: 244 cm &#8211; Rungon materiaali: galvanoitu ter\u00e4sputki &#8211; Hyppymaton materiaali: polypropeeni (265 g\/m2) &#8211; Turvapehmusteen materiaali: PVC (310 g\/m2) + EPE-vaahtomuovi &#8211; Et\u00e4isyys maasta trampoliinin pintaan: 59 cm &#8211; Maks. kantavuus: 80 kg  Toimitus sis\u00e4lt\u00e4\u00e4\uff1a &#8211; 1 x trampoliini \u00d8 244 cm &#8211; 1 x tikkaat &#8211; 1 x lis\u00e4varustepussi &#8211; 1 x ohjeet (DE, EN, FR, ES, IT)  SONGMICS-ohjeet\uff1a &#8211; Trampoliinia saa k\u00e4ytt\u00e4\u00e4 vain yksi henkil\u00f6 kerrallaan.  &#8211; \u00c4l\u00e4 tee trampoliinilla volttia. &#8211; \u00c4l\u00e4 roiku turvaverkon yl\u00e4reunassa. &#8211; Poista kaikki ter\u00e4v\u00e4t tai ter\u00e4vi\u00e4 esineit\u00e4 ennen trampoliinille nousemista. &#8211; Trampoliini ei sovellu alle 3-vuotiaille lapsille. EAN: 6955880353040<\/p>\n","protected":false},"excerpt":{"rendered":"<p>SONGMICS puutarhatrampoliini \u00d8 244 cm, py\u00f6re\u00e4 trampoliini turvaverkolla, pehmustetuilla tangoilla, turvakansi, T\u00dcV Rheinland -testattu, turvallinen, ulkok\u00e4ytt\u00f6\u00f6n, musta, sininen STR8FT<\/p>\n","protected":false},"featured_media":46398,"comment_status":"open","ping_status":"closed","template":"","meta":[],"product_brand":[],"product_cat":[32],"product_tag":[],"class_list":{"0":"post-38639","1":"product","2":"type-product","3":"status-publish","4":"has-post-thumbnail","6":"product_cat-uncategorized-fi","8":"first","9":"instock","10":"shipping-taxable","11":"purchasable","12":"product-type-simple"},"_links":{"self":[{"href":"https:\/\/nordicmart.andreevmaster.com\/fi\/wp-json\/wp\/v2\/product\/38639","targetHints":{"allow":["GET"]}}],"collection":[{"href":"https:\/\/nordicmart.andreevmaster.com\/fi\/wp-json\/wp\/v2\/product"}],"about":[{"href":"https:\/\/nordicmart.andreevmaster.com\/fi\/wp-json\/wp\/v2\/types\/product"}],"replies":[{"embeddable":true,"href":"https:\/\/nordicmart.andreevmaster.com\/fi\/wp-json\/wp\/v2\/comments?post=38639"}],"wp:featuredmedia":[{"embeddable":true,"href":"https:\/\/nordicmart.andreevmaster.com\/fi\/wp-json\/wp\/v2\/media\/46398"}],"wp:attachment":[{"href":"https:\/\/nordicmart.andreevmaster.com\/fi\/wp-json\/wp\/v2\/media?parent=38639"}],"wp:term":[{"taxonomy":"product_brand","embeddable":true,"href":"https:\/\/nordicmart.andreevmaster.com\/fi\/wp-json\/wp\/v2\/product_brand?post=38639"},{"taxonomy":"product_cat","embeddable":true,"href":"https:\/\/nordicmart.andreevmaster.com\/fi\/wp-json\/wp\/v2\/product_cat?post=38639"},{"taxonomy":"product_tag","embeddable":true,"href":"https:\/\/nordicmart.andreevmaster.com\/fi\/wp-json\/wp\/v2\/product_tag?post=38639"}],"curies":[{"name":"wp","href":"https:\/\/api.w.org\/{rel}","templated":true}]}}