{"id":38638,"date":"2026-02-27T00:45:02","date_gmt":"2026-02-27T00:45:02","guid":{"rendered":"https:\/\/nordicmart.andreevmaster.com\/product\/songmics-puutarhatrampoliini-verkolla-o-244-cm\/"},"modified":"2026-02-27T10:00:19","modified_gmt":"2026-02-27T10:00:19","slug":"songmics-puutarhatrampoliini-verkolla-o-244-cm","status":"publish","type":"product","link":"https:\/\/nordicmart.andreevmaster.com\/fi\/tuote\/songmics-puutarhatrampoliini-verkolla-o-244-cm\/","title":{"rendered":"SONGMICS puutarhatrampoliini verkolla \u00d8 244 cm"},"content":{"rendered":"<p>SONGMICS on tehnyt nime\u00e4 trampoliinialalla valmistamalla juuri niit\u00e4 korkealaatuisia tuotteita, joita t\u00e4llaisia hyppylaitteita k\u00e4ytt\u00e4v\u00e4t asiakkaat odottavat. Jauhemaalatulla rungolla, kaarevilla tangoilla ja tihe\u00e4silm\u00e4isell\u00e4 verkolla varustettu malli tarjoaa erinomaisen hyppykokemuksen sek\u00e4 hauskuutta ja turvallisuutta. Hauskuudesta ja turvallisuudesta puheen ollen, uskomme, ett\u00e4 ne eiv\u00e4t sulje toisiaan pois. Siksi suunnittelemme trampoliinimme mahdollisimman turvallisiksi, jotta sinun ei tarvitse huolehtia, kun lapsesi leikkiv\u00e4t iloisesti trampoliinilla. T\u00e4m\u00e4 sarja sis\u00e4lt\u00e4\u00e4 hyppymaton, turvaverkon, jousien suojapeitteen, tukitangot ja tikkaat. 244 cm:n trampoliini kest\u00e4\u00e4 jopa 80 kg:n painon. Joten aikuisillakaan ei ole en\u00e4\u00e4 tekosyyt\u00e4 olla hypp\u00e4\u00e4m\u00e4tt\u00e4 trampoliinille. Trampoliinimme sopivat koko perheelle \u2013 joten ulos ja pit\u00e4m\u00e4\u00e4n hauskaa! Tuotetiedot: Maks. kantavuus: 80 kg Korkeus maanpinnasta trampoliinin pintaan: 59 cm Sinkitty laatuter\u00e4s Sinkkipinnoitetut jouset Kest\u00e4v\u00e4, vedenpit\u00e4v\u00e4 ja UV-kest\u00e4v\u00e4 turvakansi Laadukas turvaverkko tiheill\u00e4 silmill\u00e4 Kest\u00e4v\u00e4 hyppymatto \u2013 testattu 5000 tuntia UV-valossa EPE-vaahtomuovilla p\u00e4\u00e4llystetyt, kaarevat tukitangot<\/p>\n","protected":false},"excerpt":{"rendered":"<p>SONGMICS puutarhatrampoliini \u00d8 244 cm, py\u00f6re\u00e4 trampoliini turvaverkolla, pehmustetuilla tangoilla, turvakansi, T\u00dcV Rheinland -testattu, turvallinen, ulkok\u00e4ytt\u00f6\u00f6n, musta, sininen STR8FT<\/p>\n","protected":false},"featured_media":46397,"comment_status":"open","ping_status":"closed","template":"","meta":[],"product_brand":[],"product_cat":[32],"product_tag":[],"class_list":{"0":"post-38638","1":"product","2":"type-product","3":"status-publish","4":"has-post-thumbnail","6":"product_cat-uncategorized-fi","8":"first","9":"instock","10":"shipping-taxable","11":"purchasable","12":"product-type-simple"},"_links":{"self":[{"href":"https:\/\/nordicmart.andreevmaster.com\/fi\/wp-json\/wp\/v2\/product\/38638","targetHints":{"allow":["GET"]}}],"collection":[{"href":"https:\/\/nordicmart.andreevmaster.com\/fi\/wp-json\/wp\/v2\/product"}],"about":[{"href":"https:\/\/nordicmart.andreevmaster.com\/fi\/wp-json\/wp\/v2\/types\/product"}],"replies":[{"embeddable":true,"href":"https:\/\/nordicmart.andreevmaster.com\/fi\/wp-json\/wp\/v2\/comments?post=38638"}],"wp:featuredmedia":[{"embeddable":true,"href":"https:\/\/nordicmart.andreevmaster.com\/fi\/wp-json\/wp\/v2\/media\/46397"}],"wp:attachment":[{"href":"https:\/\/nordicmart.andreevmaster.com\/fi\/wp-json\/wp\/v2\/media?parent=38638"}],"wp:term":[{"taxonomy":"product_brand","embeddable":true,"href":"https:\/\/nordicmart.andreevmaster.com\/fi\/wp-json\/wp\/v2\/product_brand?post=38638"},{"taxonomy":"product_cat","embeddable":true,"href":"https:\/\/nordicmart.andreevmaster.com\/fi\/wp-json\/wp\/v2\/product_cat?post=38638"},{"taxonomy":"product_tag","embeddable":true,"href":"https:\/\/nordicmart.andreevmaster.com\/fi\/wp-json\/wp\/v2\/product_tag?post=38638"}],"curies":[{"name":"wp","href":"https:\/\/api.w.org\/{rel}","templated":true}]}}