{"id":38637,"date":"2026-02-27T00:45:02","date_gmt":"2026-02-27T00:45:02","guid":{"rendered":"https:\/\/nordicmart.andreevmaster.com\/product\/songmics-trampoliini-o-183-cm-musta-sininen\/"},"modified":"2026-02-27T10:00:19","modified_gmt":"2026-02-27T10:00:19","slug":"songmics-trampoliini-o-183-cm-musta-sininen","status":"publish","type":"product","link":"https:\/\/nordicmart.andreevmaster.com\/fi\/tuote\/songmics-trampoliini-o-183-cm-musta-sininen\/","title":{"rendered":"SONGMICS trampoliini \u00d8 183 cm musta-sininen"},"content":{"rendered":"<p>Hauskaa puutarhassa! T\u00e4m\u00e4 183 cm:n ulkotrampoliini on t\u00e4ydellinen valinta l\u00e4mpim\u00e4n iltap\u00e4iv\u00e4n puutarhahupailuun ja hyppimiseen (tai jopa pieneen kuntoiluun). Anna my\u00f6s lastesi hypell\u00e4 syd\u00e4mens\u00e4 kyllyydest\u00e4 t\u00e4ll\u00e4 SONGMICS-trampoliinilla, kun sin\u00e4 otat aurinkoa tai grillaat iloisesti. Turvallisuus on etusijalla: Trampoliinilla hyppiminen on tietysti ennen kaikkea hauskaa. Turvallisuus ei kuitenkaan saa j\u00e4\u00e4d\u00e4 liian v\u00e4h\u00e4lle huomiolle. Siksi t\u00e4m\u00e4 trampoliini on varustettu eritt\u00e4in tihe\u00e4ll\u00e4 turvaverkolla, joka vaimentaa iskuja erityisen hyvin. Lis\u00e4ksi verkon tangot ja jouset on peitetty EPE-vaahtomuovilla, mik\u00e4 v\u00e4hent\u00e4\u00e4 loukkaantumisriski\u00e4. Tuotetiedot: V\u00e4ri: musta-sininen Halkaisija: 183 cm Rungon materiaali: galvanoitu ter\u00e4sputki Hyppymaton materiaali: polypropeeni (265 g\/\u33a1) Turvapehmusteen materiaali: PVC (310 g\/\u33a1), EPE-vaahtomuovi Et\u00e4isyys lattiasta trampoliinin pintaan: 50 cm Maks. staattinen kantavuus: 100 kg Toimitus sis\u00e4lt\u00e4\u00e4: 1 x trampoliini \u00d8 183 cm 1 x lis\u00e4varustepaketti 1 x asennusty\u00f6kalusetti 1 x ohjeet SONGMICSin huomautukset: Trampoliinia saa k\u00e4ytt\u00e4\u00e4 vain yksi henkil\u00f6 kerrallaan. Useiden henkil\u00f6iden samanaikainen k\u00e4ytt\u00f6 voi aiheuttaa loukkaantumisia. \u00c4l\u00e4 tee trampoliinilla volttia. \u00c4l\u00e4 roiku turvaverkon yl\u00e4reunassa. Poista kaikki ter\u00e4v\u00e4t tai ter\u00e4vi\u00e4 esineit\u00e4 ennen trampoliinille nousemista. Trampoliini ei sovellu alle 6-vuotiaiden lasten k\u00e4ytt\u00f6\u00f6n. Vain yksityisk\u00e4ytt\u00f6\u00f6n.<\/p>\n","protected":false},"excerpt":{"rendered":"<p>SONGMICS Ultrasport puutarhatrampoliini Uni-Jump, lasten trampoliini 4-vuotiaille ja sit\u00e4 vanhemmille, ulkoleikkiv\u00e4line, trampoliinin t\u00e4ydellinen sarja, sis\u00e4lt\u00e4\u00e4 hyppymaton, turvaverkon, pehmustetut verkonpylv\u00e4\u00e4t ja reunapeitteen, sininen, \u00d8 183 cm<\/p>\n","protected":false},"featured_media":46396,"comment_status":"open","ping_status":"closed","template":"","meta":[],"product_brand":[],"product_cat":[32],"product_tag":[],"class_list":{"0":"post-38637","1":"product","2":"type-product","3":"status-publish","4":"has-post-thumbnail","6":"product_cat-uncategorized-fi","8":"first","9":"instock","10":"shipping-taxable","11":"purchasable","12":"product-type-simple"},"_links":{"self":[{"href":"https:\/\/nordicmart.andreevmaster.com\/fi\/wp-json\/wp\/v2\/product\/38637","targetHints":{"allow":["GET"]}}],"collection":[{"href":"https:\/\/nordicmart.andreevmaster.com\/fi\/wp-json\/wp\/v2\/product"}],"about":[{"href":"https:\/\/nordicmart.andreevmaster.com\/fi\/wp-json\/wp\/v2\/types\/product"}],"replies":[{"embeddable":true,"href":"https:\/\/nordicmart.andreevmaster.com\/fi\/wp-json\/wp\/v2\/comments?post=38637"}],"wp:featuredmedia":[{"embeddable":true,"href":"https:\/\/nordicmart.andreevmaster.com\/fi\/wp-json\/wp\/v2\/media\/46396"}],"wp:attachment":[{"href":"https:\/\/nordicmart.andreevmaster.com\/fi\/wp-json\/wp\/v2\/media?parent=38637"}],"wp:term":[{"taxonomy":"product_brand","embeddable":true,"href":"https:\/\/nordicmart.andreevmaster.com\/fi\/wp-json\/wp\/v2\/product_brand?post=38637"},{"taxonomy":"product_cat","embeddable":true,"href":"https:\/\/nordicmart.andreevmaster.com\/fi\/wp-json\/wp\/v2\/product_cat?post=38637"},{"taxonomy":"product_tag","embeddable":true,"href":"https:\/\/nordicmart.andreevmaster.com\/fi\/wp-json\/wp\/v2\/product_tag?post=38637"}],"curies":[{"name":"wp","href":"https:\/\/api.w.org\/{rel}","templated":true}]}}