{"id":38636,"date":"2026-02-27T00:45:02","date_gmt":"2026-02-27T00:45:02","guid":{"rendered":"https:\/\/nordicmart.andreevmaster.com\/product\/songmics-trampoliini-verkolla-o-427-cm\/"},"modified":"2026-02-27T10:00:18","modified_gmt":"2026-02-27T10:00:18","slug":"songmics-trampoliini-verkolla-o-427-cm","status":"publish","type":"product","link":"https:\/\/nordicmart.andreevmaster.com\/fi\/tuote\/songmics-trampoliini-verkolla-o-427-cm\/","title":{"rendered":"SONGMICS trampoliini verkolla \u00d8 427 cm"},"content":{"rendered":"<p>Tuotetiedot: V\u00e4ri: musta, sininen Halkaisija: 427 cm Rungon materiaali: galvanoitu ter\u00e4sputki Hyppymaton materiaali: polypropeeni (265 g\/m2) Turvapehmusteen materiaali: PVC (310 g\/m2) + EPE-vaahtomuovi Et\u00e4isyys maasta trampoliinin pintaan: 90 cm Maks. kantavuus: 150 kg Toimitus sis\u00e4lt\u00e4\u00e4: 1 x trampoliini \u00d8 427 cm (toimitus 3 paketissa) 1 x tikkaat 1 x lis\u00e4varustepussi 1 x ohjeet (DE, EN, FR, ES, IT) SONGMICS Huomautukset:Trampoliinia saa k\u00e4ytt\u00e4\u00e4 vain yksi henkil\u00f6 kerrallaan. Useiden henkil\u00f6iden samanaikainen k\u00e4ytt\u00f6 voi aiheuttaa loukkaantumisia. \u00c4l\u00e4 tee trampoliinilla volttia. \u00c4l\u00e4 roiku turvaverkon yl\u00e4reunassa. Poista kaikki ter\u00e4v\u00e4t tai ter\u00e4vi\u00e4 esineit\u00e4 ennen trampoliinille nousemista. Trampoliini ei sovellu alle 6-vuotiaiden lasten k\u00e4ytt\u00f6\u00f6n. Vain yksityisk\u00e4ytt\u00f6\u00f6n.<\/p>\n","protected":false},"excerpt":{"rendered":"<p>SONGMICS puutarhatrampoliini \u00d8 244 cm, py\u00f6re\u00e4 trampoliini turvaverkolla, pehmustetuilla tangoilla, turvakansi, T\u00dcV Rheinland -testattu, turvallinen, ulkok\u00e4ytt\u00f6\u00f6n, musta, sininen STR8FT<\/p>\n","protected":false},"featured_media":46714,"comment_status":"open","ping_status":"closed","template":"","meta":[],"product_brand":[],"product_cat":[32],"product_tag":[],"class_list":{"0":"post-38636","1":"product","2":"type-product","3":"status-publish","4":"has-post-thumbnail","6":"product_cat-uncategorized-fi","8":"first","9":"instock","10":"shipping-taxable","11":"purchasable","12":"product-type-simple"},"_links":{"self":[{"href":"https:\/\/nordicmart.andreevmaster.com\/fi\/wp-json\/wp\/v2\/product\/38636","targetHints":{"allow":["GET"]}}],"collection":[{"href":"https:\/\/nordicmart.andreevmaster.com\/fi\/wp-json\/wp\/v2\/product"}],"about":[{"href":"https:\/\/nordicmart.andreevmaster.com\/fi\/wp-json\/wp\/v2\/types\/product"}],"replies":[{"embeddable":true,"href":"https:\/\/nordicmart.andreevmaster.com\/fi\/wp-json\/wp\/v2\/comments?post=38636"}],"wp:featuredmedia":[{"embeddable":true,"href":"https:\/\/nordicmart.andreevmaster.com\/fi\/wp-json\/wp\/v2\/media\/46714"}],"wp:attachment":[{"href":"https:\/\/nordicmart.andreevmaster.com\/fi\/wp-json\/wp\/v2\/media?parent=38636"}],"wp:term":[{"taxonomy":"product_brand","embeddable":true,"href":"https:\/\/nordicmart.andreevmaster.com\/fi\/wp-json\/wp\/v2\/product_brand?post=38636"},{"taxonomy":"product_cat","embeddable":true,"href":"https:\/\/nordicmart.andreevmaster.com\/fi\/wp-json\/wp\/v2\/product_cat?post=38636"},{"taxonomy":"product_tag","embeddable":true,"href":"https:\/\/nordicmart.andreevmaster.com\/fi\/wp-json\/wp\/v2\/product_tag?post=38636"}],"curies":[{"name":"wp","href":"https:\/\/api.w.org\/{rel}","templated":true}]}}