{"id":38635,"date":"2026-02-27T00:45:02","date_gmt":"2026-02-27T00:45:02","guid":{"rendered":"https:\/\/nordicmart.andreevmaster.com\/product\/songmics-trampoliini-o-427-cm-turvaverkko-ja-tikkaat\/"},"modified":"2026-02-27T10:00:18","modified_gmt":"2026-02-27T10:00:18","slug":"songmics-trampoliini-o-427-cm-turvaverkko-ja-tikkaat","status":"publish","type":"product","link":"https:\/\/nordicmart.andreevmaster.com\/fi\/tuote\/songmics-trampoliini-o-427-cm-turvaverkko-ja-tikkaat\/","title":{"rendered":"SONGMICS trampoliini \u00d8 427 cm, turvaverkko ja tikkaat"},"content":{"rendered":"<p>SONGMICS trampoliini 366 cm, py\u00f6re\u00e4 puutarhatrampoliini turvaverkolla ja tikkailla, pehmustettu runko, lapsille ja aikuisille, sis\u00e4verkko, T\u00dcV-sertifikaatti, GS,<br \/>\nV\u00e4ri: musta-sininen<br \/>\nMateriaali:<br \/>\nRunko: galvanoidut ter\u00e4sputket<br \/>\nReunan suojus: 500D PVC, 15 mm paksu EPE-vaahtomuovi, 130 g\/m\u00b2 PE<br \/>\nHyppymatto: PP<br \/>\nTurvaverkko: 95 g\/m\u00b2 PE<br \/>\nTankojen suojaus: PE-vaahtomuovipehmuste, PVC-suojakotelo<br \/>\nJousi: Galvanoitu ter\u00e4s<br \/>\nKoko: 427 cm (halkaisija), 270 cm (korkeus)<br \/>\nRungon korkeus: 90 cm<br \/>\nHyppyalueen halkaisija: 373 cm<br \/>\nTankojen korkeus: 180 cm<br \/>\nPaino: 66,7 kg<br \/>\nMaks. kantavuus: 150 kg<\/p>\n","protected":false},"excerpt":{"rendered":"<p>SONGMICS trampoliini 366 cm, py\u00f6re\u00e4 puutarhatrampoliini turvaverkolla ja tikkailla, pehmustettu runko, lapsille ja aikuisille, sis\u00e4verkko, T\u00dcV-sertifikaatti, GS,<\/p>\n","protected":false},"featured_media":46395,"comment_status":"open","ping_status":"closed","template":"","meta":[],"product_brand":[],"product_cat":[32],"product_tag":[],"class_list":{"0":"post-38635","1":"product","2":"type-product","3":"status-publish","4":"has-post-thumbnail","6":"product_cat-uncategorized-fi","8":"first","9":"instock","10":"shipping-taxable","11":"purchasable","12":"product-type-simple"},"_links":{"self":[{"href":"https:\/\/nordicmart.andreevmaster.com\/fi\/wp-json\/wp\/v2\/product\/38635","targetHints":{"allow":["GET"]}}],"collection":[{"href":"https:\/\/nordicmart.andreevmaster.com\/fi\/wp-json\/wp\/v2\/product"}],"about":[{"href":"https:\/\/nordicmart.andreevmaster.com\/fi\/wp-json\/wp\/v2\/types\/product"}],"replies":[{"embeddable":true,"href":"https:\/\/nordicmart.andreevmaster.com\/fi\/wp-json\/wp\/v2\/comments?post=38635"}],"wp:featuredmedia":[{"embeddable":true,"href":"https:\/\/nordicmart.andreevmaster.com\/fi\/wp-json\/wp\/v2\/media\/46395"}],"wp:attachment":[{"href":"https:\/\/nordicmart.andreevmaster.com\/fi\/wp-json\/wp\/v2\/media?parent=38635"}],"wp:term":[{"taxonomy":"product_brand","embeddable":true,"href":"https:\/\/nordicmart.andreevmaster.com\/fi\/wp-json\/wp\/v2\/product_brand?post=38635"},{"taxonomy":"product_cat","embeddable":true,"href":"https:\/\/nordicmart.andreevmaster.com\/fi\/wp-json\/wp\/v2\/product_cat?post=38635"},{"taxonomy":"product_tag","embeddable":true,"href":"https:\/\/nordicmart.andreevmaster.com\/fi\/wp-json\/wp\/v2\/product_tag?post=38635"}],"curies":[{"name":"wp","href":"https:\/\/api.w.org\/{rel}","templated":true}]}}