{"id":38626,"date":"2026-02-27T00:44:59","date_gmt":"2026-02-27T00:44:59","guid":{"rendered":"https:\/\/nordicmart.andreevmaster.com\/product\/songmics-trampoliini-o-366-cm-vetoketjulla-viidakonvihrea\/"},"modified":"2026-02-27T10:00:16","modified_gmt":"2026-02-27T10:00:16","slug":"songmics-trampoliini-o-366-cm-vetoketjulla-viidakonvihrea","status":"publish","type":"product","link":"https:\/\/nordicmart.andreevmaster.com\/fi\/tuote\/songmics-trampoliini-o-366-cm-vetoketjulla-viidakonvihrea\/","title":{"rendered":"SONGMICS trampoliini \u00d8 366 cm vetoketjulla, viidakonvihre\u00e4"},"content":{"rendered":"<p>SONGMICS jousiton trampoliini \u00d8 244\/305\/366 cm, ulkotrampoliini lapsille, joustavat k\u00f6ydet, vetoketjullinen turvaverkko, lasikuitutangot, turvallinen, hiljainen<br \/>\nV\u00e4ri: viidakonvihre\u00e4<br \/>\nMateriaali:<br \/>\nRunko: galvanoidut ter\u00e4sputket<br \/>\nReunan suojus: PVC-muovi, 3 mm paksu EPE-vaahtomuovi, PP-muovi<br \/>\nHyppymatto: PP<br \/>\nTurvaverkko: 90 g\/m\u00b2 PE<br \/>\nTangot: Lasikuitutangot, EPE-vaahtomuovi<br \/>\nKoko: 366 x 270 cm (\u00d8 x H)<br \/>\nRungon korkeus: 90 cm<br \/>\nHyppyalueen halkaisija: 312 cm<br \/>\nTankojen korkeus: 180 cm<br \/>\nPaino: 57 kg<br \/>\nMaks. kantavuus: 150 kg<\/p>\n","protected":false},"excerpt":{"rendered":"<p>SONGMICS jousiton trampoliini \u00d8 244\/305\/366 cm, ulkotrampoliini lapsille, joustavat k\u00f6ydet, vetoketjullinen turvaverkko, lasikuitutangot, turvallinen, hiljainen<\/p>\n","protected":false},"featured_media":0,"comment_status":"open","ping_status":"closed","template":"","meta":[],"product_brand":[],"product_cat":[32],"product_tag":[],"class_list":{"0":"post-38626","1":"product","2":"type-product","3":"status-publish","5":"product_cat-uncategorized-fi","7":"first","8":"instock","9":"shipping-taxable","10":"purchasable","11":"product-type-simple"},"_links":{"self":[{"href":"https:\/\/nordicmart.andreevmaster.com\/fi\/wp-json\/wp\/v2\/product\/38626","targetHints":{"allow":["GET"]}}],"collection":[{"href":"https:\/\/nordicmart.andreevmaster.com\/fi\/wp-json\/wp\/v2\/product"}],"about":[{"href":"https:\/\/nordicmart.andreevmaster.com\/fi\/wp-json\/wp\/v2\/types\/product"}],"replies":[{"embeddable":true,"href":"https:\/\/nordicmart.andreevmaster.com\/fi\/wp-json\/wp\/v2\/comments?post=38626"}],"wp:attachment":[{"href":"https:\/\/nordicmart.andreevmaster.com\/fi\/wp-json\/wp\/v2\/media?parent=38626"}],"wp:term":[{"taxonomy":"product_brand","embeddable":true,"href":"https:\/\/nordicmart.andreevmaster.com\/fi\/wp-json\/wp\/v2\/product_brand?post=38626"},{"taxonomy":"product_cat","embeddable":true,"href":"https:\/\/nordicmart.andreevmaster.com\/fi\/wp-json\/wp\/v2\/product_cat?post=38626"},{"taxonomy":"product_tag","embeddable":true,"href":"https:\/\/nordicmart.andreevmaster.com\/fi\/wp-json\/wp\/v2\/product_tag?post=38626"}],"curies":[{"name":"wp","href":"https:\/\/api.w.org\/{rel}","templated":true}]}}