{"id":38623,"date":"2026-02-27T00:44:58","date_gmt":"2026-02-27T00:44:58","guid":{"rendered":"https:\/\/nordicmart.andreevmaster.com\/product\/songmics-trampoliini-366-cm-tummansininen\/"},"modified":"2026-02-27T10:00:16","modified_gmt":"2026-02-27T10:00:16","slug":"songmics-trampoliini-366-cm-tummansininen","status":"publish","type":"product","link":"https:\/\/nordicmart.andreevmaster.com\/fi\/tuote\/songmics-trampoliini-366-cm-tummansininen\/","title":{"rendered":"SONGMICS trampoliini 366 cm tummansininen"},"content":{"rendered":"<p>Hauskaa puutarhassa: t\u00e4m\u00e4 SONGMICS-trampoliini tarjoaa sinulle ja perheellesi ensiluokkaisen pomppukokemuksen. Koska turvallisuus on meille t\u00e4rke\u00e4\u00e4, galvanoitu ja jauhemaalattu alusta on vakaa ja ruostumaton. Nelj\u00e4 W-muotoista tukijalkaa pit\u00e4v\u00e4t hyppymaton tasapainossa. T\u00e4m\u00e4 hyppylaite on tietysti erinomainen lahja lapsillesi. Mutta tietysti voit my\u00f6s itse hyp\u00e4t\u00e4, sill\u00e4 trampoliini kest\u00e4\u00e4 jopa 150 kg:n painon. Toimitus sis\u00e4lt\u00e4\u00e4 hyppymaton, reunapeitteen, turvaverkon, tukitangot ja tikkaat \u2013 kaiken, mit\u00e4 tarvitset hauskanpitoon ulkona!Tuotetiedot: V\u00e4ri: tummansininen Materiaali: Jalat, turvaverkon reuna: galvanoitu, jauhemaalattu ter\u00e4s Rungon ulkorenkaan, T-muotoiset liitoskappaleet: galvanoitu ter\u00e4s Jouset: sinkki Tikkaat: PP-muovi (0,9 g\/cm\u00b3), ter\u00e4sputki Hyppymatto: PP-muovi (265 g\/m\u00b2)Reunan peite: PVC (310 g\/m\u00b2), EPE-vaahtomuoviTurvaverkko: PE-muovi (95 g\/m\u00b2)Mitat:Runko hyppyalueella: 366 x 90 cm (\u00d8 x H)Turvaverkko: 180 cm (H)Tikkaat: 41 x 105 cm (L x K) Et\u00e4isyys lattiasta trampoliinin pintaan: 90 cm Maks. staattinen kantavuus: 150 kg Toimitus sis\u00e4lt\u00e4\u00e4: 1 x trampoliini 1 x tikkaat 1 x lis\u00e4varustepaketti 1 x ohjeet<\/p>\n","protected":false},"excerpt":{"rendered":"<p>SONGMICS trampoliini 366 cm, py\u00f6re\u00e4 puutarhatrampoliini turvaverkolla ja tikkailla, pehmustettu runko, lapsille ja aikuisille, sis\u00e4verkko, T\u00dcV-sertifikaatti, GS,<\/p>\n","protected":false},"featured_media":46711,"comment_status":"open","ping_status":"closed","template":"","meta":[],"product_brand":[],"product_cat":[32],"product_tag":[],"class_list":{"0":"post-38623","1":"product","2":"type-product","3":"status-publish","4":"has-post-thumbnail","6":"product_cat-uncategorized-fi","8":"first","9":"instock","10":"shipping-taxable","11":"purchasable","12":"product-type-simple"},"_links":{"self":[{"href":"https:\/\/nordicmart.andreevmaster.com\/fi\/wp-json\/wp\/v2\/product\/38623","targetHints":{"allow":["GET"]}}],"collection":[{"href":"https:\/\/nordicmart.andreevmaster.com\/fi\/wp-json\/wp\/v2\/product"}],"about":[{"href":"https:\/\/nordicmart.andreevmaster.com\/fi\/wp-json\/wp\/v2\/types\/product"}],"replies":[{"embeddable":true,"href":"https:\/\/nordicmart.andreevmaster.com\/fi\/wp-json\/wp\/v2\/comments?post=38623"}],"wp:featuredmedia":[{"embeddable":true,"href":"https:\/\/nordicmart.andreevmaster.com\/fi\/wp-json\/wp\/v2\/media\/46711"}],"wp:attachment":[{"href":"https:\/\/nordicmart.andreevmaster.com\/fi\/wp-json\/wp\/v2\/media?parent=38623"}],"wp:term":[{"taxonomy":"product_brand","embeddable":true,"href":"https:\/\/nordicmart.andreevmaster.com\/fi\/wp-json\/wp\/v2\/product_brand?post=38623"},{"taxonomy":"product_cat","embeddable":true,"href":"https:\/\/nordicmart.andreevmaster.com\/fi\/wp-json\/wp\/v2\/product_cat?post=38623"},{"taxonomy":"product_tag","embeddable":true,"href":"https:\/\/nordicmart.andreevmaster.com\/fi\/wp-json\/wp\/v2\/product_tag?post=38623"}],"curies":[{"name":"wp","href":"https:\/\/api.w.org\/{rel}","templated":true}]}}