{"id":38622,"date":"2026-02-27T00:44:57","date_gmt":"2026-02-27T00:44:57","guid":{"rendered":"https:\/\/nordicmart.andreevmaster.com\/product\/songmics-trampoliini-suuri-o-366-cm-sisaverkolla\/"},"modified":"2026-02-27T10:00:15","modified_gmt":"2026-02-27T10:00:15","slug":"songmics-trampoliini-suuri-o-366-cm-sisaverkolla","status":"publish","type":"product","link":"https:\/\/nordicmart.andreevmaster.com\/fi\/tuote\/songmics-trampoliini-suuri-o-366-cm-sisaverkolla\/","title":{"rendered":"SONGMICS trampoliini, suuri, \u00d8 366 cm, sis\u00e4verkolla"},"content":{"rendered":"<p>Hauskaa puutarhassa Vuodesta 2021 l\u00e4htien t\u00e4m\u00e4 malli on saatavana koossa \u00d8 366 cm! SONGMICS-trampoliinit \u2013 ensiluokkainen pomppukokemus koko perheelle. Koska turvallisuus on meille ensisijaisen t\u00e4rke\u00e4\u00e4, galvanoitu ja jauhemaalattu alusta on vakaa ja ruostumaton. Nelj\u00e4 W-muotoista tukijalkaa pit\u00e4v\u00e4t hyppymaton tasapainossa. T\u00e4m\u00e4 hyppylaite on tietysti erinomainen lahja lapsillesi. Mutta tietysti voit my\u00f6s itse hyp\u00e4t\u00e4, sill\u00e4 trampoliini kest\u00e4\u00e4 jopa 150 kg:n painon. Toimitukseen sis\u00e4ltyy hyppymatto, reunapeite, turvaverkko, tukitangot ja tikkaat \u2013 kaikki mit\u00e4 tarvitset ulkona hauskanpitoon! Tuotetiedot: &#8211; V\u00e4ri: musta-tummanvihre\u00e4 &#8211; Materiaali: &#8211; Jalat, turvaverkon reuna: galvanoitu, jauhemaalattu ter\u00e4s &#8211; Rungon ulompi rengas, T-muotoiset liitoskappaleet: sinkitty ter\u00e4s &#8211; Jouset: sinkki &#8211; Tikkaat: PP-muovi (0,9 g\/cm\u00b3), ter\u00e4sputki &#8211; Hyppymatto: PP-muovi (265 g\/m\u00b2) &#8211; Reunapeite: PVC (310 g\/m\u00b2), EPE-vaahtomuovi &#8211; Turvaverkko: PE-muovi (95 g\/m\u00b2)- Mitat:- Runko hyppyalueella: 366 x 90 cm (\u00d8 x H)- Turvaverkko: 180 cm (H)- Tikkaat: 41 x 119 cm (L x H)- Et\u00e4isyys lattiasta trampoliinin pintaan: 90 cm- Paino: 57 kg (28,4 + 28,6 kg) &#8211; Maks. staattinen kantavuus: 150 kg Toimitus sis\u00e4lt\u00e4\u00e4: 2 pakettia &#8211; 1 x trampoliini &#8211; 1 x tikkaat &#8211; 1 x lis\u00e4varustepaketti &#8211; 1 x ohjeet (DE, EN, IT, FR, ES)<\/p>\n","protected":false},"excerpt":{"rendered":"<p>SONGMICS trampoliini 366 cm, py\u00f6re\u00e4 puutarhatrampoliini turvaverkolla ja tikkailla, pehmustettu runko, lapsille ja aikuisille, sis\u00e4verkko, T\u00dcV-sertifikaatti, GS,<\/p>\n","protected":false},"featured_media":46388,"comment_status":"open","ping_status":"closed","template":"","meta":[],"product_brand":[],"product_cat":[32],"product_tag":[],"class_list":{"0":"post-38622","1":"product","2":"type-product","3":"status-publish","4":"has-post-thumbnail","6":"product_cat-uncategorized-fi","8":"first","9":"instock","10":"shipping-taxable","11":"purchasable","12":"product-type-simple"},"_links":{"self":[{"href":"https:\/\/nordicmart.andreevmaster.com\/fi\/wp-json\/wp\/v2\/product\/38622","targetHints":{"allow":["GET"]}}],"collection":[{"href":"https:\/\/nordicmart.andreevmaster.com\/fi\/wp-json\/wp\/v2\/product"}],"about":[{"href":"https:\/\/nordicmart.andreevmaster.com\/fi\/wp-json\/wp\/v2\/types\/product"}],"replies":[{"embeddable":true,"href":"https:\/\/nordicmart.andreevmaster.com\/fi\/wp-json\/wp\/v2\/comments?post=38622"}],"wp:featuredmedia":[{"embeddable":true,"href":"https:\/\/nordicmart.andreevmaster.com\/fi\/wp-json\/wp\/v2\/media\/46388"}],"wp:attachment":[{"href":"https:\/\/nordicmart.andreevmaster.com\/fi\/wp-json\/wp\/v2\/media?parent=38622"}],"wp:term":[{"taxonomy":"product_brand","embeddable":true,"href":"https:\/\/nordicmart.andreevmaster.com\/fi\/wp-json\/wp\/v2\/product_brand?post=38622"},{"taxonomy":"product_cat","embeddable":true,"href":"https:\/\/nordicmart.andreevmaster.com\/fi\/wp-json\/wp\/v2\/product_cat?post=38622"},{"taxonomy":"product_tag","embeddable":true,"href":"https:\/\/nordicmart.andreevmaster.com\/fi\/wp-json\/wp\/v2\/product_tag?post=38622"}],"curies":[{"name":"wp","href":"https:\/\/api.w.org\/{rel}","templated":true}]}}