{"id":38621,"date":"2026-02-27T00:44:57","date_gmt":"2026-02-27T00:44:57","guid":{"rendered":"https:\/\/nordicmart.andreevmaster.com\/product\/songmics-puutarhatrampoliini-o-366-cm-turvaverkolla\/"},"modified":"2026-02-27T10:00:15","modified_gmt":"2026-02-27T10:00:15","slug":"songmics-puutarhatrampoliini-o-366-cm-turvaverkolla","status":"publish","type":"product","link":"https:\/\/nordicmart.andreevmaster.com\/fi\/tuote\/songmics-puutarhatrampoliini-o-366-cm-turvaverkolla\/","title":{"rendered":"SONGMICS puutarhatrampoliini \u00d8 366 cm turvaverkolla"},"content":{"rendered":"<p>Hauskaa puutarhassa! T\u00e4m\u00e4 366 cm:n trampoliini on t\u00e4ydellinen valinta l\u00e4mpim\u00e4n iltap\u00e4iv\u00e4n puutarhahupailuun ja hyppimiseen (tai jopa pieneen kuntoiluun). Anna my\u00f6s lastesi hypell\u00e4 syd\u00e4mens\u00e4 kyllyydest\u00e4 t\u00e4ll\u00e4 SONGMICS-trampoliinilla, kun sin\u00e4 otat aurinkoa tai grillaat iloisesti. Turvallisuus on etusijalla Trampoliinilla hyppiminen on tietysti ennen kaikkea hauskaa. Turvallisuus ei kuitenkaan saa j\u00e4\u00e4d\u00e4 liian v\u00e4h\u00e4lle huomiolle. Siksi t\u00e4m\u00e4 trampoliini on varustettu tihe\u00e4silm\u00e4isell\u00e4 turvaverkolla, joka vaimentaa iskuja erityisen hyvin. Lis\u00e4ksi verkon ulkoreunassa olevat tangot on peitetty EPE-vaahtomuovilla, mik\u00e4 v\u00e4hent\u00e4\u00e4 loukkaantumisriski\u00e4. Tuotetiedot:- V\u00e4ri: musta-oranssi &#8211; Halkaisija: 366 cm &#8211; Rungon materiaali: galvanoitu ter\u00e4sputki &#8211; Hyppymaton materiaali: polypropeeni (265 g\/\u33a1) &#8211; Turvapehmusteen materiaali: PVC (310 g\/\u33a1), EPE-vaahtomuovi &#8211; Et\u00e4isyys maasta trampoliinin pintaan: 90 cm &#8211; Maks. kuormituskyky: 150 kg. Toimitus sis\u00e4lt\u00e4\u00e4: &#8211; 1 x trampoliini \u00d8 366 cm &#8211; 1 x tikkaat &#8211; 1 x lis\u00e4varustepussi &#8211; 1 x ohjeet (DE, EN, FR, ES, IT) SONGMICS-ohjeet: &#8211; Trampoliinia saa k\u00e4ytt\u00e4\u00e4 vain yksi henkil\u00f6 kerrallaan. Useiden henkil\u00f6iden samanaikainen k\u00e4ytt\u00f6 voi aiheuttaa loukkaantumisia. &#8211; \u00c4l\u00e4 tee trampoliinilla volttia. &#8211; \u00c4l\u00e4 roiku turvaverkon yl\u00e4reunassa. &#8211; Poista kaikki ter\u00e4v\u00e4t tai ter\u00e4vi\u00e4 esineit\u00e4 ennen trampoliinille nousemista. &#8211; Trampoliini ei sovellu alle 3-vuotiaiden lasten k\u00e4ytt\u00f6\u00f6n. &#8211; Vain yksityisk\u00e4ytt\u00f6\u00f6n.<\/p>\n","protected":false},"excerpt":{"rendered":"<p>SONGMICS trampoliini \u00d8 305 cm, py\u00f6re\u00e4 puutarhatrampoliini turvaverkolla, tikkaat ja pehmustetut tangot, turvakansi,  ulkok\u00e4ytt\u00f6\u00f6n, musta, sininen STR10BK<\/p>\n","protected":false},"featured_media":46387,"comment_status":"open","ping_status":"closed","template":"","meta":[],"product_brand":[],"product_cat":[32],"product_tag":[],"class_list":{"0":"post-38621","1":"product","2":"type-product","3":"status-publish","4":"has-post-thumbnail","6":"product_cat-uncategorized-fi","8":"first","9":"instock","10":"shipping-taxable","11":"purchasable","12":"product-type-simple"},"_links":{"self":[{"href":"https:\/\/nordicmart.andreevmaster.com\/fi\/wp-json\/wp\/v2\/product\/38621","targetHints":{"allow":["GET"]}}],"collection":[{"href":"https:\/\/nordicmart.andreevmaster.com\/fi\/wp-json\/wp\/v2\/product"}],"about":[{"href":"https:\/\/nordicmart.andreevmaster.com\/fi\/wp-json\/wp\/v2\/types\/product"}],"replies":[{"embeddable":true,"href":"https:\/\/nordicmart.andreevmaster.com\/fi\/wp-json\/wp\/v2\/comments?post=38621"}],"wp:featuredmedia":[{"embeddable":true,"href":"https:\/\/nordicmart.andreevmaster.com\/fi\/wp-json\/wp\/v2\/media\/46387"}],"wp:attachment":[{"href":"https:\/\/nordicmart.andreevmaster.com\/fi\/wp-json\/wp\/v2\/media?parent=38621"}],"wp:term":[{"taxonomy":"product_brand","embeddable":true,"href":"https:\/\/nordicmart.andreevmaster.com\/fi\/wp-json\/wp\/v2\/product_brand?post=38621"},{"taxonomy":"product_cat","embeddable":true,"href":"https:\/\/nordicmart.andreevmaster.com\/fi\/wp-json\/wp\/v2\/product_cat?post=38621"},{"taxonomy":"product_tag","embeddable":true,"href":"https:\/\/nordicmart.andreevmaster.com\/fi\/wp-json\/wp\/v2\/product_tag?post=38621"}],"curies":[{"name":"wp","href":"https:\/\/api.w.org\/{rel}","templated":true}]}}