{"id":38619,"date":"2026-02-27T00:44:56","date_gmt":"2026-02-27T00:44:56","guid":{"rendered":"https:\/\/nordicmart.andreevmaster.com\/product\/songmics-trampoliini-366-cm-puutarhatrampoliini-lapsille-turvaverkko-180-cm-korkeat-kaarevat-tangot-reunapeite-tikkaat-terasrunko-musta-str122b01\/"},"modified":"2026-02-27T10:00:15","modified_gmt":"2026-02-27T10:00:15","slug":"songmics-trampoliini-366-cm-puutarhatrampoliini-lapsille-turvaverkko-180-cm-korkeat-kaarevat-tangot-reunapeite-tikkaat-terasrunko-musta-str122b01","status":"publish","type":"product","link":"https:\/\/nordicmart.andreevmaster.com\/fi\/tuote\/songmics-trampoliini-366-cm-puutarhatrampoliini-lapsille-turvaverkko-180-cm-korkeat-kaarevat-tangot-reunapeite-tikkaat-terasrunko-musta-str122b01\/","title":{"rendered":"SONGMICS trampoliini 366 cm, puutarhatrampoliini lapsille, turvaverkko, 180 cm korkeat kaarevat tangot, reunapeite, tikkaat, ter\u00e4srunko, musta STR122B01"},"content":{"rendered":"<p>Tuotetiedot:<\/p>\n<p>V\u00e4ri: musta<br \/>\nMateriaali<br \/>\nRunko: Sinkitty ter\u00e4sputki<br \/>\nReunan peite: 500D PVC, 15 mm paksu EPE-vaahtomuovi, 130 g\/m\u00b2 PE<br \/>\nHyppymatto: PP<br \/>\nTurvaverkko: 95 g\/m\u00b2 PE<br \/>\nTankojen suojaus: PE-vaahtomuovipehmuste, PVC-suojakotelo<br \/>\nJousi: Galvanoitu ter\u00e4s<br \/>\nKoko: 366 cm (halkaisija), 270 cm (korkeus)<br \/>\nRungon korkeus: 90 cm<br \/>\nHyppyalueen halkaisija: 312 cm<br \/>\nTankojen korkeus: 180 cm<br \/>\nPaino: 54,4 kg<br \/>\nMaks. kantavuus: 150 kg<br \/>\nToimitus sis\u00e4lt\u00e4\u00e4:<\/p>\n<p>1 x trampoliini (366 cm d)<br \/>\n1 x tikkaat<br \/>\n1 x lis\u00e4varustepaketti<br \/>\n1 x asennusty\u00f6kalusetti<br \/>\n1 x ohjeet<br \/>\nSONGMICS-huomautukset:<\/p>\n<p>Trampoliinia saa k\u00e4ytt\u00e4\u00e4 vain yksi henkil\u00f6 kerrallaan.<br \/>\n\u00c4l\u00e4 tee trampoliinilla volttia.<br \/>\nPuutarhatrampoliini sopii vain yli 6-vuotiaille lapsille.<\/p>\n","protected":false},"excerpt":{"rendered":"<p>Tuotetiedot: V\u00e4ri: musta Materiaali Runko: Sinkitty ter\u00e4sputki Reunan peite: 500D PVC, 15 mm paksu EPE-vaahtomuovi, 130 g\/m\u00b2 PE Hyppymatto: PP Turvaverkko: 95 g\/m\u00b2 PE Tankojen suojaus: PE-vaahtomuovipehmuste, PVC-suojakotelo Jousi: Galvanoitu ter\u00e4s Koko: 366 cm (halkaisija), 270 cm (korkeus) Rungon korkeus: 90 cm Hyppyalueen halkaisija: 312 cm Tankojen korkeus: 180 cm Paino: 54,4 kg Maks. kantavuus: [&hellip;]<\/p>\n","protected":false},"featured_media":46386,"comment_status":"open","ping_status":"closed","template":"","meta":[],"product_brand":[],"product_cat":[32],"product_tag":[],"class_list":{"0":"post-38619","1":"product","2":"type-product","3":"status-publish","4":"has-post-thumbnail","6":"product_cat-uncategorized-fi","8":"first","9":"instock","10":"shipping-taxable","11":"purchasable","12":"product-type-simple"},"_links":{"self":[{"href":"https:\/\/nordicmart.andreevmaster.com\/fi\/wp-json\/wp\/v2\/product\/38619","targetHints":{"allow":["GET"]}}],"collection":[{"href":"https:\/\/nordicmart.andreevmaster.com\/fi\/wp-json\/wp\/v2\/product"}],"about":[{"href":"https:\/\/nordicmart.andreevmaster.com\/fi\/wp-json\/wp\/v2\/types\/product"}],"replies":[{"embeddable":true,"href":"https:\/\/nordicmart.andreevmaster.com\/fi\/wp-json\/wp\/v2\/comments?post=38619"}],"wp:featuredmedia":[{"embeddable":true,"href":"https:\/\/nordicmart.andreevmaster.com\/fi\/wp-json\/wp\/v2\/media\/46386"}],"wp:attachment":[{"href":"https:\/\/nordicmart.andreevmaster.com\/fi\/wp-json\/wp\/v2\/media?parent=38619"}],"wp:term":[{"taxonomy":"product_brand","embeddable":true,"href":"https:\/\/nordicmart.andreevmaster.com\/fi\/wp-json\/wp\/v2\/product_brand?post=38619"},{"taxonomy":"product_cat","embeddable":true,"href":"https:\/\/nordicmart.andreevmaster.com\/fi\/wp-json\/wp\/v2\/product_cat?post=38619"},{"taxonomy":"product_tag","embeddable":true,"href":"https:\/\/nordicmart.andreevmaster.com\/fi\/wp-json\/wp\/v2\/product_tag?post=38619"}],"curies":[{"name":"wp","href":"https:\/\/api.w.org\/{rel}","templated":true}]}}