{"id":38615,"date":"2026-02-27T00:44:55","date_gmt":"2026-02-27T00:44:55","guid":{"rendered":"https:\/\/nordicmart.andreevmaster.com\/product\/songmics-trampoliini-o-305-cm-musta-sininen\/"},"modified":"2026-02-27T10:00:14","modified_gmt":"2026-02-27T10:00:14","slug":"songmics-trampoliini-o-305-cm-musta-sininen","status":"publish","type":"product","link":"https:\/\/nordicmart.andreevmaster.com\/fi\/tuote\/songmics-trampoliini-o-305-cm-musta-sininen\/","title":{"rendered":"SONGMICS trampoliini \u00d8  305 cm musta-sininen"},"content":{"rendered":"<p>On kiistatonta, ett\u00e4 trampoliini on eritt\u00e4in mielenkiintoinen lelu lapsillesi. SONGMICS-trampoliini erottuu trampoliinimarkkinoilla erinomaisella tuotteen laadulla, joka saa lapset nauramaan ja takaa turvallisuuden hyppimisen aikana. SONGMICS-trampoliini on T\u00dcV Rheinlandin sertifioima (sertifikaatin numero: S 50396839), joten voit luottaa puutarhatrampoliinin turvallisuuteen. Trampoliinin kest\u00e4vyys, turvallisuus ja erinomainen hyppykokemus ovat tavoitteemme. Trampoliini koostuu useista osista: hyppymatto, reunapeite, turvaverkko, tukikehikko.Tuotetiedot: Maks. kantavuus: 150 kg Kehyksen korkeus: noin 76 cm Valmistettu korkealaatuisesta, ruostumattomasta galvanoidusta ter\u00e4sputkesta 64 galvanoitua ter\u00e4sjousia Vedenpit\u00e4v\u00e4 ja UV-kest\u00e4v\u00e4 reunapeite Korkealaatuinen turvaverkko Korkealaatuinen hyppymatto \u2013 UV-kest\u00e4v\u00e4 Tukikehikon tangot on pehmustettu EPE-vaahtomuovilla<\/p>\n","protected":false},"excerpt":{"rendered":"<p>SONGMICS puutarhatrampoliini \u00d8 244 cm, py\u00f6re\u00e4 trampoliini turvaverkolla, pehmustetuilla tangoilla, turvakansi, T\u00dcV Rheinland -testattu, turvallinen, ulkok\u00e4ytt\u00f6\u00f6n, musta, sininen STR8FT<\/p>\n","protected":false},"featured_media":0,"comment_status":"open","ping_status":"closed","template":"","meta":[],"product_brand":[],"product_cat":[32],"product_tag":[],"class_list":{"0":"post-38615","1":"product","2":"type-product","3":"status-publish","5":"product_cat-uncategorized-fi","7":"first","8":"instock","9":"shipping-taxable","10":"purchasable","11":"product-type-simple"},"_links":{"self":[{"href":"https:\/\/nordicmart.andreevmaster.com\/fi\/wp-json\/wp\/v2\/product\/38615","targetHints":{"allow":["GET"]}}],"collection":[{"href":"https:\/\/nordicmart.andreevmaster.com\/fi\/wp-json\/wp\/v2\/product"}],"about":[{"href":"https:\/\/nordicmart.andreevmaster.com\/fi\/wp-json\/wp\/v2\/types\/product"}],"replies":[{"embeddable":true,"href":"https:\/\/nordicmart.andreevmaster.com\/fi\/wp-json\/wp\/v2\/comments?post=38615"}],"wp:attachment":[{"href":"https:\/\/nordicmart.andreevmaster.com\/fi\/wp-json\/wp\/v2\/media?parent=38615"}],"wp:term":[{"taxonomy":"product_brand","embeddable":true,"href":"https:\/\/nordicmart.andreevmaster.com\/fi\/wp-json\/wp\/v2\/product_brand?post=38615"},{"taxonomy":"product_cat","embeddable":true,"href":"https:\/\/nordicmart.andreevmaster.com\/fi\/wp-json\/wp\/v2\/product_cat?post=38615"},{"taxonomy":"product_tag","embeddable":true,"href":"https:\/\/nordicmart.andreevmaster.com\/fi\/wp-json\/wp\/v2\/product_tag?post=38615"}],"curies":[{"name":"wp","href":"https:\/\/api.w.org\/{rel}","templated":true}]}}